{"id":5195,"date":"2021-10-14T19:12:24","date_gmt":"2021-10-14T12:12:24","guid":{"rendered":"https:\/\/rentracks.com.vn\/?page_id=5195"},"modified":"2025-02-21T14:06:21","modified_gmt":"2025-02-21T07:06:21","slug":"bao-cao-toi-uu-chien-dich-affiliate","status":"publish","type":"page","link":"https:\/\/rentracks.com.vn\/en\/bao-cao-toi-uu-chien-dich-affiliate\/","title":{"rendered":"B\u00e1o c\u00e1o &#038; T\u1ed1i \u01b0u"},"content":{"rendered":"\t\t<div data-elementor-type=\"wp-page\" data-elementor-id=\"5195\" class=\"elementor elementor-5195\" data-elementor-post-type=\"page\">\n\t\t\t\t\t\t\t\t\t<section class=\"elementor-section elementor-top-section elementor-element elementor-element-4a59f516 elementor-section-boxed elementor-section-height-default elementor-section-height-default\" data-id=\"4a59f516\" data-element_type=\"section\" id=\"scroll-top\">\n\t\t\t\t\t\t<div class=\"elementor-container elementor-column-gap-default\">\n\t\t\t\t\t<div class=\"elementor-column elementor-col-50 elementor-top-column elementor-element elementor-element-23ef6dd3\" data-id=\"23ef6dd3\" data-element_type=\"column\">\n\t\t\t<div class=\"elementor-widget-wrap\">\n\t\t\t\t\t\t\t\t\t<\/div>\n\t\t<\/div>\n\t\t\t\t<div class=\"elementor-column elementor-col-50 elementor-top-column elementor-element elementor-element-48356d4f\" data-id=\"48356d4f\" data-element_type=\"column\">\n\t\t\t<div class=\"elementor-widget-wrap elementor-element-populated\">\n\t\t\t\t\t\t\t\t<div class=\"elementor-element elementor-element-3a3d7479 elementor-widget elementor-widget-heading\" data-id=\"3a3d7479\" data-element_type=\"widget\" data-widget_type=\"heading.default\">\n\t\t\t\t<div class=\"elementor-widget-container\">\n\t\t\t<h2 class=\"elementor-heading-title elementor-size-default\">B\u00c1O C\u00c1O &amp; T\u1ed0I \u01afU<\/h2>\t\t<\/div>\n\t\t\t\t<\/div>\n\t\t\t\t<div class=\"elementor-element elementor-element-5b6eedc6 elementor-widget elementor-widget-heading\" data-id=\"5b6eedc6\" data-element_type=\"widget\" data-widget_type=\"heading.default\">\n\t\t\t\t<div class=\"elementor-widget-container\">\n\t\t\t<h3 class=\"elementor-heading-title elementor-size-default\">(Nh\u00e0 ph\u00e2n ph\u1ed1i \/ Publisher)<\/h3>\t\t<\/div>\n\t\t\t\t<\/div>\n\t\t\t\t\t<\/div>\n\t\t<\/div>\n\t\t\t\t\t\t\t<\/div>\n\t\t<\/section>\n\t\t\t\t<section class=\"elementor-section elementor-top-section elementor-element elementor-element-3a09d0b0 elementor-section-boxed elementor-section-height-default elementor-section-height-default\" data-id=\"3a09d0b0\" data-element_type=\"section\">\n\t\t\t\t\t\t<div class=\"elementor-container elementor-column-gap-default\">\n\t\t\t\t\t<div class=\"elementor-column elementor-col-50 elementor-top-column elementor-element elementor-element-691f4bcd sticky-parent\" data-id=\"691f4bcd\" data-element_type=\"column\">\n\t\t\t<div class=\"elementor-widget-wrap elementor-element-populated\">\n\t\t\t\t\t\t\t\t<div class=\"elementor-element elementor-element-a8517b6 elementor-widget elementor-widget-shortcode\" data-id=\"a8517b6\" data-element_type=\"widget\" data-widget_type=\"shortcode.default\">\n\t\t\t\t<div class=\"elementor-widget-container\">\n\t\t\t\t\t<div class=\"elementor-shortcode\">\t\t<div data-elementor-type=\"section\" data-elementor-id=\"12269\" class=\"elementor elementor-12269\" data-elementor-post-type=\"elementor_library\">\n\t\t\t\t\t\t\t\t<section class=\"elementor-section elementor-inner-section elementor-element elementor-element-d201bac sticky-column elementor-section-boxed elementor-section-height-default elementor-section-height-default\" data-id=\"d201bac\" data-element_type=\"section\" data-settings=\"{&quot;background_background&quot;:&quot;classic&quot;}\">\n\t\t\t\t\t\t<div class=\"elementor-container elementor-column-gap-no\">\n\t\t\t\t\t<div class=\"elementor-column elementor-col-100 elementor-inner-column elementor-element elementor-element-2037d45\" data-id=\"2037d45\" data-element_type=\"column\" data-settings=\"{&quot;background_background&quot;:&quot;classic&quot;}\">\n\t\t\t<div class=\"elementor-widget-wrap elementor-element-populated\">\n\t\t\t\t\t\t\t\t<div class=\"elementor-element elementor-element-e65b2a2 elementor-widget elementor-widget-heading\" data-id=\"e65b2a2\" data-element_type=\"widget\" data-widget_type=\"heading.default\">\n\t\t\t\t<div class=\"elementor-widget-container\">\n\t\t\t<div class=\"elementor-heading-title elementor-size-small\"><a href=\"https:\/\/rentracks.com.vn\/huong-dan-thiet-lap-tai-khoan-nha-phan-phoi-publisher\/\">Thi\u1ebft l\u1eadp t\u00e0i kho\u1ea3n<\/a><\/div>\t\t<\/div>\n\t\t\t\t<\/div>\n\t\t\t\t<div class=\"elementor-element elementor-element-c46be80 elementor-widget elementor-widget-heading\" data-id=\"c46be80\" data-element_type=\"widget\" data-widget_type=\"heading.default\">\n\t\t\t\t<div class=\"elementor-widget-container\">\n\t\t\t<div class=\"elementor-heading-title elementor-size-small\"><a href=\"\/huong-dan-trang-chu-dashboard\/\">Trang ch\u1ee7 - Dashboard<\/a><\/div>\t\t<\/div>\n\t\t\t\t<\/div>\n\t\t\t\t<div class=\"elementor-element elementor-element-f8b967b elementor-widget-divider--view-line elementor-widget elementor-widget-divider\" data-id=\"f8b967b\" data-element_type=\"widget\" data-widget_type=\"divider.default\">\n\t\t\t\t<div class=\"elementor-widget-container\">\n\t\t\t\t\t<div class=\"elementor-divider\">\n\t\t\t<span class=\"elementor-divider-separator\">\n\t\t\t\t\t\t<\/span>\n\t\t<\/div>\n\t\t\t\t<\/div>\n\t\t\t\t<\/div>\n\t\t\t\t<div class=\"elementor-element elementor-element-9933454 elementor-widget elementor-widget-heading\" data-id=\"9933454\" data-element_type=\"widget\" data-widget_type=\"heading.default\">\n\t\t\t\t<div class=\"elementor-widget-container\">\n\t\t\t<div class=\"elementor-heading-title elementor-size-small\"><a href=\"\/trien-khai-chien-dich\/\">H\u01b0\u1edbng d\u1eabn tri\u1ec3n khai<\/a><\/div>\t\t<\/div>\n\t\t\t\t<\/div>\n\t\t\t\t<div class=\"elementor-element elementor-element-87d95dc elementor-widget-divider--view-line elementor-widget elementor-widget-divider\" data-id=\"87d95dc\" data-element_type=\"widget\" data-widget_type=\"divider.default\">\n\t\t\t\t<div class=\"elementor-widget-container\">\n\t\t\t\t\t<div class=\"elementor-divider\">\n\t\t\t<span class=\"elementor-divider-separator\">\n\t\t\t\t\t\t<\/span>\n\t\t<\/div>\n\t\t\t\t<\/div>\n\t\t\t\t<\/div>\n\t\t\t\t<div class=\"elementor-element elementor-element-e6b893f elementor-widget elementor-widget-heading\" data-id=\"e6b893f\" data-element_type=\"widget\" data-widget_type=\"heading.default\">\n\t\t\t\t<div class=\"elementor-widget-container\">\n\t\t\t<div class=\"elementor-heading-title elementor-size-small\"><a href=\"\/trien-khai-chien-dich\/\">\u0110\u0103ng k\u00fd tri\u1ec3n khai<\/a><\/div>\t\t<\/div>\n\t\t\t\t<\/div>\n\t\t\t\t<div class=\"elementor-element elementor-element-5798ca6 elementor-widget elementor-widget-heading\" data-id=\"5798ca6\" data-element_type=\"widget\" data-widget_type=\"heading.default\">\n\t\t\t\t<div class=\"elementor-widget-container\">\n\t\t\t<div class=\"elementor-heading-title elementor-size-small\"><a href=\"\/huong-dan-tao-affiliate-link\/\">T\u1ea1o affiliate link<\/a><\/div>\t\t<\/div>\n\t\t\t\t<\/div>\n\t\t\t\t<div class=\"elementor-element elementor-element-f052ae8 elementor-widget elementor-widget-heading\" data-id=\"f052ae8\" data-element_type=\"widget\" data-widget_type=\"heading.default\">\n\t\t\t\t<div class=\"elementor-widget-container\">\n\t\t\t<div class=\"elementor-heading-title elementor-size-small\"><a href=\"\/huong-dan-su-dung-conversion-api-tai-dashboard-rentracks\/\">Conversion API<\/a><\/div>\t\t<\/div>\n\t\t\t\t<\/div>\n\t\t\t\t<div class=\"elementor-element elementor-element-b692b42 elementor-widget elementor-widget-heading\" data-id=\"b692b42\" data-element_type=\"widget\" data-widget_type=\"heading.default\">\n\t\t\t\t<div class=\"elementor-widget-container\">\n\t\t\t<div class=\"elementor-heading-title elementor-size-small\"><a href=\"\/bao-cao-toi-uu\/\">B\u00e1o c\u00e1o & T\u1ed1i \u01b0u<\/a><\/div>\t\t<\/div>\n\t\t\t\t<\/div>\n\t\t\t\t<div class=\"elementor-element elementor-element-08e3b89 elementor-widget elementor-widget-heading\" data-id=\"08e3b89\" data-element_type=\"widget\" data-widget_type=\"heading.default\">\n\t\t\t\t<div class=\"elementor-widget-container\">\n\t\t\t<div class=\"elementor-heading-title elementor-size-small\"><a href=\"\/lich-su-thanh-toan\/\">L\u1ecbch s\u1eed thanh to\u00e1n<\/a><\/div>\t\t<\/div>\n\t\t\t\t<\/div>\n\t\t\t\t<div class=\"elementor-element elementor-element-4be287e elementor-widget elementor-widget-heading\" data-id=\"4be287e\" data-element_type=\"widget\" data-widget_type=\"heading.default\">\n\t\t\t\t<div class=\"elementor-widget-container\">\n\t\t\t<div class=\"elementor-heading-title elementor-size-small\"><a href=\"\/rentracks-faqs\/\">FAQs<\/a><\/div>\t\t<\/div>\n\t\t\t\t<\/div>\n\t\t\t\t\t<\/div>\n\t\t<\/div>\n\t\t\t\t\t\t\t<\/div>\n\t\t<\/section>\n\t\t\t\t\t\t<\/div>\n\t\t<\/div>\n\t\t\t\t<\/div>\n\t\t\t\t<\/div>\n\t\t\t\t\t<\/div>\n\t\t<\/div>\n\t\t\t\t<div class=\"elementor-column elementor-col-50 elementor-top-column elementor-element elementor-element-351b93f4\" data-id=\"351b93f4\" data-element_type=\"column\" data-settings=\"{&quot;background_background&quot;:&quot;classic&quot;}\">\n\t\t\t<div class=\"elementor-widget-wrap elementor-element-populated\">\n\t\t\t\t\t\t\t\t<div class=\"elementor-element elementor-element-53f87d06 elementor-widget elementor-widget-heading\" data-id=\"53f87d06\" data-element_type=\"widget\" data-widget_type=\"heading.default\">\n\t\t\t\t<div class=\"elementor-widget-container\">\n\t\t\t<h2 class=\"elementor-heading-title elementor-size-default\">T\u1ed1i \u01b0u chi\u1ebfn d\u1ecbch<\/h2>\t\t<\/div>\n\t\t\t\t<\/div>\n\t\t\t\t<div class=\"elementor-element elementor-element-4e5a8775 elementor-widget elementor-widget-spacer\" data-id=\"4e5a8775\" data-element_type=\"widget\" data-widget_type=\"spacer.default\">\n\t\t\t\t<div class=\"elementor-widget-container\">\n\t\t\t\t\t<div class=\"elementor-spacer\">\n\t\t\t<div class=\"elementor-spacer-inner\"><\/div>\n\t\t<\/div>\n\t\t\t\t<\/div>\n\t\t\t\t<\/div>\n\t\t\t\t<div class=\"elementor-element elementor-element-76507eab elementor-widget elementor-widget-text-editor\" data-id=\"76507eab\" data-element_type=\"widget\" data-widget_type=\"text-editor.default\">\n\t\t\t\t<div class=\"elementor-widget-container\">\n\t\t\t\t\t\t\t\t\t\t\t\t\t<\/div>\n\t\t\t\t<\/div>\n\t\t\t\t<div class=\"elementor-element elementor-element-1abcb1f8 elementor-widget elementor-widget-text-editor\" data-id=\"1abcb1f8\" data-element_type=\"widget\" data-widget_type=\"text-editor.default\">\n\t\t\t\t<div class=\"elementor-widget-container\">\n\t\t\t\t\t\t\t<p><span style=\"font-weight: 400;\">Ch\u1ee9c n\u0103ng th\u1ed1ng k\u00ea l\u01b0\u1ee3ng truy c\u1eadp s\u1ebd gi\u00fap Publisher qu\u1ea3n l\u00fd v\u00e0 \u0111\u00e1nh gi\u00e1 c\u0169ng nh\u01b0 t\u1ed1i \u01b0u hi\u1ec7u qu\u1ea3 chi\u1ebfn d\u1ecbch ti\u1ebfp th\u1ecb li\u00ean k\u1ebft. Rentracks c\u1eadp nh\u1eadt \u0111\u1ea7y \u0111\u1ee7 c\u00e1c d\u1eef li\u1ec7u c\u1ea7n thi\u1ebft gi\u00fap Publisher theo d\u00f5i hi\u1ec7u qu\u1ea3 qu\u1ea3ng c\u00e1o:<\/span><\/p><ul><li><span style=\"font-weight: 400;\">B\u00e1o c\u00e1o theo ng\u00e0y<\/span><\/li><li><span style=\"font-weight: 400;\">B\u00e1o c\u00e1o theo k\u00eanh<\/span><\/li><li><span style=\"font-weight: 400;\">B\u00e1o c\u00e1o theo chi\u1ebfn d\u1ecbch<\/span><\/li><li><span style=\"font-weight: 400;\">B\u00e1o c\u00e1o \u0111\u01a1n h\u00e0ng<\/span><\/li><\/ul><p><span style=\"font-weight: 400;\">Publisher l\u01b0u \u00fd ch\u1ecdn c\u00e1c b\u1ed9 l\u1ecdc sau \u0111\u1ec3 c\u00f3 th\u1ec3 truy xu\u1ea5t b\u00e1o c\u00e1o ph\u00f9 h\u1ee3p:<\/span><\/p><p><span style=\"font-weight: 400;\">&#8211; Th\u1eddi gian<\/span><\/p><p><span style=\"font-weight: 400;\">&#8211; Danh s\u00e1ch k\u00eanh<\/span><\/p><p><span style=\"font-weight: 400;\">&#8211; Nh\u00e0 cung c\u1ea5p<\/span><\/p><p><span style=\"font-weight: 400;\">&#8211; Th\u1eddi gian mua\/ ng\u00e0y duy\u1ec7t<\/span><\/p><p><span style=\"font-weight: 400;\">&#8211; S\u1ed1 d\u00f2ng hi\u1ec3n th\u1ecb<\/span><\/p><h4 dir=\"ltr\"><strong>B\u00e1o c\u00e1o theo ng\u00e0y<\/strong><\/h4><p><a href=\"https:\/\/rentracks.com.vn\/wp-content\/uploads\/2021\/10\/23.png\"><img fetchpriority=\"high\" decoding=\"async\" class=\"aligncenter wp-image-4783 size-full\" src=\"https:\/\/rentracks.com.vn\/wp-content\/uploads\/2021\/10\/23.png\" alt=\"\" width=\"1920\" height=\"940\" srcset=\"https:\/\/rentracks.com.vn\/wp-content\/uploads\/2021\/10\/23.png 1920w, https:\/\/rentracks.com.vn\/wp-content\/uploads\/2021\/10\/23-300x147.png 300w, https:\/\/rentracks.com.vn\/wp-content\/uploads\/2021\/10\/23-1024x501.png 1024w, https:\/\/rentracks.com.vn\/wp-content\/uploads\/2021\/10\/23-768x376.png 768w, https:\/\/rentracks.com.vn\/wp-content\/uploads\/2021\/10\/23-1536x752.png 1536w\" sizes=\"(max-width: 1920px) 100vw, 1920px\" \/><\/a><\/p><h4><strong>B\u00e1o c\u00e1o theo k\u00eanh<\/strong><\/h4><p><a href=\"https:\/\/rentracks.com.vn\/wp-content\/uploads\/2021\/10\/24.png\"><img decoding=\"async\" class=\"aligncenter wp-image-4785 size-full\" src=\"https:\/\/rentracks.com.vn\/wp-content\/uploads\/2021\/10\/24.png\" alt=\"\" width=\"1920\" height=\"940\" srcset=\"https:\/\/rentracks.com.vn\/wp-content\/uploads\/2021\/10\/24.png 1920w, https:\/\/rentracks.com.vn\/wp-content\/uploads\/2021\/10\/24-300x147.png 300w, https:\/\/rentracks.com.vn\/wp-content\/uploads\/2021\/10\/24-1024x501.png 1024w, https:\/\/rentracks.com.vn\/wp-content\/uploads\/2021\/10\/24-768x376.png 768w, https:\/\/rentracks.com.vn\/wp-content\/uploads\/2021\/10\/24-1536x752.png 1536w\" sizes=\"(max-width: 1920px) 100vw, 1920px\" \/><\/a><\/p><h4><strong>B\u00e1o c\u00e1o chi\u1ebfn d\u1ecbch\u00a0<\/strong><\/h4><p><a href=\"https:\/\/rentracks.com.vn\/wp-content\/uploads\/2021\/10\/25.png\"><img decoding=\"async\" class=\"aligncenter wp-image-4787 size-full\" src=\"https:\/\/rentracks.com.vn\/wp-content\/uploads\/2021\/10\/25.png\" alt=\"\" width=\"1920\" height=\"940\" srcset=\"https:\/\/rentracks.com.vn\/wp-content\/uploads\/2021\/10\/25.png 1920w, https:\/\/rentracks.com.vn\/wp-content\/uploads\/2021\/10\/25-300x147.png 300w, https:\/\/rentracks.com.vn\/wp-content\/uploads\/2021\/10\/25-1024x501.png 1024w, https:\/\/rentracks.com.vn\/wp-content\/uploads\/2021\/10\/25-768x376.png 768w, https:\/\/rentracks.com.vn\/wp-content\/uploads\/2021\/10\/25-1536x752.png 1536w\" sizes=\"(max-width: 1920px) 100vw, 1920px\" \/><\/a><\/p><h4><strong>B\u00e1o c\u00e1o \u0111\u01a1n h\u00e0ng<\/strong><\/h4><p><a href=\"https:\/\/rentracks.com.vn\/wp-content\/uploads\/2021\/10\/26.png\"><img loading=\"lazy\" decoding=\"async\" class=\"aligncenter wp-image-4789 size-full\" src=\"https:\/\/rentracks.com.vn\/wp-content\/uploads\/2021\/10\/26.png\" alt=\"\" width=\"1920\" height=\"942\" srcset=\"https:\/\/rentracks.com.vn\/wp-content\/uploads\/2021\/10\/26.png 1920w, https:\/\/rentracks.com.vn\/wp-content\/uploads\/2021\/10\/26-300x147.png 300w, https:\/\/rentracks.com.vn\/wp-content\/uploads\/2021\/10\/26-1024x502.png 1024w, https:\/\/rentracks.com.vn\/wp-content\/uploads\/2021\/10\/26-768x377.png 768w, https:\/\/rentracks.com.vn\/wp-content\/uploads\/2021\/10\/26-1536x754.png 1536w\" sizes=\"(max-width: 1920px) 100vw, 1920px\" \/><\/a><\/p>\t\t\t\t\t\t<\/div>\n\t\t\t\t<\/div>\n\t\t\t\t\t<\/div>\n\t\t<\/div>\n\t\t\t\t\t\t\t<\/div>\n\t\t<\/section>\n\t\t\t\t\t\t\t<\/div>\n\t\t","protected":false},"excerpt":{"rendered":"<p>B\u00c1O C\u00c1O &amp; T\u1ed0I \u01afU (Nh\u00e0 ph\u00e2n ph\u1ed1i \/ Publisher) T\u1ed1i \u01b0u chi\u1ebfn d\u1ecbch Ch\u1ee9c n\u0103ng th\u1ed1ng k\u00ea l\u01b0\u1ee3ng truy c\u1eadp s\u1ebd gi\u00fap Publisher qu\u1ea3n&hellip;&nbsp;<a href=\"https:\/\/rentracks.com.vn\/en\/bao-cao-toi-uu-chien-dich-affiliate\/\" class=\"\" rel=\"bookmark\">Read More &raquo;<span class=\"screen-reader-text\">B\u00e1o c\u00e1o &#038; T\u1ed1i \u01b0u<\/span><\/a><\/p>\n","protected":false},"author":1,"featured_media":4789,"parent":0,"menu_order":0,"comment_status":"closed","ping_status":"closed","template":"","meta":{"_themeisle_gutenberg_block_has_review":false,"footnotes":""},"class_list":["post-5195","page","type-page","status-publish","has-post-thumbnail","hentry"],"_links":{"self":[{"href":"https:\/\/rentracks.com.vn\/en\/wp-json\/wp\/v2\/pages\/5195"}],"collection":[{"href":"https:\/\/rentracks.com.vn\/en\/wp-json\/wp\/v2\/pages"}],"about":[{"href":"https:\/\/rentracks.com.vn\/en\/wp-json\/wp\/v2\/types\/page"}],"author":[{"embeddable":true,"href":"https:\/\/rentracks.com.vn\/en\/wp-json\/wp\/v2\/users\/1"}],"replies":[{"embeddable":true,"href":"https:\/\/rentracks.com.vn\/en\/wp-json\/wp\/v2\/comments?post=5195"}],"version-history":[{"count":3,"href":"https:\/\/rentracks.com.vn\/en\/wp-json\/wp\/v2\/pages\/5195\/revisions"}],"predecessor-version":[{"id":12277,"href":"https:\/\/rentracks.com.vn\/en\/wp-json\/wp\/v2\/pages\/5195\/revisions\/12277"}],"wp:featuredmedia":[{"embeddable":true,"href":"https:\/\/rentracks.com.vn\/en\/wp-json\/wp\/v2\/media\/4789"}],"wp:attachment":[{"href":"https:\/\/rentracks.com.vn\/en\/wp-json\/wp\/v2\/media?parent=5195"}],"curies":[{"name":"wp","href":"https:\/\/api.w.org\/{rel}","templated":true}]}}