{"id":5142,"date":"2021-10-14T18:31:36","date_gmt":"2021-10-14T11:31:36","guid":{"rendered":"https:\/\/rentracks.com.vn\/?page_id=5142"},"modified":"2025-02-21T14:29:58","modified_gmt":"2025-02-21T07:29:58","slug":"trien-khai-chien-dich","status":"publish","type":"page","link":"https:\/\/rentracks.com.vn\/en\/trien-khai-chien-dich\/","title":{"rendered":"Tri\u1ec3n khai chi\u1ebfn d\u1ecbch"},"content":{"rendered":"\t\t<div data-elementor-type=\"wp-page\" data-elementor-id=\"5142\" class=\"elementor elementor-5142\" data-elementor-post-type=\"page\">\n\t\t\t\t\t\t\t\t\t<section class=\"elementor-section elementor-top-section elementor-element elementor-element-50c8452c elementor-section-boxed elementor-section-height-default elementor-section-height-default\" data-id=\"50c8452c\" data-element_type=\"section\" id=\"scroll-top\">\n\t\t\t\t\t\t<div class=\"elementor-container elementor-column-gap-default\">\n\t\t\t\t\t<div class=\"elementor-column elementor-col-50 elementor-top-column elementor-element elementor-element-68d19706\" data-id=\"68d19706\" data-element_type=\"column\">\n\t\t\t<div class=\"elementor-widget-wrap\">\n\t\t\t\t\t\t\t\t\t<\/div>\n\t\t<\/div>\n\t\t\t\t<div class=\"elementor-column elementor-col-50 elementor-top-column elementor-element elementor-element-38d589cc\" data-id=\"38d589cc\" data-element_type=\"column\">\n\t\t\t<div class=\"elementor-widget-wrap elementor-element-populated\">\n\t\t\t\t\t\t\t\t<div class=\"elementor-element elementor-element-6fc21d01 elementor-widget elementor-widget-heading\" data-id=\"6fc21d01\" data-element_type=\"widget\" data-widget_type=\"heading.default\">\n\t\t\t\t<div class=\"elementor-widget-container\">\n\t\t\t<h2 class=\"elementor-heading-title elementor-size-default\">H\u01af\u1edaNG D\u1eaaN TRI\u1ec2N KHAI<\/h2>\t\t<\/div>\n\t\t\t\t<\/div>\n\t\t\t\t<div class=\"elementor-element elementor-element-5247968b elementor-widget elementor-widget-heading\" data-id=\"5247968b\" data-element_type=\"widget\" data-widget_type=\"heading.default\">\n\t\t\t\t<div class=\"elementor-widget-container\">\n\t\t\t<h3 class=\"elementor-heading-title elementor-size-default\">(Nh\u00e0 ph\u00e2n ph\u1ed1i \/ Publisher)<\/h3>\t\t<\/div>\n\t\t\t\t<\/div>\n\t\t\t\t\t<\/div>\n\t\t<\/div>\n\t\t\t\t\t\t\t<\/div>\n\t\t<\/section>\n\t\t\t\t<section class=\"elementor-section elementor-top-section elementor-element elementor-element-5566b8ec elementor-section-boxed elementor-section-height-default elementor-section-height-default\" data-id=\"5566b8ec\" data-element_type=\"section\">\n\t\t\t\t\t\t<div class=\"elementor-container elementor-column-gap-default\">\n\t\t\t\t\t<div class=\"elementor-column elementor-col-50 elementor-top-column elementor-element elementor-element-100d868a sticky-parent\" data-id=\"100d868a\" data-element_type=\"column\">\n\t\t\t<div class=\"elementor-widget-wrap elementor-element-populated\">\n\t\t\t\t\t\t\t\t<div class=\"elementor-element elementor-element-b80da35 elementor-widget elementor-widget-shortcode\" data-id=\"b80da35\" data-element_type=\"widget\" data-widget_type=\"shortcode.default\">\n\t\t\t\t<div class=\"elementor-widget-container\">\n\t\t\t\t\t<div class=\"elementor-shortcode\">\t\t<div data-elementor-type=\"section\" data-elementor-id=\"12269\" class=\"elementor elementor-12269\" data-elementor-post-type=\"elementor_library\">\n\t\t\t\t\t\t\t\t<section class=\"elementor-section elementor-inner-section elementor-element elementor-element-d201bac sticky-column elementor-section-boxed elementor-section-height-default elementor-section-height-default\" data-id=\"d201bac\" data-element_type=\"section\" data-settings=\"{&quot;background_background&quot;:&quot;classic&quot;}\">\n\t\t\t\t\t\t<div class=\"elementor-container elementor-column-gap-no\">\n\t\t\t\t\t<div class=\"elementor-column elementor-col-100 elementor-inner-column elementor-element elementor-element-2037d45\" data-id=\"2037d45\" data-element_type=\"column\" data-settings=\"{&quot;background_background&quot;:&quot;classic&quot;}\">\n\t\t\t<div class=\"elementor-widget-wrap elementor-element-populated\">\n\t\t\t\t\t\t\t\t<div class=\"elementor-element elementor-element-e65b2a2 elementor-widget elementor-widget-heading\" data-id=\"e65b2a2\" data-element_type=\"widget\" data-widget_type=\"heading.default\">\n\t\t\t\t<div class=\"elementor-widget-container\">\n\t\t\t<div class=\"elementor-heading-title elementor-size-small\"><a href=\"https:\/\/rentracks.com.vn\/huong-dan-thiet-lap-tai-khoan-nha-phan-phoi-publisher\/\">Thi\u1ebft l\u1eadp t\u00e0i kho\u1ea3n<\/a><\/div>\t\t<\/div>\n\t\t\t\t<\/div>\n\t\t\t\t<div class=\"elementor-element elementor-element-c46be80 elementor-widget elementor-widget-heading\" data-id=\"c46be80\" data-element_type=\"widget\" data-widget_type=\"heading.default\">\n\t\t\t\t<div class=\"elementor-widget-container\">\n\t\t\t<div class=\"elementor-heading-title elementor-size-small\"><a href=\"\/huong-dan-trang-chu-dashboard\/\">Trang ch\u1ee7 - Dashboard<\/a><\/div>\t\t<\/div>\n\t\t\t\t<\/div>\n\t\t\t\t<div class=\"elementor-element elementor-element-f8b967b elementor-widget-divider--view-line elementor-widget elementor-widget-divider\" data-id=\"f8b967b\" data-element_type=\"widget\" data-widget_type=\"divider.default\">\n\t\t\t\t<div class=\"elementor-widget-container\">\n\t\t\t\t\t<div class=\"elementor-divider\">\n\t\t\t<span class=\"elementor-divider-separator\">\n\t\t\t\t\t\t<\/span>\n\t\t<\/div>\n\t\t\t\t<\/div>\n\t\t\t\t<\/div>\n\t\t\t\t<div class=\"elementor-element elementor-element-9933454 elementor-widget elementor-widget-heading\" data-id=\"9933454\" data-element_type=\"widget\" data-widget_type=\"heading.default\">\n\t\t\t\t<div class=\"elementor-widget-container\">\n\t\t\t<div class=\"elementor-heading-title elementor-size-small\"><a href=\"\/trien-khai-chien-dich\/\">H\u01b0\u1edbng d\u1eabn tri\u1ec3n khai<\/a><\/div>\t\t<\/div>\n\t\t\t\t<\/div>\n\t\t\t\t<div class=\"elementor-element elementor-element-87d95dc elementor-widget-divider--view-line elementor-widget elementor-widget-divider\" data-id=\"87d95dc\" data-element_type=\"widget\" data-widget_type=\"divider.default\">\n\t\t\t\t<div class=\"elementor-widget-container\">\n\t\t\t\t\t<div class=\"elementor-divider\">\n\t\t\t<span class=\"elementor-divider-separator\">\n\t\t\t\t\t\t<\/span>\n\t\t<\/div>\n\t\t\t\t<\/div>\n\t\t\t\t<\/div>\n\t\t\t\t<div class=\"elementor-element elementor-element-e6b893f elementor-widget elementor-widget-heading\" data-id=\"e6b893f\" data-element_type=\"widget\" data-widget_type=\"heading.default\">\n\t\t\t\t<div class=\"elementor-widget-container\">\n\t\t\t<div class=\"elementor-heading-title elementor-size-small\"><a href=\"\/trien-khai-chien-dich\/\">\u0110\u0103ng k\u00fd tri\u1ec3n khai<\/a><\/div>\t\t<\/div>\n\t\t\t\t<\/div>\n\t\t\t\t<div class=\"elementor-element elementor-element-5798ca6 elementor-widget elementor-widget-heading\" data-id=\"5798ca6\" data-element_type=\"widget\" data-widget_type=\"heading.default\">\n\t\t\t\t<div class=\"elementor-widget-container\">\n\t\t\t<div class=\"elementor-heading-title elementor-size-small\"><a href=\"\/huong-dan-tao-affiliate-link\/\">T\u1ea1o affiliate link<\/a><\/div>\t\t<\/div>\n\t\t\t\t<\/div>\n\t\t\t\t<div class=\"elementor-element elementor-element-f052ae8 elementor-widget elementor-widget-heading\" data-id=\"f052ae8\" data-element_type=\"widget\" data-widget_type=\"heading.default\">\n\t\t\t\t<div class=\"elementor-widget-container\">\n\t\t\t<div class=\"elementor-heading-title elementor-size-small\"><a href=\"\/huong-dan-su-dung-conversion-api-tai-dashboard-rentracks\/\">Conversion API<\/a><\/div>\t\t<\/div>\n\t\t\t\t<\/div>\n\t\t\t\t<div class=\"elementor-element elementor-element-b692b42 elementor-widget elementor-widget-heading\" data-id=\"b692b42\" data-element_type=\"widget\" data-widget_type=\"heading.default\">\n\t\t\t\t<div class=\"elementor-widget-container\">\n\t\t\t<div class=\"elementor-heading-title elementor-size-small\"><a href=\"\/bao-cao-toi-uu\/\">B\u00e1o c\u00e1o & T\u1ed1i \u01b0u<\/a><\/div>\t\t<\/div>\n\t\t\t\t<\/div>\n\t\t\t\t<div class=\"elementor-element elementor-element-08e3b89 elementor-widget elementor-widget-heading\" data-id=\"08e3b89\" data-element_type=\"widget\" data-widget_type=\"heading.default\">\n\t\t\t\t<div class=\"elementor-widget-container\">\n\t\t\t<div class=\"elementor-heading-title elementor-size-small\"><a href=\"\/lich-su-thanh-toan\/\">L\u1ecbch s\u1eed thanh to\u00e1n<\/a><\/div>\t\t<\/div>\n\t\t\t\t<\/div>\n\t\t\t\t<div class=\"elementor-element elementor-element-4be287e elementor-widget elementor-widget-heading\" data-id=\"4be287e\" data-element_type=\"widget\" data-widget_type=\"heading.default\">\n\t\t\t\t<div class=\"elementor-widget-container\">\n\t\t\t<div class=\"elementor-heading-title elementor-size-small\"><a href=\"\/rentracks-faqs\/\">FAQs<\/a><\/div>\t\t<\/div>\n\t\t\t\t<\/div>\n\t\t\t\t\t<\/div>\n\t\t<\/div>\n\t\t\t\t\t\t\t<\/div>\n\t\t<\/section>\n\t\t\t\t\t\t<\/div>\n\t\t<\/div>\n\t\t\t\t<\/div>\n\t\t\t\t<\/div>\n\t\t\t\t\t<\/div>\n\t\t<\/div>\n\t\t\t\t<div class=\"elementor-column elementor-col-50 elementor-top-column elementor-element elementor-element-2c9d417c\" data-id=\"2c9d417c\" data-element_type=\"column\" data-settings=\"{&quot;background_background&quot;:&quot;classic&quot;}\">\n\t\t\t<div class=\"elementor-widget-wrap elementor-element-populated\">\n\t\t\t\t\t\t\t\t<div class=\"elementor-element elementor-element-19a2aa25 elementor-widget elementor-widget-heading\" data-id=\"19a2aa25\" data-element_type=\"widget\" data-widget_type=\"heading.default\">\n\t\t\t\t<div class=\"elementor-widget-container\">\n\t\t\t<h2 class=\"elementor-heading-title elementor-size-default\">\u0110\u0103ng k\u00fd chi\u1ebfn d\u1ecbch<\/h2>\t\t<\/div>\n\t\t\t\t<\/div>\n\t\t\t\t<div class=\"elementor-element elementor-element-3d9e9c29 elementor-widget elementor-widget-spacer\" data-id=\"3d9e9c29\" data-element_type=\"widget\" data-widget_type=\"spacer.default\">\n\t\t\t\t<div class=\"elementor-widget-container\">\n\t\t\t\t\t<div class=\"elementor-spacer\">\n\t\t\t<div class=\"elementor-spacer-inner\"><\/div>\n\t\t<\/div>\n\t\t\t\t<\/div>\n\t\t\t\t<\/div>\n\t\t\t\t<div class=\"elementor-element elementor-element-1d9592a7 elementor-widget elementor-widget-text-editor\" data-id=\"1d9592a7\" data-element_type=\"widget\" data-widget_type=\"text-editor.default\">\n\t\t\t\t<div class=\"elementor-widget-container\">\n\t\t\t\t\t\t\t\t\t\t\t\t\t<\/div>\n\t\t\t\t<\/div>\n\t\t\t\t<div class=\"elementor-element elementor-element-1e83924 elementor-widget elementor-widget-spacer\" data-id=\"1e83924\" data-element_type=\"widget\" data-widget_type=\"spacer.default\">\n\t\t\t\t<div class=\"elementor-widget-container\">\n\t\t\t\t\t<div class=\"elementor-spacer\">\n\t\t\t<div class=\"elementor-spacer-inner\"><\/div>\n\t\t<\/div>\n\t\t\t\t<\/div>\n\t\t\t\t<\/div>\n\t\t\t\t<div class=\"elementor-element elementor-element-12b19e88 elementor-widget elementor-widget-text-editor\" data-id=\"12b19e88\" data-element_type=\"widget\" data-widget_type=\"text-editor.default\">\n\t\t\t\t<div class=\"elementor-widget-container\">\n\t\t\t\t\t\t\t<p><span style=\"font-weight: 400;\">Sau khi \u0111\u00e3 c\u1eadp nh\u1eadt xong c\u00e1c th\u00f4ng tin c\u1ea7n thi\u1ebft, b\u1ea1n c\u00f3 th\u1ec3 b\u1eaft \u0111\u1ea7u ch\u1ecdn nh\u00e0 cung c\u1ea5p\/advertiser v\u00e0 \u0111\u0103ng k\u00fd h\u1ee3p t\u00e1c.\u00a0<\/span><\/p><p><span style=\"font-weight: 400;\">B\u01b0\u1edbc 1: B\u1ea5m ch\u1ecdn m\u1ee5c <\/span><b>T\u1ea5t c\u1ea3 nh\u00e0 cung c\u1ea5p<\/b><span style=\"font-weight: 400;\"> tr\u00ean thanh menu ch\u00ednh.\u00a0<\/span><\/p><p><a href=\"https:\/\/rentracks.com.vn\/wp-content\/uploads\/2021\/10\/11.png\"><img fetchpriority=\"high\" decoding=\"async\" class=\"aligncenter size-full wp-image-4755\" src=\"https:\/\/rentracks.com.vn\/wp-content\/uploads\/2021\/10\/11.png\" alt=\"\" width=\"1920\" height=\"940\" srcset=\"https:\/\/rentracks.com.vn\/wp-content\/uploads\/2021\/10\/11.png 1920w, https:\/\/rentracks.com.vn\/wp-content\/uploads\/2021\/10\/11-300x147.png 300w, https:\/\/rentracks.com.vn\/wp-content\/uploads\/2021\/10\/11-1024x501.png 1024w, https:\/\/rentracks.com.vn\/wp-content\/uploads\/2021\/10\/11-768x376.png 768w, https:\/\/rentracks.com.vn\/wp-content\/uploads\/2021\/10\/11-1536x752.png 1536w\" sizes=\"(max-width: 1920px) 100vw, 1920px\" \/><\/a><\/p><p><span style=\"font-weight: 400;\">B\u01b0\u1edbc 2: S\u1eed d\u1ee5ng t\u1ed5 h\u1ee3p t\u00ecm ki\u1ebfm t\u1ea1i g\u00f3c tr\u00ean, b\u00ean tr\u00e1i \u0111\u1ec3 xem c\u00e1c nh\u00e0 cung c\u1ea5p<\/span><\/p><p><a href=\"https:\/\/rentracks.com.vn\/wp-content\/uploads\/2021\/10\/12.png\"><img decoding=\"async\" class=\"aligncenter size-full wp-image-4757\" src=\"https:\/\/rentracks.com.vn\/wp-content\/uploads\/2021\/10\/12.png\" alt=\"\" width=\"1920\" height=\"941\" srcset=\"https:\/\/rentracks.com.vn\/wp-content\/uploads\/2021\/10\/12.png 1920w, https:\/\/rentracks.com.vn\/wp-content\/uploads\/2021\/10\/12-300x147.png 300w, https:\/\/rentracks.com.vn\/wp-content\/uploads\/2021\/10\/12-1024x502.png 1024w, https:\/\/rentracks.com.vn\/wp-content\/uploads\/2021\/10\/12-768x376.png 768w, https:\/\/rentracks.com.vn\/wp-content\/uploads\/2021\/10\/12-1536x753.png 1536w\" sizes=\"(max-width: 1920px) 100vw, 1920px\" \/><\/a><\/p><p><span style=\"font-weight: 400;\">Giao di\u1ec7n \u0111ang hi\u1ec3n th\u1ecb t\u1ea5t c\u1ea3 c\u00e1c nh\u00e0 cung c\u1ea5p hi\u1ec7n c\u00f3 tr\u00ean h\u1ec7 th\u1ed1ng. \u0110\u1ec3 t\u00ecm ki\u1ebfm m\u1ed9t nh\u00e0 cung c\u1ea5p n\u00e0o \u0111\u00f3, b\u1ea1n c\u00f3 th\u1ec3 theo t\u00e1c theo c\u00e1c c\u00e1ch sau:\u00a0<\/span><\/p><p><span style=\"font-weight: 400;\">&#8211; C\u00e1ch 1: T\u00ecm ki\u1ebfm nh\u00e0 cung c\u1ea5p b\u1eb1ng c\u00e1ch g\u00f5 t\u00ean tr\u1ef1c ti\u1ebfp t\u1ea1i \u00f4 <\/span><b>T\u1eeb kh\u00f3a\u00a0<\/b><\/p><p><span style=\"font-weight: 400;\">&#8211; C\u00e1ch 2: L\u1ecdc nh\u00e0 cung c\u1ea5p theo t\u00ecnh tr\u1ea1ng h\u1ee3p t\u00e1c g\u1ed3m \u0110ang h\u1ee3p t\u00e1c\/\u0110ang ch\u1edd duy\u1ec7t\/C\u1ea5m ch\u1ea1y.<\/span><\/p><p><span style=\"font-weight: 400;\">&#8211; C\u00e1ch 3: L\u1ecdc nh\u00e0 cung c\u1ea5p theo ng\u00e0nh ngh\u1ec1 g\u1ed3m Th\u01b0\u01a1ng m\u1ea1i \u0111i\u1ec7n t\u1eed, T\u00e0i ch\u00ednh, D2C\u2026<\/span><\/p><p><span style=\"font-weight: 400;\">&#8211; C\u00e1ch 4: L\u1ecdc nh\u00e0 cung c\u1ea5p theo lo\u1ea1i chi\u1ebfn d\u1ecbch\/h\u00ecnh th\u1ee9c tr\u1ea3 ph\u00ed g\u1ed3m CPS, CPO, CPL&#8230;<\/span><\/p><p><span style=\"font-weight: 400;\">B\u01b0\u1edbc 3: B\u1ea5m ch\u1ecdn nh\u00e0 cung c\u1ea5p m\u00e0 b\u1ea1n mu\u1ed1n xem. Th\u00f4ng tin v\u1ec1 nh\u00e0 cung c\u1ea5p v\u00e0 s\u1ea3n ph\u1ea9m\/d\u1ecbch v\u1ee5 s\u1ebd hi\u1ec7n ra nh\u01b0 h\u00ecnh b\u00ean d\u01b0\u1edbi. B\u1ea1n c\u00f3 th\u1ec3 click ch\u1ecdn d\u1ea5u m\u0169i t\u00ean t\u1ea1i g\u00f3c tr\u00ean b\u00ean tr\u00e1i \u0111\u1ec3 m\u1edf r\u1ed9ng c\u1eeda s\u1ed5 hi\u1ec3n th\u1ecb.<\/span><\/p><p><a href=\"https:\/\/rentracks.com.vn\/wp-content\/uploads\/2021\/10\/13.png\"><img decoding=\"async\" class=\"aligncenter size-full wp-image-4759\" src=\"https:\/\/rentracks.com.vn\/wp-content\/uploads\/2021\/10\/13.png\" alt=\"\" width=\"1920\" height=\"943\" srcset=\"https:\/\/rentracks.com.vn\/wp-content\/uploads\/2021\/10\/13.png 1920w, https:\/\/rentracks.com.vn\/wp-content\/uploads\/2021\/10\/13-300x147.png 300w, https:\/\/rentracks.com.vn\/wp-content\/uploads\/2021\/10\/13-1024x503.png 1024w, https:\/\/rentracks.com.vn\/wp-content\/uploads\/2021\/10\/13-768x377.png 768w, https:\/\/rentracks.com.vn\/wp-content\/uploads\/2021\/10\/13-1536x754.png 1536w\" sizes=\"(max-width: 1920px) 100vw, 1920px\" \/><\/a><\/p><p><span style=\"font-weight: 400;\">M\u1ed9t s\u1ed1 nh\u00e0 cung c\u1ea5p\u00a0 c\u00f3 nhi\u1ec1u nhi\u1ec1u s\u1ea3n ph\u1ea9m, d\u1ecbch v\u1ee5 v\u00e0 chi\u1ebfn d\u1ecbch\/ch\u01b0\u01a1ng tr\u00ecnh \u01b0u \u0111\u00e3i kh\u00e1c nhau. B\u1ea1n c\u00f3 th\u1ec3 xem t\u1ea1i ph\u1ea7n <\/span><b>Danh s\u00e1ch chi\u1ebfn d\u1ecbch. \u0110\u1eb7c bi\u1ec7t, <\/b><span style=\"font-weight: 400;\">b\u1ea1n c\u0169ng c\u00f3 th\u1ec3 t\u00ecm ki\u1ebfm s\u1ea3n ph\u1ea9m c\u1ee7a nh\u00e3n h\u00e0ng t\u1ea1i \u00f4 <\/span><b>T\u1eeb kh\u00f3a<\/b><span style=\"font-weight: 400;\">.<\/span><a href=\"https:\/\/rentracks.com.vn\/wp-content\/uploads\/2021\/10\/13.png\"><br \/><\/a><\/p><p><i><span style=\"font-weight: 400;\">\u0110\u1ed1i v\u1edbi nh\u00e0 cung c\u1ea5p Shopee v\u00e0 Lazada, hoa h\u1ed3ng hi\u1ec3n th\u1ecb \u1edf m\u1ee5c \u201cDanh s\u00e1ch chi\u1ebfn d\u1ecbch&#8221; l\u00e0 hoa h\u1ed3ng th\u01b0\u1edfng. T\u1ed5ng hoa h\u1ed3ng = hoa h\u1ed3ng g\u1ed1c + hoa h\u1ed3ng th\u01b0\u1edfng.<\/span><\/i><\/p><p><a href=\"https:\/\/rentracks.com.vn\/wp-content\/uploads\/2021\/10\/14.png\"><img loading=\"lazy\" decoding=\"async\" class=\"aligncenter size-full wp-image-4761\" src=\"https:\/\/rentracks.com.vn\/wp-content\/uploads\/2021\/10\/14.png\" alt=\"\" width=\"1920\" height=\"943\" srcset=\"https:\/\/rentracks.com.vn\/wp-content\/uploads\/2021\/10\/14.png 1920w, https:\/\/rentracks.com.vn\/wp-content\/uploads\/2021\/10\/14-300x147.png 300w, https:\/\/rentracks.com.vn\/wp-content\/uploads\/2021\/10\/14-1024x503.png 1024w, https:\/\/rentracks.com.vn\/wp-content\/uploads\/2021\/10\/14-768x377.png 768w, https:\/\/rentracks.com.vn\/wp-content\/uploads\/2021\/10\/14-1536x754.png 1536w\" sizes=\"(max-width: 1920px) 100vw, 1920px\" \/><\/a><\/p><p><span style=\"font-weight: 400;\">Publisher c\u1ea7n \u0111\u1ecdc chi ti\u1ebft th\u00f4ng tin c\u1ee7a nh\u00e0 cung c\u1ea5p tr\u01b0\u1edbc khi \u0111\u0103ng k\u00fd tri\u1ec3n khai chi\u1ebfn d\u1ecbch \u0111\u1ec3 \u0111\u01b0\u1ee3c duy\u1ec7t tri\u1ec3n khai nhanh ch\u00f3ng, tr\u00e1nh tr\u01b0\u1eddng h\u1ee3p b\u1ecb hu\u1ef7 hoa h\u1ed3ng hay m\u1ea5t \u0111\u01a1n. C\u00e1c th\u00f4ng tin Publisher c\u1ea7n l\u01b0u \u00fd:<\/span><\/p><p><span style=\"font-weight: 400;\">&#8211; Gi\u1edbi thi\u1ec7u v\u1ec1 nh\u00e0 cung c\u1ea5p<\/span><\/p><p><span style=\"font-weight: 400;\">&#8211; T\u00e0i li\u1ec7u tri\u1ec3n khai chi\u1ebfn d\u1ecbch (N\u1ebfu c\u00f3)<\/span><\/p><p><span style=\"font-weight: 400;\">&#8211; H\u00ecnh th\u1ee9c tr\u1ea3 ph\u00ed v\u00e0 m\u1ee9c hoa h\u1ed3ng<\/span><\/p><p><span style=\"font-weight: 400;\">&#8211; \u0110i\u1ec1u ki\u1ec7n duy\u1ec7t \u0111\u01a1n h\u00e0ng<\/span><\/p><p><span style=\"font-weight: 400;\">&#8211; L\u00fd do t\u1eeb ch\u1ed1i \u0111\u01a1n h\u00e0ng<\/span><\/p><p><span style=\"font-weight: 400;\">&#8211; Quy \u0111\u1ecbnh v\u1ec1 traffic\/ k\u00eanh tri\u1ec3n khai qu\u1ea3ng c\u00e1o<\/span><\/p><p><span style=\"font-weight: 400;\">&#8211; Ch\u00ednh s\u00e1ch Cookie<\/span><\/p><p><span style=\"font-weight: 400;\">Sau khi n\u1eb1m r\u00f5 v\u1ec1 \u0111i\u1ec1u ki\u1ec7n tri\u1ec3n khai chi\u1ebfn d\u1ecbch, publisher \u0111\u0103ng k\u00fd tri\u1ec3n khai chi\u1ebfn d\u1ecbch theo c\u00e1c b\u01b0\u1edbc sau n\u1ebfu Publisher x\u00e9t th\u1ea5y \u0111\u00e1p \u1ee9ng c\u00e1c \u0111i\u1ec1u ki\u1ec7n tri\u1ec3n khai chi\u1ebfn d\u1ecbch.<\/span><\/p><p><span style=\"font-weight: 400;\">B\u01b0\u1edbc 1: T\u1ea1i m\u1ee5c<\/span><b> T\u1ea5t c\u1ea3 nh\u00e0 cung c\u1ea5p<\/b><span style=\"font-weight: 400;\">, b\u1ea5m ch\u1ecdn chi\u1ebfn d\u1ecbch b\u1ea1n mu\u1ed1n \u0111\u0103ng k\u00fd<\/span><\/p><p><span style=\"font-weight: 400;\">B\u01b0\u1edbc 2: Ch\u1ecdn n\u00fat <\/span><b>Qu\u1ea3n l\u00fd h\u1ee3p t\u00e1c<\/b><\/p><p><a href=\"https:\/\/rentracks.com.vn\/wp-content\/uploads\/2021\/10\/15.png\"><img loading=\"lazy\" decoding=\"async\" class=\"aligncenter size-full wp-image-4763\" src=\"https:\/\/rentracks.com.vn\/wp-content\/uploads\/2021\/10\/15.png\" alt=\"\" width=\"1920\" height=\"943\" srcset=\"https:\/\/rentracks.com.vn\/wp-content\/uploads\/2021\/10\/15.png 1920w, https:\/\/rentracks.com.vn\/wp-content\/uploads\/2021\/10\/15-300x147.png 300w, https:\/\/rentracks.com.vn\/wp-content\/uploads\/2021\/10\/15-1024x503.png 1024w, https:\/\/rentracks.com.vn\/wp-content\/uploads\/2021\/10\/15-768x377.png 768w, https:\/\/rentracks.com.vn\/wp-content\/uploads\/2021\/10\/15-1536x754.png 1536w\" sizes=\"(max-width: 1920px) 100vw, 1920px\" \/><\/a><\/p><p><span style=\"font-weight: 400;\">B\u01b0\u1edbc 3: Ch\u1ecdn k\u00eanh b\u1ea1n mu\u1ed1n \u0111\u0103ng k\u00fd h\u1ee3p t\u00e1c v\u00e0 click v\u00e0o \u00f4 <\/span><b>\u0110\u0103ng k\u00fd h\u1ee3p t\u00e1c<\/b><span style=\"font-weight: 400;\">, sau \u0111\u00f3 b\u1ea5m <\/span><b>\u0110\u0103ng k\u00fd<\/b><span style=\"font-weight: 400;\">. L\u00fac n\u00e0y chi\u1ebfn d\u1ecbch s\u1ebd chuy\u1ec3n sang tr\u1ea1ng th\u00e1i \u201c\u0110ang ch\u1edd duy\u1ec7t\u201d. Sau khi \u0111\u01b0\u1ee3c duy\u1ec7t h\u1ee3p t\u00e1c th\u00ec b\u1ea1n m\u1edbi c\u00f3 th\u1ec3 b\u1eaft \u0111\u1ea7u l\u1ea5y link \u0111\u1ec3 ch\u1ea1y chi\u1ebfn d\u1ecbch.<\/span><\/p><p><a href=\"https:\/\/rentracks.com.vn\/wp-content\/uploads\/2021\/10\/16.png\"><img loading=\"lazy\" decoding=\"async\" class=\"aligncenter size-full wp-image-4765\" src=\"https:\/\/rentracks.com.vn\/wp-content\/uploads\/2021\/10\/16.png\" alt=\"\" width=\"1920\" height=\"943\" srcset=\"https:\/\/rentracks.com.vn\/wp-content\/uploads\/2021\/10\/16.png 1920w, https:\/\/rentracks.com.vn\/wp-content\/uploads\/2021\/10\/16-300x147.png 300w, https:\/\/rentracks.com.vn\/wp-content\/uploads\/2021\/10\/16-1024x503.png 1024w, https:\/\/rentracks.com.vn\/wp-content\/uploads\/2021\/10\/16-768x377.png 768w, https:\/\/rentracks.com.vn\/wp-content\/uploads\/2021\/10\/16-1536x754.png 1536w\" sizes=\"(max-width: 1920px) 100vw, 1920px\" \/><\/a><\/p><p><span style=\"font-weight: 400;\">C\u00f3 3 c\u00e1ch \u0111\u1ec3 ki\u1ec3m tra t\u00ecnh tr\u1ea1ng duy\u1ec7t y\u00eau c\u1ea7u h\u1ee3p t\u00e1c tri\u1ec3n khai chi\u1ebfn d\u1ecbch<\/span><\/p><p><span style=\"font-weight: 400;\">&#8211; C\u00e1ch 1: ki\u1ec3m tra h\u1ed9p mail \u0111\u1ec3 c\u1eadp nh\u1eadt t\u00ecnh tr\u1ea1ng duy\u1ec7t h\u1ee3p t\u00e1c tri\u1ec3n khai chi\u1ebfn d\u1ecbch<\/span><\/p><p><span style=\"font-weight: 400;\">&#8211; C\u00e1ch 2: Ki\u1ec3m tra tr\u1ea1ng th\u00e1i h\u1ee3p t\u00e1c \u1edf trang \u201cT\u1ea5t c\u1ea3 nh\u00e0 cung c\u1ea5p&#8221; nh\u01b0 sau<\/span><\/p><p><span style=\"font-weight: 400;\">&#8211; C\u00e1ch 3: S\u1eed d\u1ee5ng t\u00ednh n\u0103ng l\u1ecdc nh\u00e0 cung c\u1ea5p theo tr\u1ea1ng th\u00e1i h\u1ee3p t\u00e1c.\u00a0<\/span><\/p><p><a href=\"https:\/\/rentracks.com.vn\/wp-content\/uploads\/2021\/10\/17.png\"><img loading=\"lazy\" decoding=\"async\" class=\"aligncenter size-full wp-image-4767\" src=\"https:\/\/rentracks.com.vn\/wp-content\/uploads\/2021\/10\/17.png\" alt=\"\" width=\"1542\" height=\"464\" srcset=\"https:\/\/rentracks.com.vn\/wp-content\/uploads\/2021\/10\/17.png 1542w, https:\/\/rentracks.com.vn\/wp-content\/uploads\/2021\/10\/17-300x90.png 300w, https:\/\/rentracks.com.vn\/wp-content\/uploads\/2021\/10\/17-1024x308.png 1024w, https:\/\/rentracks.com.vn\/wp-content\/uploads\/2021\/10\/17-768x231.png 768w, https:\/\/rentracks.com.vn\/wp-content\/uploads\/2021\/10\/17-1536x462.png 1536w\" sizes=\"(max-width: 1542px) 100vw, 1542px\" \/><\/a><\/p>\t\t\t\t\t\t<\/div>\n\t\t\t\t<\/div>\n\t\t\t\t\t<\/div>\n\t\t<\/div>\n\t\t\t\t\t\t\t<\/div>\n\t\t<\/section>\n\t\t\t\t\t\t\t<\/div>\n\t\t","protected":false},"excerpt":{"rendered":"<p>H\u01af\u1edaNG D\u1eaaN TRI\u1ec2N KHAI (Nh\u00e0 ph\u00e2n ph\u1ed1i \/ Publisher) \u0110\u0103ng k\u00fd chi\u1ebfn d\u1ecbch Sau khi \u0111\u00e3 c\u1eadp nh\u1eadt xong c\u00e1c th\u00f4ng tin c\u1ea7n thi\u1ebft, b\u1ea1n&hellip;&nbsp;<a href=\"https:\/\/rentracks.com.vn\/en\/trien-khai-chien-dich\/\" class=\"\" rel=\"bookmark\">Read More &raquo;<span class=\"screen-reader-text\">Tri\u1ec3n khai chi\u1ebfn d\u1ecbch<\/span><\/a><\/p>\n","protected":false},"author":1,"featured_media":4759,"parent":0,"menu_order":0,"comment_status":"closed","ping_status":"closed","template":"","meta":{"_themeisle_gutenberg_block_has_review":false,"footnotes":""},"class_list":["post-5142","page","type-page","status-publish","has-post-thumbnail","hentry"],"_links":{"self":[{"href":"https:\/\/rentracks.com.vn\/en\/wp-json\/wp\/v2\/pages\/5142"}],"collection":[{"href":"https:\/\/rentracks.com.vn\/en\/wp-json\/wp\/v2\/pages"}],"about":[{"href":"https:\/\/rentracks.com.vn\/en\/wp-json\/wp\/v2\/types\/page"}],"author":[{"embeddable":true,"href":"https:\/\/rentracks.com.vn\/en\/wp-json\/wp\/v2\/users\/1"}],"replies":[{"embeddable":true,"href":"https:\/\/rentracks.com.vn\/en\/wp-json\/wp\/v2\/comments?post=5142"}],"version-history":[{"count":3,"href":"https:\/\/rentracks.com.vn\/en\/wp-json\/wp\/v2\/pages\/5142\/revisions"}],"predecessor-version":[{"id":12289,"href":"https:\/\/rentracks.com.vn\/en\/wp-json\/wp\/v2\/pages\/5142\/revisions\/12289"}],"wp:featuredmedia":[{"embeddable":true,"href":"https:\/\/rentracks.com.vn\/en\/wp-json\/wp\/v2\/media\/4759"}],"wp:attachment":[{"href":"https:\/\/rentracks.com.vn\/en\/wp-json\/wp\/v2\/media?parent=5142"}],"curies":[{"name":"wp","href":"https:\/\/api.w.org\/{rel}","templated":true}]}}