{"id":5077,"date":"2021-10-14T17:47:22","date_gmt":"2021-10-14T10:47:22","guid":{"rendered":"https:\/\/rentracks.com.vn\/?page_id=5077"},"modified":"2025-02-22T09:25:53","modified_gmt":"2025-02-22T02:25:53","slug":"huong-dan-trang-chu-dashboard","status":"publish","type":"page","link":"https:\/\/rentracks.com.vn\/en\/huong-dan-trang-chu-dashboard\/","title":{"rendered":"H\u01b0\u1edbng d\u1eabn s\u1eed d\u1ee5ng Dashboard"},"content":{"rendered":"\t\t<div data-elementor-type=\"wp-page\" data-elementor-id=\"5077\" class=\"elementor elementor-5077\" data-elementor-post-type=\"page\">\n\t\t\t\t\t\t\t\t\t<section class=\"elementor-section elementor-top-section elementor-element elementor-element-28458675 elementor-section-boxed elementor-section-height-default elementor-section-height-default\" data-id=\"28458675\" data-element_type=\"section\" id=\"scroll-top\">\n\t\t\t\t\t\t<div class=\"elementor-container elementor-column-gap-default\">\n\t\t\t\t\t<div class=\"elementor-column elementor-col-50 elementor-top-column elementor-element elementor-element-14f1b5e\" data-id=\"14f1b5e\" data-element_type=\"column\">\n\t\t\t<div class=\"elementor-widget-wrap\">\n\t\t\t\t\t\t\t\t\t<\/div>\n\t\t<\/div>\n\t\t\t\t<div class=\"elementor-column elementor-col-50 elementor-top-column elementor-element elementor-element-66389316\" data-id=\"66389316\" data-element_type=\"column\">\n\t\t\t<div class=\"elementor-widget-wrap elementor-element-populated\">\n\t\t\t\t\t\t\t\t<div class=\"elementor-element elementor-element-2fa17379 elementor-widget elementor-widget-heading\" data-id=\"2fa17379\" data-element_type=\"widget\" data-widget_type=\"heading.default\">\n\t\t\t\t<div class=\"elementor-widget-container\">\n\t\t\t<h2 class=\"elementor-heading-title elementor-size-default\">H\u01af\u1edaNG D\u1eaaN S\u1eec D\u1ee4NG DASHBOARD<\/h2>\t\t<\/div>\n\t\t\t\t<\/div>\n\t\t\t\t<div class=\"elementor-element elementor-element-4edfd71d elementor-widget elementor-widget-heading\" data-id=\"4edfd71d\" data-element_type=\"widget\" data-widget_type=\"heading.default\">\n\t\t\t\t<div class=\"elementor-widget-container\">\n\t\t\t<h3 class=\"elementor-heading-title elementor-size-default\">(Nh\u00e0 ph\u00e2n ph\u1ed1i \/ Publisher)<\/h3>\t\t<\/div>\n\t\t\t\t<\/div>\n\t\t\t\t\t<\/div>\n\t\t<\/div>\n\t\t\t\t\t\t\t<\/div>\n\t\t<\/section>\n\t\t\t\t<section class=\"elementor-section elementor-top-section elementor-element elementor-element-239d87f elementor-section-boxed elementor-section-height-default elementor-section-height-default\" data-id=\"239d87f\" data-element_type=\"section\">\n\t\t\t\t\t\t<div class=\"elementor-container elementor-column-gap-default\">\n\t\t\t\t\t<div class=\"elementor-column elementor-col-50 elementor-top-column elementor-element elementor-element-dabf5b7 sticky-parent\" data-id=\"dabf5b7\" data-element_type=\"column\">\n\t\t\t<div class=\"elementor-widget-wrap elementor-element-populated\">\n\t\t\t\t\t\t\t\t<div class=\"elementor-element elementor-element-56b5ceb elementor-widget elementor-widget-shortcode\" data-id=\"56b5ceb\" data-element_type=\"widget\" data-widget_type=\"shortcode.default\">\n\t\t\t\t<div class=\"elementor-widget-container\">\n\t\t\t\t\t<div class=\"elementor-shortcode\">\t\t<div data-elementor-type=\"section\" data-elementor-id=\"12269\" class=\"elementor elementor-12269\" data-elementor-post-type=\"elementor_library\">\n\t\t\t\t\t\t\t\t<section class=\"elementor-section elementor-inner-section elementor-element elementor-element-d201bac sticky-column elementor-section-boxed elementor-section-height-default elementor-section-height-default\" data-id=\"d201bac\" data-element_type=\"section\" data-settings=\"{&quot;background_background&quot;:&quot;classic&quot;}\">\n\t\t\t\t\t\t<div class=\"elementor-container elementor-column-gap-no\">\n\t\t\t\t\t<div class=\"elementor-column elementor-col-100 elementor-inner-column elementor-element elementor-element-2037d45\" data-id=\"2037d45\" data-element_type=\"column\" data-settings=\"{&quot;background_background&quot;:&quot;classic&quot;}\">\n\t\t\t<div class=\"elementor-widget-wrap elementor-element-populated\">\n\t\t\t\t\t\t\t\t<div class=\"elementor-element elementor-element-e65b2a2 elementor-widget elementor-widget-heading\" data-id=\"e65b2a2\" data-element_type=\"widget\" data-widget_type=\"heading.default\">\n\t\t\t\t<div class=\"elementor-widget-container\">\n\t\t\t<div class=\"elementor-heading-title elementor-size-small\"><a href=\"https:\/\/rentracks.com.vn\/huong-dan-thiet-lap-tai-khoan-nha-phan-phoi-publisher\/\">Thi\u1ebft l\u1eadp t\u00e0i kho\u1ea3n<\/a><\/div>\t\t<\/div>\n\t\t\t\t<\/div>\n\t\t\t\t<div class=\"elementor-element elementor-element-c46be80 elementor-widget elementor-widget-heading\" data-id=\"c46be80\" data-element_type=\"widget\" data-widget_type=\"heading.default\">\n\t\t\t\t<div class=\"elementor-widget-container\">\n\t\t\t<div class=\"elementor-heading-title elementor-size-small\"><a href=\"\/huong-dan-trang-chu-dashboard\/\">Trang ch\u1ee7 - Dashboard<\/a><\/div>\t\t<\/div>\n\t\t\t\t<\/div>\n\t\t\t\t<div class=\"elementor-element elementor-element-f8b967b elementor-widget-divider--view-line elementor-widget elementor-widget-divider\" data-id=\"f8b967b\" data-element_type=\"widget\" data-widget_type=\"divider.default\">\n\t\t\t\t<div class=\"elementor-widget-container\">\n\t\t\t\t\t<div class=\"elementor-divider\">\n\t\t\t<span class=\"elementor-divider-separator\">\n\t\t\t\t\t\t<\/span>\n\t\t<\/div>\n\t\t\t\t<\/div>\n\t\t\t\t<\/div>\n\t\t\t\t<div class=\"elementor-element elementor-element-9933454 elementor-widget elementor-widget-heading\" data-id=\"9933454\" data-element_type=\"widget\" data-widget_type=\"heading.default\">\n\t\t\t\t<div class=\"elementor-widget-container\">\n\t\t\t<div class=\"elementor-heading-title elementor-size-small\"><a href=\"\/trien-khai-chien-dich\/\">H\u01b0\u1edbng d\u1eabn tri\u1ec3n khai<\/a><\/div>\t\t<\/div>\n\t\t\t\t<\/div>\n\t\t\t\t<div class=\"elementor-element elementor-element-87d95dc elementor-widget-divider--view-line elementor-widget elementor-widget-divider\" data-id=\"87d95dc\" data-element_type=\"widget\" data-widget_type=\"divider.default\">\n\t\t\t\t<div class=\"elementor-widget-container\">\n\t\t\t\t\t<div class=\"elementor-divider\">\n\t\t\t<span class=\"elementor-divider-separator\">\n\t\t\t\t\t\t<\/span>\n\t\t<\/div>\n\t\t\t\t<\/div>\n\t\t\t\t<\/div>\n\t\t\t\t<div class=\"elementor-element elementor-element-e6b893f elementor-widget elementor-widget-heading\" data-id=\"e6b893f\" data-element_type=\"widget\" data-widget_type=\"heading.default\">\n\t\t\t\t<div class=\"elementor-widget-container\">\n\t\t\t<div class=\"elementor-heading-title elementor-size-small\"><a href=\"\/trien-khai-chien-dich\/\">\u0110\u0103ng k\u00fd tri\u1ec3n khai<\/a><\/div>\t\t<\/div>\n\t\t\t\t<\/div>\n\t\t\t\t<div class=\"elementor-element elementor-element-5798ca6 elementor-widget elementor-widget-heading\" data-id=\"5798ca6\" data-element_type=\"widget\" data-widget_type=\"heading.default\">\n\t\t\t\t<div class=\"elementor-widget-container\">\n\t\t\t<div class=\"elementor-heading-title elementor-size-small\"><a href=\"\/huong-dan-tao-affiliate-link\/\">T\u1ea1o affiliate link<\/a><\/div>\t\t<\/div>\n\t\t\t\t<\/div>\n\t\t\t\t<div class=\"elementor-element elementor-element-f052ae8 elementor-widget elementor-widget-heading\" data-id=\"f052ae8\" data-element_type=\"widget\" data-widget_type=\"heading.default\">\n\t\t\t\t<div class=\"elementor-widget-container\">\n\t\t\t<div class=\"elementor-heading-title elementor-size-small\"><a href=\"\/huong-dan-su-dung-conversion-api-tai-dashboard-rentracks\/\">Conversion API<\/a><\/div>\t\t<\/div>\n\t\t\t\t<\/div>\n\t\t\t\t<div class=\"elementor-element elementor-element-b692b42 elementor-widget elementor-widget-heading\" data-id=\"b692b42\" data-element_type=\"widget\" data-widget_type=\"heading.default\">\n\t\t\t\t<div class=\"elementor-widget-container\">\n\t\t\t<div class=\"elementor-heading-title elementor-size-small\"><a href=\"\/bao-cao-toi-uu\/\">B\u00e1o c\u00e1o & T\u1ed1i \u01b0u<\/a><\/div>\t\t<\/div>\n\t\t\t\t<\/div>\n\t\t\t\t<div class=\"elementor-element elementor-element-08e3b89 elementor-widget elementor-widget-heading\" data-id=\"08e3b89\" data-element_type=\"widget\" data-widget_type=\"heading.default\">\n\t\t\t\t<div class=\"elementor-widget-container\">\n\t\t\t<div class=\"elementor-heading-title elementor-size-small\"><a href=\"\/lich-su-thanh-toan\/\">L\u1ecbch s\u1eed thanh to\u00e1n<\/a><\/div>\t\t<\/div>\n\t\t\t\t<\/div>\n\t\t\t\t<div class=\"elementor-element elementor-element-4be287e elementor-widget elementor-widget-heading\" data-id=\"4be287e\" data-element_type=\"widget\" data-widget_type=\"heading.default\">\n\t\t\t\t<div class=\"elementor-widget-container\">\n\t\t\t<div class=\"elementor-heading-title elementor-size-small\"><a href=\"\/rentracks-faqs\/\">FAQs<\/a><\/div>\t\t<\/div>\n\t\t\t\t<\/div>\n\t\t\t\t\t<\/div>\n\t\t<\/div>\n\t\t\t\t\t\t\t<\/div>\n\t\t<\/section>\n\t\t\t\t\t\t<\/div>\n\t\t<\/div>\n\t\t\t\t<\/div>\n\t\t\t\t<\/div>\n\t\t\t\t\t<\/div>\n\t\t<\/div>\n\t\t\t\t<div class=\"elementor-column elementor-col-50 elementor-top-column elementor-element elementor-element-388b8223\" data-id=\"388b8223\" data-element_type=\"column\" data-settings=\"{&quot;background_background&quot;:&quot;classic&quot;}\">\n\t\t\t<div class=\"elementor-widget-wrap elementor-element-populated\">\n\t\t\t\t\t\t\t\t<div class=\"elementor-element elementor-element-4ce6c8e8 elementor-widget elementor-widget-heading\" data-id=\"4ce6c8e8\" data-element_type=\"widget\" data-widget_type=\"heading.default\">\n\t\t\t\t<div class=\"elementor-widget-container\">\n\t\t\t<h2 class=\"elementor-heading-title elementor-size-default\">Trang ch\u1ee7 - Dashboard<\/h2>\t\t<\/div>\n\t\t\t\t<\/div>\n\t\t\t\t<div class=\"elementor-element elementor-element-4662417f elementor-widget elementor-widget-spacer\" data-id=\"4662417f\" data-element_type=\"widget\" data-widget_type=\"spacer.default\">\n\t\t\t\t<div class=\"elementor-widget-container\">\n\t\t\t\t\t<div class=\"elementor-spacer\">\n\t\t\t<div class=\"elementor-spacer-inner\"><\/div>\n\t\t<\/div>\n\t\t\t\t<\/div>\n\t\t\t\t<\/div>\n\t\t\t\t<div class=\"elementor-element elementor-element-44065cd elementor-widget elementor-widget-text-editor\" data-id=\"44065cd\" data-element_type=\"widget\" data-widget_type=\"text-editor.default\">\n\t\t\t\t<div class=\"elementor-widget-container\">\n\t\t\t\t\t\t\t<p><span style=\"font-weight: 400;\">T\u1ea1i ph\u1ea7n n\u00e0y, Rentracks s\u1ebd h\u01b0\u1edbng d\u1eabn cho b\u1ea1n c\u00e1ch c\u1eadp nh\u1eadt th\u00f4ng tin v\u00e0 thao t\u00e1c nhanh tr\u00ean trang ch\u1ee7: xem b\u00e1o c\u00e1o t\u1ed5ng quan, c\u1eadp nh\u1eadt chi\u1ebfn d\u1ecbch m\u1edbi, th\u00f4ng tin m\u1edbi c\u1ee7a Rentracks v\u00e0 c\u00e1ch t\u1ea1o deeplink nhanh ch\u00f3ng. <\/span><\/p>\t\t\t\t\t\t<\/div>\n\t\t\t\t<\/div>\n\t\t\t\t<div class=\"elementor-element elementor-element-e9066ff elementor-widget elementor-widget-heading\" data-id=\"e9066ff\" data-element_type=\"widget\" id=\"bao-cao-tong-quan\" data-widget_type=\"heading.default\">\n\t\t\t\t<div class=\"elementor-widget-container\">\n\t\t\t<h1 class=\"elementor-heading-title elementor-size-default\">1. B\u00e1o c\u00e1o t\u1ed5ng quan<\/h1>\t\t<\/div>\n\t\t\t\t<\/div>\n\t\t\t\t<div class=\"elementor-element elementor-element-11a433f7 elementor-widget elementor-widget-text-editor\" data-id=\"11a433f7\" data-element_type=\"widget\" data-widget_type=\"text-editor.default\">\n\t\t\t\t<div class=\"elementor-widget-container\">\n\t\t\t\t\t\t\t<p><span style=\"font-weight: 400;\">M\u1ee5c<\/span><b> T\u1ed5ng quan<\/b><span style=\"font-weight: 400;\"> trong trang ch\u1ee7 s\u1ebd hi\u1ec3n th\u1ecb m\u1ed9t b\u1ea3ng s\u1ed1 li\u1ec7u th\u1ed1ng k\u00ea nhanh v\u1ec1 c\u00e1c ch\u1ec9 s\u1ed1 quan tr\u1ecdng trong qu\u00e1 tr\u00ecnh tri\u1ec3n khai chi\u1ebfn d\u1ecbch c\u1ee7a b\u1ea1n. B\u1ea3ng s\u1ed1 li\u1ec7u n\u00e0y gi\u00fap b\u1ea1n d\u1ec5 d\u00e0ng c\u1eadp nh\u1eadt t\u00ecnh h\u00ecnh v\u00e0 t\u00ednh hi\u1ec7u qu\u1ea3 c\u1ee7a c\u00e1c chi\u1ebfn d\u1ecbch m\u00e0 b\u1ea1n \u0111ang tri\u1ec3n khai.<\/span><\/p>\n<p><a href=\"https:\/\/rentracks.com.vn\/wp-content\/uploads\/2021\/10\/7.png\"><img fetchpriority=\"high\" decoding=\"async\" class=\"aligncenter size-full wp-image-4736\" src=\"https:\/\/rentracks.com.vn\/wp-content\/uploads\/2021\/10\/7.png\" alt=\"\" width=\"1920\" height=\"941\" srcset=\"https:\/\/rentracks.com.vn\/wp-content\/uploads\/2021\/10\/7.png 1920w, https:\/\/rentracks.com.vn\/wp-content\/uploads\/2021\/10\/7-300x147.png 300w, https:\/\/rentracks.com.vn\/wp-content\/uploads\/2021\/10\/7-1024x502.png 1024w, https:\/\/rentracks.com.vn\/wp-content\/uploads\/2021\/10\/7-768x376.png 768w, https:\/\/rentracks.com.vn\/wp-content\/uploads\/2021\/10\/7-1536x753.png 1536w\" sizes=\"(max-width: 1920px) 100vw, 1920px\" \/><\/a><\/p>\n<p><span style=\"font-weight: 400;\">T\u1ea1i b\u1ed9 l\u1ecdc th\u00f4ng tin \u1edf g\u00f3c tr\u00e1i b\u00ean tr\u00ean, b\u1ea1n c\u00f3 th\u1ec3 l\u1ecdc d\u1eef li\u1ec7u th\u1ed1ng k\u00ea theo k\u00eanh, theo nh\u00e0 cung c\u1ea5p v\u00e0 theo khung th\u1eddi th\u1eddi gian tham chi\u1ebfu.<\/span><\/p>\n<p><span style=\"font-weight: 400;\">Sau khi ch\u1ecdn b\u1ed9 l\u1ecdc d\u1eef li\u1ec7u, h\u1ec7 th\u1ed1ng s\u1ebd xu\u1ea5t d\u1eef li\u1ec7u t\u1ed5ng quan c\u1ee7a t\u00e0i kho\u1ea3n v\u1edbi 3 tr\u01b0\u1eddng th\u00f4ng tin ch\u00ednh sau:<\/span><\/p>\n<p><b>&#8211; \u0110\u01a1n h\u00e0ng<\/b><span style=\"font-weight: 400;\">: g\u1ed3m s\u1ed1 l\u01b0\u1ee3ng \u0111\u01a1n h\u00e0ng ph\u00e1t sinh v\u00e0 s\u1ed1 l\u01b0\u1ee3ng \u0111\u01a1n h\u00e0ng \u0111\u00e3 \u0111\u01b0\u1ee3c duy\u1ec7t.<\/span><\/p>\n<p><b>&#8211; Ph\u00e2n ph\u1ed1i qu\u1ea3ng c\u00e1o:<\/b><span style=\"font-weight: 400;\"> g\u1ed3m s\u1ed1 l\u01b0\u1ee3t hi\u1ec3n th\u1ecb, l\u01b0\u1ee3t nh\u1ea5p chu\u1ed9t v\u00e0 CVR (T\u1ef7 l\u1ec7 l\u01b0\u1ee3t nh\u1ea5p chu\u1ed9t\/ l\u01b0\u1ee3t hi\u1ec3n th\u1ecb).<\/span><\/p>\n<p><b>&#8211; Hoa h\u1ed3ng:<\/b><span style=\"font-weight: 400;\"> g\u1ed3m t\u1ed5ng hoa h\u1ed3ng ph\u00e1t sinh v\u00e0 hoa h\u1ed3ng \u0111\u00e3 \u0111\u01b0\u1ee3c duy\u1ec7t.<\/span><\/p>\t\t\t\t\t\t<\/div>\n\t\t\t\t<\/div>\n\t\t\t\t<div class=\"elementor-element elementor-element-42412bb elementor-widget elementor-widget-heading\" data-id=\"42412bb\" data-element_type=\"widget\" id=\"cap-nhat-chien-dich\" data-widget_type=\"heading.default\">\n\t\t\t\t<div class=\"elementor-widget-container\">\n\t\t\t<h1 class=\"elementor-heading-title elementor-size-default\">2. C\u1eadp nh\u1eadt chi\u1ebfn d\u1ecbch<\/h1>\t\t<\/div>\n\t\t\t\t<\/div>\n\t\t\t\t<div class=\"elementor-element elementor-element-0971e63 elementor-widget elementor-widget-heading\" data-id=\"0971e63\" data-element_type=\"widget\" id=\"chien-dich-hot-hang-ngay\" data-widget_type=\"heading.default\">\n\t\t\t\t<div class=\"elementor-widget-container\">\n\t\t\t<h4 class=\"elementor-heading-title elementor-size-default\">Chi\u1ebfn d\u1ecbch HOT h\u1eb1ng ng\u00e0y<\/h4>\t\t<\/div>\n\t\t\t\t<\/div>\n\t\t\t\t<div class=\"elementor-element elementor-element-ba642e6 elementor-widget elementor-widget-text-editor\" data-id=\"ba642e6\" data-element_type=\"widget\" data-widget_type=\"text-editor.default\">\n\t\t\t\t<div class=\"elementor-widget-container\">\n\t\t\t\t\t\t\t<p><span style=\"font-weight: 400;\">G\u00f3c tr\u00ean b\u00ean ph\u1ea3i m\u00e0n h\u00ecnh s\u1ebd hi\u1ec3n th\u1ecb c\u00e1c chi\u1ebfn d\u1ecbch hot h\u1eb1ng ng\u00e0y c\u1ee7a Rentracks. Khi click v\u00e0o logo c\u1ee7a nh\u00e3n h\u00e0ng, b\u1ea1n s\u1ebd c\u00f3 th\u1ec3 xem \u0111\u01b0\u1ee3c c\u00e1c th\u00f4ng tin chi ti\u1ebft v\u1ec1 chi\u1ebfn d\u1ecbch \u0111\u00f3.<\/span><\/p><p><a href=\"https:\/\/rentracks.com.vn\/wp-content\/uploads\/2021\/10\/8.png\"><img decoding=\"async\" class=\"aligncenter size-full wp-image-4744\" src=\"https:\/\/rentracks.com.vn\/wp-content\/uploads\/2021\/10\/8.png\" alt=\"\" width=\"1920\" height=\"941\" srcset=\"https:\/\/rentracks.com.vn\/wp-content\/uploads\/2021\/10\/8.png 1920w, https:\/\/rentracks.com.vn\/wp-content\/uploads\/2021\/10\/8-300x147.png 300w, https:\/\/rentracks.com.vn\/wp-content\/uploads\/2021\/10\/8-1024x502.png 1024w, https:\/\/rentracks.com.vn\/wp-content\/uploads\/2021\/10\/8-768x376.png 768w, https:\/\/rentracks.com.vn\/wp-content\/uploads\/2021\/10\/8-1536x753.png 1536w\" sizes=\"(max-width: 1920px) 100vw, 1920px\" \/><\/a><\/p>\t\t\t\t\t\t<\/div>\n\t\t\t\t<\/div>\n\t\t\t\t<div class=\"elementor-element elementor-element-35cc0ba elementor-widget elementor-widget-heading\" data-id=\"35cc0ba\" data-element_type=\"widget\" id=\"chien-dich-moi-chien-dich-noi-bat\" data-widget_type=\"heading.default\">\n\t\t\t\t<div class=\"elementor-widget-container\">\n\t\t\t<h4 class=\"elementor-heading-title elementor-size-default\">Chi\u1ebfn d\u1ecbch m\u1edbi\/Chi\u1ebfn d\u1ecbch n\u1ed5i b\u1eadt<\/h4>\t\t<\/div>\n\t\t\t\t<\/div>\n\t\t\t\t<div class=\"elementor-element elementor-element-359e796 elementor-widget elementor-widget-text-editor\" data-id=\"359e796\" data-element_type=\"widget\" data-widget_type=\"text-editor.default\">\n\t\t\t\t<div class=\"elementor-widget-container\">\n\t\t\t\t\t\t\t<p><span style=\"font-weight: 400;\">B\u00ean d\u01b0\u1edbi b\u1ea3ng th\u1ed1ng k\u00ea t\u1ea1i Trang ch\u1ee7 s\u1ebd l\u00e0 danh s\u00e1ch c\u00e1c chi\u1ebfn d\u1ecbch m\u1edbi v\u00e0 chi\u1ebfn d\u1ecbch n\u1ed5i b\u1eadt c\u1ee7a Rentracks. B\u1ea1n c\u00f3 th\u1ec3 c\u1eadp nh\u1eadt th\u00f4ng tin v\u00e0 tra c\u1ee9u chi\u1ebfn d\u1ecbch tr\u1ef1c ti\u1ebfp t\u1ea1i \u0111\u00e2y v\u1edbi b\u1ed9 l\u1ecdc t\u00ecm ki\u1ebfm ngay b\u00ean d\u01b0\u1edbi.<\/span><\/p><p><a href=\"https:\/\/rentracks.com.vn\/wp-content\/uploads\/2021\/10\/9.png\"><img decoding=\"async\" class=\"aligncenter size-full wp-image-4746\" src=\"https:\/\/rentracks.com.vn\/wp-content\/uploads\/2021\/10\/9.png\" alt=\"\" width=\"1920\" height=\"940\" srcset=\"https:\/\/rentracks.com.vn\/wp-content\/uploads\/2021\/10\/9.png 1920w, https:\/\/rentracks.com.vn\/wp-content\/uploads\/2021\/10\/9-300x147.png 300w, https:\/\/rentracks.com.vn\/wp-content\/uploads\/2021\/10\/9-1024x501.png 1024w, https:\/\/rentracks.com.vn\/wp-content\/uploads\/2021\/10\/9-768x376.png 768w, https:\/\/rentracks.com.vn\/wp-content\/uploads\/2021\/10\/9-1536x752.png 1536w\" sizes=\"(max-width: 1920px) 100vw, 1920px\" \/><\/a><\/p>\t\t\t\t\t\t<\/div>\n\t\t\t\t<\/div>\n\t\t\t\t<div class=\"elementor-element elementor-element-e4b6bda elementor-widget elementor-widget-heading\" data-id=\"e4b6bda\" data-element_type=\"widget\" id=\"tao-deep-link\" data-widget_type=\"heading.default\">\n\t\t\t\t<div class=\"elementor-widget-container\">\n\t\t\t<h1 class=\"elementor-heading-title elementor-size-default\">3. T\u1ea1o Deeplink<\/h1>\t\t<\/div>\n\t\t\t\t<\/div>\n\t\t\t\t<div class=\"elementor-element elementor-element-cf10a51 elementor-widget elementor-widget-text-editor\" data-id=\"cf10a51\" data-element_type=\"widget\" data-widget_type=\"text-editor.default\">\n\t\t\t\t<div class=\"elementor-widget-container\">\n\t\t\t\t\t\t\t<p><span style=\"font-weight: 400;\">T\u1ea1i <\/span><b>Trang ch\u1ee7<\/b><span style=\"font-weight: 400;\">, b\u00ean d\u01b0\u1edbi m\u1ee5c <\/span><b>Tin T\u1ee9c<\/b><span style=\"font-weight: 400;\"> b\u1ea1n s\u1ebd nh\u00ecn th\u1ea5y ph\u1ea7n t\u1ea1o deeplink nhanh \u0111\u1ec3 tri\u1ec3n khai chi\u1ebfn d\u1ecbch.\u00a0<\/span><\/p><p><i><span style=\"font-weight: 400;\">***L\u01b0u \u00fd:<\/span><\/i><i><span style=\"font-weight: 400;\"> Publisher ch\u1ec9 c\u00f3 th\u1ec3 t\u1ea1o deeplink nhanh t\u1ea1i trang ch\u1ee7 \u0111\u1ed1i v\u1edbi c\u00e1c chi\u1ebfn d\u1ecbch \u0111\u00e3 \u0111\u01b0\u1ee3c duy\u1ec7t \u0111\u0103ng k\u00fd h\u1ee3p t\u00e1c. \u0110\u1ed1i v\u1edbi c\u00e1c chi\u1ebfn d\u1ecbch m\u1edbi, Publisher truy c\u1eadp v\u00e0o m\u1ee5c T\u1ea5t c\u1ea3 nh\u00e0 cung c\u1ea5p\/ All Advertiser \u0111\u1ec3 \u0111\u0103ng k\u00fd h\u1ee3p t\u00e1c v\u00e0 tri\u1ec3n khai chi\u1ebfn d\u1ecbch.<\/span><\/i><\/p><p><a href=\"https:\/\/rentracks.com.vn\/wp-content\/uploads\/2021\/10\/10.png\"><img loading=\"lazy\" decoding=\"async\" class=\"aligncenter size-full wp-image-4752\" src=\"https:\/\/rentracks.com.vn\/wp-content\/uploads\/2021\/10\/10.png\" alt=\"\" width=\"1920\" height=\"940\" srcset=\"https:\/\/rentracks.com.vn\/wp-content\/uploads\/2021\/10\/10.png 1920w, https:\/\/rentracks.com.vn\/wp-content\/uploads\/2021\/10\/10-300x147.png 300w, https:\/\/rentracks.com.vn\/wp-content\/uploads\/2021\/10\/10-1024x501.png 1024w, https:\/\/rentracks.com.vn\/wp-content\/uploads\/2021\/10\/10-768x376.png 768w, https:\/\/rentracks.com.vn\/wp-content\/uploads\/2021\/10\/10-1536x752.png 1536w\" sizes=\"(max-width: 1920px) 100vw, 1920px\" \/><\/a><\/p><p><span style=\"font-weight: 400;\">C\u00e1c b\u01b0\u1edbc \u0111\u1ec3 l\u1ea5y link nhanh t\u1ea1i Trang ch\u1ee7:<\/span><\/p><p><b>&#8211; B\u01b0\u1edbc 1:<\/b><span style=\"font-weight: 400;\"> Ch\u1ecdn nh\u00e0 cung c\u1ea5p<\/span><\/p><p><b>&#8211; B\u01b0\u1edbc 2:<\/b><span style=\"font-weight: 400;\"> Ch\u1ecdn website\/k\u00eanh m\u00e0 b\u1ea1n mu\u1ed1n d\u00f9ng \u0111\u1ec3 tri\u1ec3n khai chi\u1ebfn d\u1ecbch\u00a0<\/span><\/p><p><b>&#8211; B\u01b0\u1edbc 3:<\/b><span style=\"font-weight: 400;\"> Copy link s\u1ea3n ph\u1ea9m t\u1eeb website c\u1ee7a nh\u00e0 cung c\u1ea5p v\u00e0 d\u00e1n v\u00e0o \u00f4 <\/span><b>Link s\u1ea3n ph\u1ea9m <\/b><span style=\"font-weight: 400;\">(L\u01b0u \u00fd: link ph\u1ea3i \u1edf d\u1ea1ng http:\/\/)<\/span><\/p><p><b>&#8211; B\u01b0\u1edbc 4:<\/b><span style=\"font-weight: 400;\"> B\u1ea5m <\/span><b>T\u1ea1o<\/b><span style=\"font-weight: 400;\">. Sau khi t\u1ea1o link th\u00e0nh c\u00f4ng b\u1ea1n <\/span><b>Copy<\/b><span style=\"font-weight: 400;\"> v\u00e0 s\u1eed d\u1ee5ng link cho c\u00e1c b\u00e0i \u0111\u0103ng c\u1ee7a m\u00ecnh<\/span><\/p><p><span style=\"font-weight: 400;\"><i>***L\u01b0u \u00fd: Ri\u00eang v\u1edbi Lazada v\u00e0 Shopee, b\u1ea1n c\u00f3 th\u1ec3 thao t\u00e1c nh\u01b0 tr\u00ean ho\u1eb7c nh\u1ea5n \u00f4 \u201ct\u00ecm ki\u1ebfm s\u1ea3n ph\u1ea9m\u201d \u0111\u1ec3 t\u00ecm s\u1ea3n ph\u1ea9m c\u00f3 hoa h\u1ed3ng th\u01b0\u1edfng (n\u1ebfu c\u00f3) v\u00e0 t\u1ea1o deeplink nh\u1eb1m t\u1ed1i \u0111a m\u1ee9c hoa h\u1ed3ng c\u00f3 th\u1ec3 nh\u1eadn \u0111\u01b0\u1ee3c.<\/i><\/span><\/p>\t\t\t\t\t\t<\/div>\n\t\t\t\t<\/div>\n\t\t\t\t\t<\/div>\n\t\t<\/div>\n\t\t\t\t\t\t\t<\/div>\n\t\t<\/section>\n\t\t\t\t\t\t\t<\/div>\n\t\t","protected":false},"excerpt":{"rendered":"<p>H\u01af\u1edaNG D\u1eaaN S\u1eec D\u1ee4NG DASHBOARD (Nh\u00e0 ph\u00e2n ph\u1ed1i \/ Publisher) Trang ch\u1ee7 &#8211; Dashboard T\u1ea1i ph\u1ea7n n\u00e0y, Rentracks s\u1ebd h\u01b0\u1edbng d\u1eabn cho b\u1ea1n c\u00e1ch c\u1eadp&hellip;&nbsp;<a href=\"https:\/\/rentracks.com.vn\/en\/huong-dan-trang-chu-dashboard\/\" class=\"\" rel=\"bookmark\">Read More &raquo;<span class=\"screen-reader-text\">H\u01b0\u1edbng d\u1eabn s\u1eed d\u1ee5ng Dashboard<\/span><\/a><\/p>\n","protected":false},"author":1,"featured_media":7980,"parent":0,"menu_order":0,"comment_status":"closed","ping_status":"closed","template":"","meta":{"_themeisle_gutenberg_block_has_review":false,"footnotes":""},"class_list":["post-5077","page","type-page","status-publish","has-post-thumbnail","hentry"],"_links":{"self":[{"href":"https:\/\/rentracks.com.vn\/en\/wp-json\/wp\/v2\/pages\/5077"}],"collection":[{"href":"https:\/\/rentracks.com.vn\/en\/wp-json\/wp\/v2\/pages"}],"about":[{"href":"https:\/\/rentracks.com.vn\/en\/wp-json\/wp\/v2\/types\/page"}],"author":[{"embeddable":true,"href":"https:\/\/rentracks.com.vn\/en\/wp-json\/wp\/v2\/users\/1"}],"replies":[{"embeddable":true,"href":"https:\/\/rentracks.com.vn\/en\/wp-json\/wp\/v2\/comments?post=5077"}],"version-history":[{"count":3,"href":"https:\/\/rentracks.com.vn\/en\/wp-json\/wp\/v2\/pages\/5077\/revisions"}],"predecessor-version":[{"id":12298,"href":"https:\/\/rentracks.com.vn\/en\/wp-json\/wp\/v2\/pages\/5077\/revisions\/12298"}],"wp:featuredmedia":[{"embeddable":true,"href":"https:\/\/rentracks.com.vn\/en\/wp-json\/wp\/v2\/media\/7980"}],"wp:attachment":[{"href":"https:\/\/rentracks.com.vn\/en\/wp-json\/wp\/v2\/media?parent=5077"}],"curies":[{"name":"wp","href":"https:\/\/api.w.org\/{rel}","templated":true}]}}