{"id":4488,"date":"2021-10-13T17:41:37","date_gmt":"2021-10-13T10:41:37","guid":{"rendered":"https:\/\/rentracks.com.vn\/?page_id=4488"},"modified":"2025-02-22T09:24:52","modified_gmt":"2025-02-22T02:24:52","slug":"huong-dan-thiet-lap-tai-khoan-nha-phan-phoi-publisher","status":"publish","type":"page","link":"https:\/\/rentracks.com.vn\/en\/huong-dan-thiet-lap-tai-khoan-nha-phan-phoi-publisher\/","title":{"rendered":"H\u01b0\u1edbng d\u1eabn thi\u1ebft l\u1eadp t\u00e0i kho\u1ea3n Publisher"},"content":{"rendered":"\t\t<div data-elementor-type=\"wp-page\" data-elementor-id=\"4488\" class=\"elementor elementor-4488\" data-elementor-post-type=\"page\">\n\t\t\t\t\t\t\t\t\t<section class=\"elementor-section elementor-top-section elementor-element elementor-element-197deea elementor-section-boxed elementor-section-height-default elementor-section-height-default\" data-id=\"197deea\" data-element_type=\"section\" id=\"scroll-top\">\n\t\t\t\t\t\t<div class=\"elementor-container elementor-column-gap-default\">\n\t\t\t\t\t<div class=\"elementor-column elementor-col-50 elementor-top-column elementor-element elementor-element-0b63eb0\" data-id=\"0b63eb0\" data-element_type=\"column\">\n\t\t\t<div class=\"elementor-widget-wrap\">\n\t\t\t\t\t\t\t\t\t<\/div>\n\t\t<\/div>\n\t\t\t\t<div class=\"elementor-column elementor-col-50 elementor-top-column elementor-element elementor-element-4d9e648\" data-id=\"4d9e648\" data-element_type=\"column\">\n\t\t\t<div class=\"elementor-widget-wrap elementor-element-populated\">\n\t\t\t\t\t\t\t\t<div class=\"elementor-element elementor-element-93d5b9b elementor-widget elementor-widget-heading\" data-id=\"93d5b9b\" data-element_type=\"widget\" data-widget_type=\"heading.default\">\n\t\t\t\t<div class=\"elementor-widget-container\">\n\t\t\t<h2 class=\"elementor-heading-title elementor-size-default\">H\u01af\u1edaNG D\u1eaaN THI\u1ebeT L\u1eacP T\u00c0I KHO\u1ea2N<\/h2>\t\t<\/div>\n\t\t\t\t<\/div>\n\t\t\t\t<div class=\"elementor-element elementor-element-c31d524 elementor-widget elementor-widget-heading\" data-id=\"c31d524\" data-element_type=\"widget\" data-widget_type=\"heading.default\">\n\t\t\t\t<div class=\"elementor-widget-container\">\n\t\t\t<h3 class=\"elementor-heading-title elementor-size-default\">(Nh\u00e0 ph\u00e2n ph\u1ed1i \/ Publisher)<\/h3>\t\t<\/div>\n\t\t\t\t<\/div>\n\t\t\t\t\t<\/div>\n\t\t<\/div>\n\t\t\t\t\t\t\t<\/div>\n\t\t<\/section>\n\t\t\t\t<section class=\"elementor-section elementor-top-section elementor-element elementor-element-911c1a3 elementor-section-boxed elementor-section-height-default elementor-section-height-default\" data-id=\"911c1a3\" data-element_type=\"section\">\n\t\t\t\t\t\t<div class=\"elementor-container elementor-column-gap-default\">\n\t\t\t\t\t<div class=\"elementor-column elementor-col-50 elementor-top-column elementor-element elementor-element-6b95004 sticky-parent\" data-id=\"6b95004\" data-element_type=\"column\">\n\t\t\t<div class=\"elementor-widget-wrap elementor-element-populated\">\n\t\t\t\t\t\t\t\t<div class=\"elementor-element elementor-element-bbae639 elementor-widget elementor-widget-shortcode\" data-id=\"bbae639\" data-element_type=\"widget\" data-widget_type=\"shortcode.default\">\n\t\t\t\t<div class=\"elementor-widget-container\">\n\t\t\t\t\t<div class=\"elementor-shortcode\">\t\t<div data-elementor-type=\"section\" data-elementor-id=\"12269\" class=\"elementor elementor-12269\" data-elementor-post-type=\"elementor_library\">\n\t\t\t\t\t\t\t\t<section class=\"elementor-section elementor-inner-section elementor-element elementor-element-d201bac sticky-column elementor-section-boxed elementor-section-height-default elementor-section-height-default\" data-id=\"d201bac\" data-element_type=\"section\" data-settings=\"{&quot;background_background&quot;:&quot;classic&quot;}\">\n\t\t\t\t\t\t<div class=\"elementor-container elementor-column-gap-no\">\n\t\t\t\t\t<div class=\"elementor-column elementor-col-100 elementor-inner-column elementor-element elementor-element-2037d45\" data-id=\"2037d45\" data-element_type=\"column\" data-settings=\"{&quot;background_background&quot;:&quot;classic&quot;}\">\n\t\t\t<div class=\"elementor-widget-wrap elementor-element-populated\">\n\t\t\t\t\t\t\t\t<div class=\"elementor-element elementor-element-e65b2a2 elementor-widget elementor-widget-heading\" data-id=\"e65b2a2\" data-element_type=\"widget\" data-widget_type=\"heading.default\">\n\t\t\t\t<div class=\"elementor-widget-container\">\n\t\t\t<div class=\"elementor-heading-title elementor-size-small\"><a href=\"https:\/\/rentracks.com.vn\/huong-dan-thiet-lap-tai-khoan-nha-phan-phoi-publisher\/\">Thi\u1ebft l\u1eadp t\u00e0i kho\u1ea3n<\/a><\/div>\t\t<\/div>\n\t\t\t\t<\/div>\n\t\t\t\t<div class=\"elementor-element elementor-element-c46be80 elementor-widget elementor-widget-heading\" data-id=\"c46be80\" data-element_type=\"widget\" data-widget_type=\"heading.default\">\n\t\t\t\t<div class=\"elementor-widget-container\">\n\t\t\t<div class=\"elementor-heading-title elementor-size-small\"><a href=\"\/huong-dan-trang-chu-dashboard\/\">Trang ch\u1ee7 - Dashboard<\/a><\/div>\t\t<\/div>\n\t\t\t\t<\/div>\n\t\t\t\t<div class=\"elementor-element elementor-element-f8b967b elementor-widget-divider--view-line elementor-widget elementor-widget-divider\" data-id=\"f8b967b\" data-element_type=\"widget\" data-widget_type=\"divider.default\">\n\t\t\t\t<div class=\"elementor-widget-container\">\n\t\t\t\t\t<div class=\"elementor-divider\">\n\t\t\t<span class=\"elementor-divider-separator\">\n\t\t\t\t\t\t<\/span>\n\t\t<\/div>\n\t\t\t\t<\/div>\n\t\t\t\t<\/div>\n\t\t\t\t<div class=\"elementor-element elementor-element-9933454 elementor-widget elementor-widget-heading\" data-id=\"9933454\" data-element_type=\"widget\" data-widget_type=\"heading.default\">\n\t\t\t\t<div class=\"elementor-widget-container\">\n\t\t\t<div class=\"elementor-heading-title elementor-size-small\"><a href=\"\/trien-khai-chien-dich\/\">H\u01b0\u1edbng d\u1eabn tri\u1ec3n khai<\/a><\/div>\t\t<\/div>\n\t\t\t\t<\/div>\n\t\t\t\t<div class=\"elementor-element elementor-element-87d95dc elementor-widget-divider--view-line elementor-widget elementor-widget-divider\" data-id=\"87d95dc\" data-element_type=\"widget\" data-widget_type=\"divider.default\">\n\t\t\t\t<div class=\"elementor-widget-container\">\n\t\t\t\t\t<div class=\"elementor-divider\">\n\t\t\t<span class=\"elementor-divider-separator\">\n\t\t\t\t\t\t<\/span>\n\t\t<\/div>\n\t\t\t\t<\/div>\n\t\t\t\t<\/div>\n\t\t\t\t<div class=\"elementor-element elementor-element-e6b893f elementor-widget elementor-widget-heading\" data-id=\"e6b893f\" data-element_type=\"widget\" data-widget_type=\"heading.default\">\n\t\t\t\t<div class=\"elementor-widget-container\">\n\t\t\t<div class=\"elementor-heading-title elementor-size-small\"><a href=\"\/trien-khai-chien-dich\/\">\u0110\u0103ng k\u00fd tri\u1ec3n khai<\/a><\/div>\t\t<\/div>\n\t\t\t\t<\/div>\n\t\t\t\t<div class=\"elementor-element elementor-element-5798ca6 elementor-widget elementor-widget-heading\" data-id=\"5798ca6\" data-element_type=\"widget\" data-widget_type=\"heading.default\">\n\t\t\t\t<div class=\"elementor-widget-container\">\n\t\t\t<div class=\"elementor-heading-title elementor-size-small\"><a href=\"\/huong-dan-tao-affiliate-link\/\">T\u1ea1o affiliate link<\/a><\/div>\t\t<\/div>\n\t\t\t\t<\/div>\n\t\t\t\t<div class=\"elementor-element elementor-element-f052ae8 elementor-widget elementor-widget-heading\" data-id=\"f052ae8\" data-element_type=\"widget\" data-widget_type=\"heading.default\">\n\t\t\t\t<div class=\"elementor-widget-container\">\n\t\t\t<div class=\"elementor-heading-title elementor-size-small\"><a href=\"\/huong-dan-su-dung-conversion-api-tai-dashboard-rentracks\/\">Conversion API<\/a><\/div>\t\t<\/div>\n\t\t\t\t<\/div>\n\t\t\t\t<div class=\"elementor-element elementor-element-b692b42 elementor-widget elementor-widget-heading\" data-id=\"b692b42\" data-element_type=\"widget\" data-widget_type=\"heading.default\">\n\t\t\t\t<div class=\"elementor-widget-container\">\n\t\t\t<div class=\"elementor-heading-title elementor-size-small\"><a href=\"\/bao-cao-toi-uu\/\">B\u00e1o c\u00e1o & T\u1ed1i \u01b0u<\/a><\/div>\t\t<\/div>\n\t\t\t\t<\/div>\n\t\t\t\t<div class=\"elementor-element elementor-element-08e3b89 elementor-widget elementor-widget-heading\" data-id=\"08e3b89\" data-element_type=\"widget\" data-widget_type=\"heading.default\">\n\t\t\t\t<div class=\"elementor-widget-container\">\n\t\t\t<div class=\"elementor-heading-title elementor-size-small\"><a href=\"\/lich-su-thanh-toan\/\">L\u1ecbch s\u1eed thanh to\u00e1n<\/a><\/div>\t\t<\/div>\n\t\t\t\t<\/div>\n\t\t\t\t<div class=\"elementor-element elementor-element-4be287e elementor-widget elementor-widget-heading\" data-id=\"4be287e\" data-element_type=\"widget\" data-widget_type=\"heading.default\">\n\t\t\t\t<div class=\"elementor-widget-container\">\n\t\t\t<div class=\"elementor-heading-title elementor-size-small\"><a href=\"\/rentracks-faqs\/\">FAQs<\/a><\/div>\t\t<\/div>\n\t\t\t\t<\/div>\n\t\t\t\t\t<\/div>\n\t\t<\/div>\n\t\t\t\t\t\t\t<\/div>\n\t\t<\/section>\n\t\t\t\t\t\t<\/div>\n\t\t<\/div>\n\t\t\t\t<\/div>\n\t\t\t\t<\/div>\n\t\t\t\t\t<\/div>\n\t\t<\/div>\n\t\t\t\t<div class=\"elementor-column elementor-col-50 elementor-top-column elementor-element elementor-element-1f34f72\" data-id=\"1f34f72\" data-element_type=\"column\" data-settings=\"{&quot;background_background&quot;:&quot;classic&quot;}\">\n\t\t\t<div class=\"elementor-widget-wrap elementor-element-populated\">\n\t\t\t\t\t\t\t\t<div class=\"elementor-element elementor-element-ec1fc3e elementor-widget elementor-widget-text-editor\" data-id=\"ec1fc3e\" data-element_type=\"widget\" data-widget_type=\"text-editor.default\">\n\t\t\t\t<div class=\"elementor-widget-container\">\n\t\t\t\t\t\t\t<p><span style=\"font-weight: 400;\">Khi \u0111\u0103ng k\u00fd t\u00e0i kho\u1ea3n Publisher th\u00e0nh c\u00f4ng, b\u1ea1n s\u1ebd \u0111\u01b0\u1ee3c chuy\u1ec3n ti\u1ebfp \u0111\u1ebfn trang ch\u1ee7 c\u1ee7a giao di\u1ec7n d\u00e0nh cho Publisher. Tr\u01b0\u1edbc khi b\u1eaft \u0111\u1ea7u tri\u1ec3n khai chi\u1ebfn d\u1ecbch ti\u1ebfp th\u1ecb li\u00ean k\u1ebft, b\u1ea1n c\u1ea7n c\u1eadp nh\u1eadt \u0111\u1ea7y \u0111\u1ee7 c\u00e1c th\u00f4ng tin c\u1ea7n thi\u1ebft \u0111\u1ec3 thu\u1eadn ti\u1ec7n cho vi\u1ec7c qu\u1ea3n l\u00fd, \u0111\u0103ng k\u00fd tri\u1ec3n khai chi\u1ebfn d\u1ecbch v\u00e0 thanh to\u00e1n.<\/span><\/p><p><span style=\"font-weight: 400;\">C\u00f3 t\u1ea5t c\u1ea3 3 m\u1ee5c b\u1ea1n c\u1ea7n ph\u1ea3i c\u1eadp nh\u1eadt th\u00f4ng tin bao g\u1ed3m:<\/span><\/p><p><b>&#8211; C\u00e0i \u0111\u1eb7t t\u00e0i kho\u1ea3n<\/b><span style=\"font-weight: 400;\">: C\u1eadp nh\u1eadt th\u00f4ng tin t\u1ed5ng quan c\u1ee7a Publisher<\/span><\/p><p><b>&#8211; C\u00e0i \u0111\u1eb7t k\u00eanh<\/b><span style=\"font-weight: 400;\">: C\u1eadp nh\u1eadt danh s\u00e1ch c\u00e1c k\u00eanh qu\u1ea3ng c\u00e1o c\u1ee7a Publisher<\/span><\/p><p><b>&#8211; C\u00e0i \u0111\u1eb7t thanh to\u00e1n<\/b>: C\u1eadp nh\u1eadt th\u00f4ng tin thanh to\u00e1n<\/p><h1><b>1. C\u00c0I \u0110\u1eb6T T\u00c0I KHO\u1ea2N<\/b><\/h1><p><b>B\u01b0\u1edbc 1:<\/b> Truy c\u1eadp v\u00e0 b\u1ea5m ch\u1ecdn m\u1ee5c <b>C\u00e0i \u0111\u1eb7t t\u00e0i kho\u1ea3n<\/b> tr\u00ean thanh menu ch\u00ednh.<\/p><p><a href=\"https:\/\/rentracks.com.vn\/wp-content\/uploads\/2021\/10\/1.png\"><img fetchpriority=\"high\" decoding=\"async\" src=\"https:\/\/rentracks.com.vn\/wp-content\/uploads\/2021\/10\/1.png\" alt=\"\" width=\"1920\" height=\"940\" \/><\/a><\/p><p><b>B\u01b0\u1edbc 2:<\/b> \u0110i\u1ec1n \u0111\u1ea7y \u0111\u1ee7 c\u00e1c th\u00f4ng tin c\u1ea7n thi\u1ebft.<\/p><p><a href=\"https:\/\/rentracks.com.vn\/wp-content\/uploads\/2021\/10\/2.png\"><img decoding=\"async\" src=\"https:\/\/rentracks.com.vn\/wp-content\/uploads\/2021\/10\/2.png\" alt=\"\" width=\"1920\" height=\"941\" \/><\/a><\/p><p><b>Publisher ID: <\/b>M\u1ed7i publisher s\u1ebd \u0111\u01b0\u1ee3c c\u1ea5p m\u1ed9t m\u00e3 ID, h\u00e3y cung c\u1ea5p Publisher ID cho AM c\u1ee7a Rentracks \u0111\u1ec3 \u0111\u01b0\u1ee3c h\u1ed7 tr\u1ee3 nhanh ch\u00f3ng.\u00a0<\/p><p>C\u00e1c n\u1ed9i dung \u0111\u00e3 \u0111\u01b0\u1ee3c thi\u1ebft l\u1eadp \u1edf b\u01b0\u1edbc \u0111\u0103ng k\u00fd t\u00e0i kho\u1ea3n, Publisher kh\u00f4ng th\u1ec3 ch\u1ec9nh s\u1eeda: Email v\u00e0 Qu\u1ed1c gia.<\/p><p>C\u00e1c n\u1ed9i dung Publisher c\u1ea7n c\u1eadp nh\u1eadt ch\u00ednh x\u00e1c g\u1ed3m:<\/p><ul><li aria-level=\"1\">H\u1ecd v\u00e0 t\u00ean (Theo CMND ho\u1eb7c CCCD)<\/li><li aria-level=\"1\">Ng\u00e0y sinh<\/li><li aria-level=\"1\">\u0110\u1ecba ch\u1ec9<\/li><li aria-level=\"1\">M\u00e3 b\u01b0u \u0111i\u1ec7n (kh\u00f4ng b\u1eaft bu\u1ed9c)<\/li><li aria-level=\"1\">\u0110i\u1ec7n tho\u1ea1i<\/li><li aria-level=\"1\">CMND\/CCCD<\/li><\/ul><p>Sau khi \u0111\u00e3 ho\u00e0n t\u1ea5t, b\u1ea5m n\u00fat <b>C\u1eadp nh\u1eadt <\/b>\u0111\u1ec3 l\u01b0u l\u1ea1i th\u00f4ng tin.<\/p><p><i>***L\u01b0u \u00fd: <\/i>B\u1ea1n c\u1ea7n ph\u1ea3i \u0111i\u1ec1n \u0111\u1ea7y \u0111\u1ee7 v\u00e0 ch\u00ednh x\u00e1c c\u00e1c th\u00f4ng tin tr\u00ean \u0111\u1eb7c bi\u1ec7t l\u00e0 ph\u1ea7n CMND\/CCCD \u0111\u1ec3 c\u00f3 th\u1ec3 nh\u1eadn \u0111\u01b0\u1ee3c chuy\u1ec3n kho\u1ea3n thanh to\u00e1n \u0111\u00fang k\u1ef3 h\u1ea1n. N\u1ebfu kh\u00f4ng, b\u1ea1n s\u1ebd kh\u00f4ng nh\u1eadn \u0111\u01b0\u1ee3c thanh to\u00e1n t\u1eeb Rentracks.<\/p><h1 style=\"letter-spacing: normal;\">2. C\u00c0I \u0110\u1eb6T K\u00caNH TI\u1ebeP TH\u1eca<\/h1><div><p><b>B\u01b0\u1edbc 1: <\/b>T\u1ea1i m\u1ee5c <b>C\u00e0i \u0111\u1eb7t t\u00e0i kho\u1ea3n <\/b>tr\u00ean thanh menu ch\u00ednh, b\u1ea5m ch\u1ecdn <b>C\u00e0i \u0111\u1eb7t k\u00eanh<\/b><\/p><p><a href=\"https:\/\/rentracks.com.vn\/wp-content\/uploads\/2021\/10\/3.png\"><img decoding=\"async\" src=\"https:\/\/rentracks.com.vn\/wp-content\/uploads\/2021\/10\/3.png\" alt=\"\" width=\"1920\" height=\"942\" \/><\/a><\/p><p><b>B\u01b0\u1edbc 2:<\/b> \u0110i\u1ec1n t\u00ean v\u00e0 link c\u1ee7a k\u00eanh m\u00e0 b\u1ea1n s\u1ebd d\u00f9ng \u0111\u1ec3 l\u00e0m ti\u1ebfp th\u1ecb li\u00ean k\u1ebft.<\/p><p><a href=\"https:\/\/rentracks.com.vn\/wp-content\/uploads\/2021\/10\/4.png\"><img loading=\"lazy\" decoding=\"async\" src=\"https:\/\/rentracks.com.vn\/wp-content\/uploads\/2021\/10\/4.png\" alt=\"\" width=\"1920\" height=\"940\" \/><\/a><\/p><ul><li aria-level=\"1\"><b>T\u00ean g\u1ecdi k\u00eanh:<\/b> c\u1eadp nh\u1eadt t\u00ean c\u1ee7a k\u00eanh qu\u1ea3ng c\u00e1o (website\/fanpage\/trang c\u00e1 nh\u00e2n&#8230;), c\u1eadp nh\u1eadt ch\u00ednh x\u00e1c t\u00ean \u0111\u1ec3 thu\u1eadn ti\u1ec7n trong vi\u1ec7c qu\u1ea3n l\u00fd v\u00e0 t\u1ed1i \u01b0u chi\u1ebfn d\u1ecbch<\/li><li aria-level=\"1\"><b>URL:<\/b> \u0111i\u1ec1n link c\u1ee7a k\u00eanh m\u00e0 b\u1ea1n s\u1eed d\u1ee5ng. (L\u01b0u \u00fd: link \u0111i\u1ec1n v\u00e0o ph\u1ea3i \u1edf d\u1ea1ng http:\/\/)<\/li><\/ul><p>N\u1ebfu b\u1ea1n s\u1eed d\u1ee5ng nhi\u1ec1u k\u00eanh kh\u00e1c nhau \u0111\u1ec3 ch\u1ea1y chi\u1ebfn d\u1ecbch, b\u1ea5m ch\u1ecdn <b>Th\u00eam k\u00eanh<\/b> v\u00e0 \u0111i\u1ec1n \u0111\u1ea7y \u0111\u1ee7 th\u00f4ng tin nh\u01b0 tr\u00ean. Rentracks kh\u00f4ng gi\u1edbi h\u1ea1n s\u1ed1 l\u01b0\u1ee3ng k\u00eanh qu\u1ea3ng c\u00e1o, Publisher n\u00ean c\u1eadp nh\u1eadt t\u1ea5t c\u1ea3 c\u00e1c k\u00eanh qu\u1ea3ng c\u00e1o \u0111ang s\u1edf h\u1eefu \u0111\u1ec3 thu\u1eadn ti\u1ec7n h\u01a1n trong vi\u1ec7c \u0111\u0103ng k\u00fd tri\u1ec3n khai chi\u1ebfn d\u1ecbch ti\u1ebfp th\u1ecb li\u00ean k\u1ebft.\u00a0<\/p><p><b>B\u01b0\u1edbc 3:<\/b> B\u1ea5m n\u00fat <b>C\u1eadp nh\u1eadt<\/b> \u0111\u1ec3 l\u01b0u l\u1ea1i th\u00f4ng tin.<\/p><p><span style=\"font-size: 2em; font-weight: 600;\">3. C\u00c0I \u0110\u1eb6T THANH TO\u00c1N<\/span><\/p><p><b>B\u01b0\u1edbc 1:<\/b> T\u1ea1i m\u1ee5c <b>C\u00e0i \u0111\u1eb7t t\u00e0i kho\u1ea3n<\/b> tr\u00ean thanh menu ch\u00ednh, b\u1ea5m ch\u1ecdn <b>C\u00e0i \u0111\u1eb7t thanh to\u00e1n<\/b>.<\/p><p><a href=\"https:\/\/rentracks.com.vn\/wp-content\/uploads\/2021\/10\/5.png\"><img loading=\"lazy\" decoding=\"async\" src=\"https:\/\/rentracks.com.vn\/wp-content\/uploads\/2021\/10\/5.png\" alt=\"\" width=\"1920\" height=\"942\" \/><\/a><\/p><p><b>B\u01b0\u1edbc 2:<\/b> \u0110i\u1ec1n \u0111\u1ea7y \u0111\u1ee7 c\u00e1c th\u00f4ng tin v\u1ec1 t\u00e0i kho\u1ea3n ng\u00e2n h\u00e0ng m\u00e0 b\u1ea1n mu\u1ed1n d\u00f9ng \u0111\u1ec3 giao d\u1ecbch v\u1edbi Rentracks.\u00a0<\/p><p>C\u00e1c th\u00f4ng tin bao g\u1ed3m:<\/p><ul><li aria-level=\"1\">T\u00ean ng\u00e2n h\u00e0ng<\/li><li aria-level=\"1\">T\u00ean ch\u1ee7 t\u00e0i kho\u1ea3n<\/li><li aria-level=\"1\">S\u1ed1 T\u00e0i kho\u1ea3n<\/li><li aria-level=\"1\">T\u00ean chi nh\u00e1nh<\/li><li aria-level=\"1\">Lo\u1ea1i t\u00e0i kho\u1ea3n: s\u1ebd c\u00f3 2 h\u00ecnh th\u1ee9c t\u00e0i kho\u1ea3n \u0111\u1ec3 b\u1ea1n l\u1ef1a ch\u1ecdn l\u00e0 Ti\u1ec1n g\u1eedi ti\u1ebft ki\u1ec7m\/Ti\u1ec1n g\u1eedi thanh to\u00e1n. H\u00e3y ch\u1eafc ch\u1eafn r\u1eb1ng b\u1ea1n ch\u1ecdn \u0111\u00fang lo\u1ea1i nh\u00e9.<\/li><\/ul><p><i style=\"font-weight: var( --e-global-typography-text-font-weight );\">&#8211; Ti\u1ec1n g\u1eedi ti\u1ebft ki\u1ec7m: l\u00e0 t\u00e0i kho\u1ea3n g\u1eedi ti\u1ec1n v\u00e0o ch\u1ec9 \u0111\u1ec3 ti\u1ebft ki\u1ec7m v\u00e0 nh\u1eadn l\u00e3i su\u1ea5t \u0111\u1ecbnh k\u1ef3.<\/i><br \/><i style=\"font-weight: var( --e-global-typography-text-font-weight );\">&#8211; Ti\u1ec1n g\u1eedi thanh to\u00e1n: l\u00e0 t\u00e0i kho\u1ea3n g\u1eedi ti\u1ec1n v\u00e0o \u0111\u1ec3 thanh to\u00e1n chi ph\u00ed ti\u00eau d\u00f9ng.<\/i><span style=\"font-weight: var( --e-global-typography-text-font-weight );\">\u00a0<\/span><\/p><ul><li aria-level=\"1\">Ti\u1ec1n t\u1ec7 t\u00e0i kho\u1ea3n: ch\u1ecdn Vietnam Dong<\/li><\/ul><p><a href=\"https:\/\/rentracks.com.vn\/wp-content\/uploads\/2021\/10\/6.png\"><img loading=\"lazy\" decoding=\"async\" src=\"https:\/\/rentracks.com.vn\/wp-content\/uploads\/2021\/10\/6.png\" alt=\"\" width=\"1920\" height=\"939\" \/><\/a><\/p><p><b>B\u01b0\u1edbc 3: <\/b>Sau khi ho\u00e0n t\u1ea5t, b\u1ea5m n\u00fat <b>C\u1eadp nh\u1eadt<\/b> \u0111\u1ec3 l\u01b0u l\u1ea1i th\u00f4ng tin.<\/p><\/div>\t\t\t\t\t\t<\/div>\n\t\t\t\t<\/div>\n\t\t\t\t\t<\/div>\n\t\t<\/div>\n\t\t\t\t\t\t\t<\/div>\n\t\t<\/section>\n\t\t\t\t\t\t\t<\/div>\n\t\t","protected":false},"excerpt":{"rendered":"<p>H\u01af\u1edaNG D\u1eaaN THI\u1ebeT L\u1eacP T\u00c0I KHO\u1ea2N (Nh\u00e0 ph\u00e2n ph\u1ed1i \/ Publisher) Khi \u0111\u0103ng k\u00fd t\u00e0i kho\u1ea3n Publisher th\u00e0nh c\u00f4ng, b\u1ea1n s\u1ebd \u0111\u01b0\u1ee3c chuy\u1ec3n ti\u1ebfp \u0111\u1ebfn&hellip;&nbsp;<a href=\"https:\/\/rentracks.com.vn\/en\/huong-dan-thiet-lap-tai-khoan-nha-phan-phoi-publisher\/\" class=\"\" rel=\"bookmark\">Read More &raquo;<span class=\"screen-reader-text\">H\u01b0\u1edbng d\u1eabn thi\u1ebft l\u1eadp t\u00e0i kho\u1ea3n Publisher<\/span><\/a><\/p>\n","protected":false},"author":1,"featured_media":7980,"parent":0,"menu_order":0,"comment_status":"closed","ping_status":"closed","template":"","meta":{"_themeisle_gutenberg_block_has_review":false,"footnotes":""},"class_list":["post-4488","page","type-page","status-publish","has-post-thumbnail","hentry"],"_links":{"self":[{"href":"https:\/\/rentracks.com.vn\/en\/wp-json\/wp\/v2\/pages\/4488"}],"collection":[{"href":"https:\/\/rentracks.com.vn\/en\/wp-json\/wp\/v2\/pages"}],"about":[{"href":"https:\/\/rentracks.com.vn\/en\/wp-json\/wp\/v2\/types\/page"}],"author":[{"embeddable":true,"href":"https:\/\/rentracks.com.vn\/en\/wp-json\/wp\/v2\/users\/1"}],"replies":[{"embeddable":true,"href":"https:\/\/rentracks.com.vn\/en\/wp-json\/wp\/v2\/comments?post=4488"}],"version-history":[{"count":3,"href":"https:\/\/rentracks.com.vn\/en\/wp-json\/wp\/v2\/pages\/4488\/revisions"}],"predecessor-version":[{"id":12295,"href":"https:\/\/rentracks.com.vn\/en\/wp-json\/wp\/v2\/pages\/4488\/revisions\/12295"}],"wp:featuredmedia":[{"embeddable":true,"href":"https:\/\/rentracks.com.vn\/en\/wp-json\/wp\/v2\/media\/7980"}],"wp:attachment":[{"href":"https:\/\/rentracks.com.vn\/en\/wp-json\/wp\/v2\/media?parent=4488"}],"curies":[{"name":"wp","href":"https:\/\/api.w.org\/{rel}","templated":true}]}}