{"id":11929,"date":"2025-02-20T11:14:19","date_gmt":"2025-02-20T04:14:19","guid":{"rendered":"https:\/\/rentracks.com.vn\/?page_id=11929"},"modified":"2025-02-21T09:24:35","modified_gmt":"2025-02-21T02:24:35","slug":"huong-dan-su-dung-conversion-api-tai-dashboard-rentracks","status":"publish","type":"page","link":"https:\/\/rentracks.com.vn\/en\/huong-dan-su-dung-conversion-api-tai-dashboard-rentracks\/","title":{"rendered":"H\u01af\u1edaNG D\u1eaaN S\u1eec D\u1ee4NG CONVERSION API T\u1ea0I DASHBOARD RENTRACKS"},"content":{"rendered":"\t\t<div data-elementor-type=\"wp-page\" data-elementor-id=\"11929\" class=\"elementor elementor-11929\" data-elementor-post-type=\"page\">\n\t\t\t\t\t\t\t\t\t<section class=\"elementor-section elementor-top-section elementor-element elementor-element-65d4130 elementor-section-boxed elementor-section-height-default elementor-section-height-default\" data-id=\"65d4130\" data-element_type=\"section\">\n\t\t\t\t\t\t<div class=\"elementor-container elementor-column-gap-default\">\n\t\t\t\t\t<div class=\"elementor-column elementor-col-100 elementor-top-column elementor-element elementor-element-ca2520e\" data-id=\"ca2520e\" data-element_type=\"column\">\n\t\t\t<div class=\"elementor-widget-wrap elementor-element-populated\">\n\t\t\t\t\t\t\t\t<div class=\"elementor-element elementor-element-3ee0ac5 elementor-widget elementor-widget-heading\" data-id=\"3ee0ac5\" data-element_type=\"widget\" data-widget_type=\"heading.default\">\n\t\t\t\t<div class=\"elementor-widget-container\">\n\t\t\t<h2 class=\"elementor-heading-title elementor-size-default\">H\u01af\u1edaNG D\u1eaaN S\u1eec D\u1ee4NG CONVERSION API T\u1ea0I <br>DASHBOARD RENTRACKS <\/h2>\t\t<\/div>\n\t\t\t\t<\/div>\n\t\t\t\t\t<\/div>\n\t\t<\/div>\n\t\t\t\t\t\t\t<\/div>\n\t\t<\/section>\n\t\t\t\t<section class=\"elementor-section elementor-top-section elementor-element elementor-element-2ca7be4 elementor-section-boxed elementor-section-height-default elementor-section-height-default\" data-id=\"2ca7be4\" data-element_type=\"section\">\n\t\t\t\t\t\t<div class=\"elementor-container elementor-column-gap-default\">\n\t\t\t\t\t<div class=\"elementor-column elementor-col-100 elementor-top-column elementor-element elementor-element-3b7025e\" data-id=\"3b7025e\" data-element_type=\"column\" data-settings=\"{&quot;background_background&quot;:&quot;classic&quot;}\">\n\t\t\t<div class=\"elementor-widget-wrap elementor-element-populated\">\n\t\t\t\t\t\t\t\t<div class=\"elementor-element elementor-element-3d56afa elementor-widget elementor-widget-text-editor\" data-id=\"3d56afa\" data-element_type=\"widget\" data-widget_type=\"text-editor.default\">\n\t\t\t\t<div class=\"elementor-widget-container\">\n\t\t\t\t\t\t\t<p><span style=\"font-weight: 400;\">Trong b\u1ed1i c\u1ea3nh qu\u1ea3ng c\u00e1o s\u1ed1 ng\u00e0y c\u00e0ng ph\u00e1t tri\u1ec3n, vi\u1ec7c theo d\u00f5i v\u00e0 t\u1ed1i \u01b0u h\u00f3a hi\u1ec7u su\u1ea5t chi\u1ebfn d\u1ecbch tr\u1edf n\u00ean quan tr\u1ecdng h\u01a1n bao gi\u1edd h\u1ebft. Tuy nhi\u00ean, c\u00e1c ph\u01b0\u01a1ng ph\u00e1p theo d\u00f5i truy\u1ec1n th\u1ed1ng nh\u01b0 cookie tr\u00ecnh duy\u1ec7t v\u00e0 m\u00e3 Pixel ng\u00e0y c\u00e0ng g\u1eb7p nhi\u1ec1u h\u1ea1n ch\u1ebf do c\u00e1c ch\u00ednh s\u00e1ch b\u1ea3o m\u1eadt d\u1eef li\u1ec7u nghi\u00eam ng\u1eb7t (nh\u01b0 GDPR, iOS 14.5) v\u00e0 s\u1ef1 gia t\u0103ng c\u1ee7a c\u00e1c tr\u00ecnh ch\u1eb7n qu\u1ea3ng c\u00e1o. V\u1ea5n \u0111\u1ec1 n\u00e0y khi\u1ebfn c\u00e1c doanh nghi\u1ec7p v\u00e0 Publisher g\u1eb7p kh\u00f3 kh\u0103n trong vi\u1ec7c ghi nh\u1eadn ch\u00ednh x\u00e1c c\u00e1c chuy\u1ec3n \u0111\u1ed5i (conversion) t\u1eeb qu\u1ea3ng c\u00e1o, d\u1eabn \u0111\u1ebfn hi\u1ec7u su\u1ea5t gi\u1ea3m v\u00e0 chi ph\u00ed qu\u1ea3ng c\u00e1o t\u0103ng cao.\u00a0<\/span><\/p>\t\t\t\t\t\t<\/div>\n\t\t\t\t<\/div>\n\t\t\t\t<div class=\"elementor-element elementor-element-0e81eec elementor-widget elementor-widget-text-editor\" data-id=\"0e81eec\" data-element_type=\"widget\" data-widget_type=\"text-editor.default\">\n\t\t\t\t<div class=\"elementor-widget-container\">\n\t\t\t\t\t\t\t<p><span style=\"font-weight: 400;\">\u0110\u1ec3 gi\u1ea3i quy\u1ebft t\u00ecnh tr\u1ea1ng n\u00e0y, Rentracks \u0111\u00e3 ph\u00e1t tri\u1ec3n t\u00ednh n\u0103ng m\u1edbi Conversion API t\u1ea1i Dashboard Rentracks nh\u1eb1m t\u0103ng \u0111\u1ed9 ch\u00ednh x\u00e1c, t\u1ed1i \u01b0u hi\u1ec7u su\u1ea5t qu\u1ea3ng c\u00e1o v\u00e0 khai th\u00e1c t\u1ed1i \u0111a hi\u1ec7u qu\u1ea3 chi\u1ebfn d\u1ecbch.\u00a0<\/span><\/p>\t\t\t\t\t\t<\/div>\n\t\t\t\t<\/div>\n\t\t\t\t<div class=\"elementor-element elementor-element-a9f0eed elementor-widget elementor-widget-heading\" data-id=\"a9f0eed\" data-element_type=\"widget\" data-widget_type=\"heading.default\">\n\t\t\t\t<div class=\"elementor-widget-container\">\n\t\t\t<h3 class=\"elementor-heading-title elementor-size-default\">CONVERSION API L\u00c0 G\u00cc?<\/h3>\t\t<\/div>\n\t\t\t\t<\/div>\n\t\t\t\t<div class=\"elementor-element elementor-element-d06c888 elementor-widget elementor-widget-text-editor\" data-id=\"d06c888\" data-element_type=\"widget\" data-widget_type=\"text-editor.default\">\n\t\t\t\t<div class=\"elementor-widget-container\">\n\t\t\t\t\t\t\t<p><span style=\"font-weight: 400;\">Conversion API (CAPI) l\u00e0 c\u00f4ng c\u1ee5 gi\u00fap Publisher k\u1ebft n\u1ed1i v\u00e0 g\u1eedi d\u1eef li\u1ec7u chuy\u1ec3n \u0111\u1ed5i (conversion) t\u1eeb Rentracks \u0111\u1ebfn c\u00e1c n\u1ec1n t\u1ea3ng qu\u1ea3ng c\u00e1o nh\u01b0 Facebook, Google Ads, TikTok&#8230; \u0110i\u1ec1u n\u00e0y gi\u00fap c\u1ea3i thi\u1ec7n hi\u1ec7u su\u1ea5t chi\u1ebfn d\u1ecbch, t\u1ed1i \u01b0u qu\u1ea3ng c\u00e1o v\u00e0 gi\u1ea3m thi\u1ec3u chi ph\u00ed b\u1eb1ng c\u00e1ch cung c\u1ea5p d\u1eef li\u1ec7u \u0111\u1ea7y \u0111\u1ee7 h\u01a1n cho thu\u1eadt to\u00e1n c\u1ee7a n\u1ec1n t\u1ea3ng.<\/span><\/p>\t\t\t\t\t\t<\/div>\n\t\t\t\t<\/div>\n\t\t\t\t<div class=\"elementor-element elementor-element-06aceaf elementor-widget elementor-widget-heading\" data-id=\"06aceaf\" data-element_type=\"widget\" data-widget_type=\"heading.default\">\n\t\t\t\t<div class=\"elementor-widget-container\">\n\t\t\t<h3 class=\"elementor-heading-title elementor-size-default\">L\u1ee2I \u00cdCH C\u1ee6A VI\u1ec6C S\u1eec D\u1ee4NG CONVERSION API<\/h3>\t\t<\/div>\n\t\t\t\t<\/div>\n\t\t\t\t<div class=\"elementor-element elementor-element-fb0f7ae elementor-widget elementor-widget-text-editor\" data-id=\"fb0f7ae\" data-element_type=\"widget\" data-widget_type=\"text-editor.default\">\n\t\t\t\t<div class=\"elementor-widget-container\">\n\t\t\t\t\t\t\t<ul><li><b>D\u1eef li\u1ec7u ch\u00ednh x\u00e1c h\u01a1n: <\/b><span style=\"font-weight: 400;\">Do d\u1eef li\u1ec7u \u0111\u01b0\u1ee3c g\u1eedi tr\u1ef1c ti\u1ebfp t\u1eeb m\u00e1y ch\u1ee7, CAPI gi\u1ea3m thi\u1ec3u s\u1ef1 m\u1ea5t m\u00e1t d\u1eef li\u1ec7u do c\u00e1c tr\u00ecnh ch\u1eb7n qu\u1ea3ng c\u00e1o ho\u1eb7c h\u1ea1n ch\u1ebf cookie.<\/span><\/li><li><b>T\u1ed1i \u01b0u h\u00f3a chi\u1ebfn d\u1ecbch qu\u1ea3ng c\u00e1o:<\/b><span style=\"font-weight: 400;\"> V\u1edbi d\u1eef li\u1ec7u ch\u00ednh x\u00e1c, b\u1ea1n c\u00f3 th\u1ec3 \u0111i\u1ec1u ch\u1ec9nh v\u00e0 t\u1ed1i \u01b0u h\u00f3a chi\u1ebfn d\u1ecbch qu\u1ea3ng c\u00e1o d\u1ef1a tr\u00ean h\u00e0nh vi th\u1ef1c t\u1ebf c\u1ee7a kh\u00e1ch h\u00e0ng.<\/span><\/li><li><b>\u0110o l\u01b0\u1eddng hi\u1ec7u qu\u1ea3 \u0111a k\u00eanh:<\/b><span style=\"font-weight: 400;\"> CAPI cho ph\u00e9p b\u1ea1n theo d\u00f5i v\u00e0 \u0111o l\u01b0\u1eddng hi\u1ec7u qu\u1ea3 t\u1eeb nhi\u1ec1u k\u00eanh kh\u00e1c nhau, bao g\u1ed3m c\u1ea3 c\u00e1c s\u1ef1 ki\u1ec7n x\u1ea3y ra ngo\u00e0i tr\u1ef1c tuy\u1ebfn.<\/span><\/li><\/ul>\t\t\t\t\t\t<\/div>\n\t\t\t\t<\/div>\n\t\t\t\t<div class=\"elementor-element elementor-element-7ea378e elementor-widget elementor-widget-heading\" data-id=\"7ea378e\" data-element_type=\"widget\" data-widget_type=\"heading.default\">\n\t\t\t\t<div class=\"elementor-widget-container\">\n\t\t\t<h3 class=\"elementor-heading-title elementor-size-default\">C\u00c1CH HO\u1ea0T \u0110\u1ed8NG C\u1ee6A CONVERSION API<\/h3>\t\t<\/div>\n\t\t\t\t<\/div>\n\t\t\t\t<div class=\"elementor-element elementor-element-168ed2e elementor-widget elementor-widget-heading\" data-id=\"168ed2e\" data-element_type=\"widget\" data-widget_type=\"heading.default\">\n\t\t\t\t<div class=\"elementor-widget-container\">\n\t\t\t<div class=\"elementor-heading-title elementor-size-default\">1. T\u1ea1o v\u00e0 k\u1ebft n\u1ed1i c\u00e0i \u0111\u1eb7t Conversion API v\u1edbi n\u1ec1n t\u1ea3ng qu\u1ea3ng c\u00e1o<\/div>\t\t<\/div>\n\t\t\t\t<\/div>\n\t\t\t\t<div class=\"elementor-element elementor-element-d1abe02 elementor-widget elementor-widget-text-editor\" data-id=\"d1abe02\" data-element_type=\"widget\" data-widget_type=\"text-editor.default\">\n\t\t\t\t<div class=\"elementor-widget-container\">\n\t\t\t\t\t\t\t<ul><li style=\"font-weight: 400;\" aria-level=\"2\"><span style=\"font-weight: 400;\">Publisher c\u1ea7n thi\u1ebft l\u1eadp k\u1ebft n\u1ed1i c\u00e0i \u0111\u1eb7t v\u1edbi n\u1ec1n t\u1ea3ng qu\u1ea3ng c\u00e1o mong mu\u1ed1n tr\u00ean Dashboard Rentracks <\/span><a href=\"https:\/\/manage.rentracksw.com\/manage\/conversion\" target=\"_blank\" rel=\"noopener nofollow\"><span style=\"font-weight: 400;\">T\u1ea0I \u0110\u00c2Y<\/span><\/a><\/li><li style=\"font-weight: 400;\" aria-level=\"2\"><span style=\"font-weight: 400;\">M\u1ed7i n\u1ec1n t\u1ea3ng s\u1ebd c\u00f3 y\u00eau c\u1ea7u th\u00f4ng s\u1ed1 ri\u00eang (Pixel ID, Access Token, API Key&#8230;).<\/span><\/li><li style=\"font-weight: 400;\" aria-level=\"2\"><span style=\"font-weight: 400;\">Ki\u1ec3m tra k\u1ebft n\u1ed1i th\u00e0nh c\u00f4ng tr\u01b0\u1edbc khi s\u1eed d\u1ee5ng.<\/span><\/li><\/ul>\t\t\t\t\t\t<\/div>\n\t\t\t\t<\/div>\n\t\t\t\t<div class=\"elementor-element elementor-element-e09f7e3 elementor-widget elementor-widget-heading\" data-id=\"e09f7e3\" data-element_type=\"widget\" data-widget_type=\"heading.default\">\n\t\t\t\t<div class=\"elementor-widget-container\">\n\t\t\t<div class=\"elementor-heading-title elementor-size-default\">2. T\u1ea1o link affiliate k\u00e8m th\u00f4ng tin qu\u1ea3ng c\u00e1o<\/div>\t\t<\/div>\n\t\t\t\t<\/div>\n\t\t\t\t<div class=\"elementor-element elementor-element-f9e4133 elementor-widget elementor-widget-text-editor\" data-id=\"f9e4133\" data-element_type=\"widget\" data-widget_type=\"text-editor.default\">\n\t\t\t\t<div class=\"elementor-widget-container\">\n\t\t\t\t\t\t\t<ul><li style=\"font-weight: 400;\" aria-level=\"2\"><span style=\"font-weight: 400;\">T\u1ea1o link affiliate nh\u01b0 b\u00ecnh th\u01b0\u1eddng.<\/span><\/li><li style=\"font-weight: 400;\" aria-level=\"2\"><span style=\"font-weight: 400;\">B\u1eadt t\u00f9y ch\u1ecdn <\/span><b>s\u1eed d\u1ee5ng link ch\u1ea1y qu\u1ea3ng c\u00e1o<\/b><span style=\"font-weight: 400;\"> v\u00e0 ch\u1ecdn c\u00e0i \u0111\u1eb7t ph\u00f9 h\u1ee3p.<\/span><\/li><li style=\"font-weight: 400;\" aria-level=\"2\"><span style=\"font-weight: 400;\">S\u1eed d\u1ee5ng link \u0111\u00e3 t\u00edch h\u1ee3p qu\u1ea3ng c\u00e1o \u0111\u1ec3 c\u00e0i \u0111\u1eb7t qu\u1ea3ng c\u00e1o tr\u00ean n\u1ec1n t\u1ea3ng qu\u1ea3ng c\u00e1o t\u01b0\u01a1ng \u1ee9ng v\u00e0 ti\u1ebfn h\u00e0nh ch\u1ea1y qu\u1ea3ng c\u00e1o.<\/span><\/li><\/ul>\t\t\t\t\t\t<\/div>\n\t\t\t\t<\/div>\n\t\t\t\t<div class=\"elementor-element elementor-element-17eca28 elementor-widget elementor-widget-heading\" data-id=\"17eca28\" data-element_type=\"widget\" data-widget_type=\"heading.default\">\n\t\t\t\t<div class=\"elementor-widget-container\">\n\t\t\t<div class=\"elementor-heading-title elementor-size-default\">3. Ghi nh\u1eadn v\u00e0 g\u1eedi d\u1eef li\u1ec7u chuy\u1ec3n \u0111\u1ed5i<\/div>\t\t<\/div>\n\t\t\t\t<\/div>\n\t\t\t\t<div class=\"elementor-element elementor-element-31f5d84 elementor-widget elementor-widget-text-editor\" data-id=\"31f5d84\" data-element_type=\"widget\" data-widget_type=\"text-editor.default\">\n\t\t\t\t<div class=\"elementor-widget-container\">\n\t\t\t\t\t\t\t<ul><li style=\"font-weight: 400;\" aria-level=\"2\"><span style=\"font-weight: 400;\">Khi kh\u00e1ch h\u00e0ng th\u1ef1c hi\u1ec7n h\u00e0nh \u0111\u1ed9ng (mua h\u00e0ng, \u0111\u0103ng k\u00fd&#8230;), Rentracks s\u1ebd ghi nh\u1eadn chuy\u1ec3n \u0111\u1ed5i.<\/span><\/li><li style=\"font-weight: 400;\" aria-level=\"2\"><span style=\"font-weight: 400;\">H\u1ec7 th\u1ed1ng Rentracks t\u1ef1 \u0111\u1ed9ng g\u1eedi th\u00f4ng tin chuy\u1ec3n \u0111\u1ed5i \u0111\u1ebfn n\u1ec1n t\u1ea3ng qu\u1ea3ng c\u00e1o t\u01b0\u01a1ng \u1ee9ng gi\u00fap t\u1ed1i \u01b0u chi\u1ebfn d\u1ecbch<\/span><\/li><li style=\"font-weight: 400;\" aria-level=\"2\"><span style=\"font-weight: 400;\">Th\u1eddi gian \u0111\u1ed3ng b\u1ed9 s\u1ebd ph\u1ee5 thu\u1ed9c v\u00e0o t\u1eebng n\u1ec1n t\u1ea3ng qu\u1ea3ng c\u00e1o<\/span><\/li><\/ul>\t\t\t\t\t\t<\/div>\n\t\t\t\t<\/div>\n\t\t\t\t<div class=\"elementor-element elementor-element-51f130a elementor-widget elementor-widget-image\" data-id=\"51f130a\" data-element_type=\"widget\" data-widget_type=\"image.default\">\n\t\t\t\t<div class=\"elementor-widget-container\">\n\t\t\t\t\t\t\t\t\t\t\t\t<figure class=\"wp-caption\">\n\t\t\t\t\t\t\t\t\t\t\t<a href=\"https:\/\/rentracks.com.vn\/wp-content\/uploads\/2025\/02\/rentracks_conversion_api_2.jpg\" data-elementor-open-lightbox=\"yes\" data-elementor-lightbox-title=\"rentracks_conversion_api_2\" data-e-action-hash=\"#elementor-action%3Aaction%3Dlightbox%26settings%3DeyJpZCI6MTIyMTIsInVybCI6Imh0dHBzOlwvXC9yZW50cmFja3MuY29tLnZuXC93cC1jb250ZW50XC91cGxvYWRzXC8yMDI1XC8wMlwvcmVudHJhY2tzX2NvbnZlcnNpb25fYXBpXzIuanBnIn0%3D\">\n\t\t\t\t\t\t\t<img fetchpriority=\"high\" decoding=\"async\" width=\"1024\" height=\"435\" src=\"https:\/\/rentracks.com.vn\/wp-content\/uploads\/2025\/02\/rentracks_conversion_api_2-1024x435.jpg\" class=\"attachment-large size-large wp-image-12212\" alt=\"\" srcset=\"https:\/\/rentracks.com.vn\/wp-content\/uploads\/2025\/02\/rentracks_conversion_api_2-1024x435.jpg 1024w, https:\/\/rentracks.com.vn\/wp-content\/uploads\/2025\/02\/rentracks_conversion_api_2-300x127.jpg 300w, https:\/\/rentracks.com.vn\/wp-content\/uploads\/2025\/02\/rentracks_conversion_api_2-768x326.jpg 768w, https:\/\/rentracks.com.vn\/wp-content\/uploads\/2025\/02\/rentracks_conversion_api_2.jpg 1239w\" sizes=\"(max-width: 1024px) 100vw, 1024px\" \/>\t\t\t\t\t\t\t\t<\/a>\n\t\t\t\t\t\t\t\t\t\t\t<figcaption class=\"widget-image-caption wp-caption-text\">S\u01a1 \u0111\u1ed3 Conversion API t\u1ea1i Dashboard Rentracks<\/figcaption>\n\t\t\t\t\t\t\t\t\t\t<\/figure>\n\t\t\t\t\t\t\t\t\t<\/div>\n\t\t\t\t<\/div>\n\t\t\t\t<div class=\"elementor-element elementor-element-bd1c88c elementor-widget elementor-widget-heading\" data-id=\"bd1c88c\" data-element_type=\"widget\" data-widget_type=\"heading.default\">\n\t\t\t\t<div class=\"elementor-widget-container\">\n\t\t\t<h3 class=\"elementor-heading-title elementor-size-default\">L\u01afU \u00dd KHI S\u1eec D\u1ee4NG CONVERSION API<\/h3>\t\t<\/div>\n\t\t\t\t<\/div>\n\t\t\t\t<div class=\"elementor-element elementor-element-7ca159a elementor-widget elementor-widget-text-editor\" data-id=\"7ca159a\" data-element_type=\"widget\" data-widget_type=\"text-editor.default\">\n\t\t\t\t<div class=\"elementor-widget-container\">\n\t\t\t\t\t\t\t<ul><li style=\"font-weight: 400;\" aria-level=\"1\"><b>Ch\u1ec9 \u00e1p d\u1ee5ng v\u1edbi c\u00e1c chi\u1ebfn d\u1ecbch \u0111\u01b0\u1ee3c ph\u00e9p ch\u1ea1y qu\u1ea3ng c\u00e1o<\/b><span style=\"font-weight: 400;\"> v\u00e0 kh\u00f4ng vi ph\u1ea1m ch\u00ednh s\u00e1ch c\u1ee7a Advertiser.<\/span><\/li><li style=\"font-weight: 400;\" aria-level=\"1\"><b>\u0110\u1ea3m b\u1ea3o th\u00f4ng tin k\u1ebft n\u1ed1i h\u1ee3p l\u1ec7<\/b><span style=\"font-weight: 400;\"> \u0111\u1ec3 tr\u00e1nh m\u1ea5t d\u1eef li\u1ec7u chuy\u1ec3n \u0111\u1ed5i.<\/span><\/li><li style=\"font-weight: 400;\" aria-level=\"1\"><b>Th\u01b0\u1eddng xuy\u00ean ki\u1ec3m tra v\u00e0 t\u1ed1i \u01b0u chi\u1ebfn d\u1ecbch<\/b><span style=\"font-weight: 400;\"> d\u1ef1a tr\u00ean d\u1eef li\u1ec7u t\u1eeb n\u1ec1n t\u1ea3ng qu\u1ea3ng c\u00e1o<\/span><\/li><\/ul>\t\t\t\t\t\t<\/div>\n\t\t\t\t<\/div>\n\t\t\t\t<div class=\"elementor-element elementor-element-05445c1 elementor-widget elementor-widget-heading\" data-id=\"05445c1\" data-element_type=\"widget\" data-widget_type=\"heading.default\">\n\t\t\t\t<div class=\"elementor-widget-container\">\n\t\t\t<h3 class=\"elementor-heading-title elementor-size-default\">H\u01af\u1edaNG D\u1eaaN C\u00c0I \u0110\u1eb6T CHI TI\u1ebeT CONVERSION API V\u00c0O C\u00c1C N\u1ec0N T\u1ea2NG T\u1ea0I <br>DASHBOARD RENTRACKS<\/h3>\t\t<\/div>\n\t\t\t\t<\/div>\n\t\t\t\t<div class=\"elementor-element elementor-element-75f201c elementor-widget elementor-widget-text-editor\" data-id=\"75f201c\" data-element_type=\"widget\" data-widget_type=\"text-editor.default\">\n\t\t\t\t<div class=\"elementor-widget-container\">\n\t\t\t\t\t\t\t<ol><li>H\u01b0\u1edbng d\u1eabn c\u00e1ch c\u00e0i Conversion API v\u00e0o Facebook ads <a href=\"https:\/\/rentracks.com.vn\/huong-dan-cach-cai-conversion-api-vao-facebook-ads-rentracks\/\">t\u1ea1i \u0111\u00e2y<\/a><\/li><li>H\u01b0\u1edbng d\u1eabn c\u00e1ch c\u00e0i Conversion API v\u00e0o Tiktok ads <a href=\"https:\/\/rentracks.com.vn\/huong-dan-cach-cai-conversion-api-vao-tiktok-ads-rentracks\/\">t\u1ea1i \u0111\u00e2y<\/a><\/li><li>H\u01b0\u1edbng d\u1eabn c\u00e1ch c\u00e0i Conversion API v\u00e0o Google Ads (Rentracks Web App) <a href=\"https:\/\/rentracks.com.vn\/huong-dan-cai-dat-conversion-api-vao-google-ads-dung-rentracks-web-app\/\">t\u1ea1i \u0111\u00e2y<\/a><\/li><li>H\u01b0\u1edbng d\u1eabn c\u00e1ch c\u00e0i Conversion API v\u00e0o Google Ads (File Upload) <a href=\"https:\/\/rentracks.com.vn\/huong-dan-cai-dat-conversion-api-vao-google-ads-file-upload\/\">t\u1ea1i \u0111\u00e2y<\/a><\/li><\/ol>\t\t\t\t\t\t<\/div>\n\t\t\t\t<\/div>\n\t\t\t\t<div class=\"elementor-element elementor-element-a365ad2 elementor-widget elementor-widget-text-editor\" data-id=\"a365ad2\" data-element_type=\"widget\" data-widget_type=\"text-editor.default\">\n\t\t\t\t<div class=\"elementor-widget-container\">\n\t\t\t\t\t\t\t<p><span style=\"font-weight: 400;\">S\u1eed d\u1ee5ng Conversion API gi\u00fap Publisher c\u00f3 d\u1eef li\u1ec7u ch\u00ednh x\u00e1c h\u01a1n \u0111\u1ec3 t\u1ed1i \u01b0u qu\u1ea3ng c\u00e1o, t\u0103ng hi\u1ec7u su\u1ea5t v\u00e0 gi\u1ea3m chi ph\u00ed. Vi\u1ec7c thi\u1ebft l\u1eadp \u0111\u00fang c\u00e1ch tr\u00ean Dashboard Rentracks s\u1ebd gi\u00fap \u0111\u1ea3m b\u1ea3o chi\u1ebfn d\u1ecbch ch\u1ea1y hi\u1ec7u qu\u1ea3 v\u00e0 \u0111\u1ed3ng b\u1ed9 d\u1eef li\u1ec7u t\u1ed1t h\u01a1n.<\/span><\/p>\t\t\t\t\t\t<\/div>\n\t\t\t\t<\/div>\n\t\t\t\t\t<\/div>\n\t\t<\/div>\n\t\t\t\t\t\t\t<\/div>\n\t\t<\/section>\n\t\t\t\t<section class=\"elementor-section elementor-top-section elementor-element elementor-element-fa37160 elementor-section-boxed elementor-section-height-default elementor-section-height-default\" data-id=\"fa37160\" data-element_type=\"section\">\n\t\t\t\t\t\t<div class=\"elementor-container elementor-column-gap-default\">\n\t\t\t\t\t<div class=\"elementor-column elementor-col-100 elementor-top-column elementor-element elementor-element-1635eaa\" data-id=\"1635eaa\" data-element_type=\"column\">\n\t\t\t<div class=\"elementor-widget-wrap elementor-element-populated\">\n\t\t\t\t\t\t\t\t<div class=\"elementor-element elementor-element-be9109c elementor-widget elementor-widget-html\" data-id=\"be9109c\" data-element_type=\"widget\" data-widget_type=\"html.default\">\n\t\t\t\t<div class=\"elementor-widget-container\">\n\t\t\t<style>\nul li[aria-level=\"1\"] {\n\tlist-style: disc;\n}\nul li[aria-level=\"2\"] {\n\tlist-style: circle;\n}\n<\/style>\t\t<\/div>\n\t\t\t\t<\/div>\n\t\t\t\t\t<\/div>\n\t\t<\/div>\n\t\t\t\t\t\t\t<\/div>\n\t\t<\/section>\n\t\t\t\t\t\t\t<\/div>\n\t\t","protected":false},"excerpt":{"rendered":"<p>H\u01af\u1edaNG D\u1eaaN S\u1eec D\u1ee4NG CONVERSION API T\u1ea0I DASHBOARD RENTRACKS Trong b\u1ed1i c\u1ea3nh qu\u1ea3ng c\u00e1o s\u1ed1 ng\u00e0y c\u00e0ng ph\u00e1t tri\u1ec3n, vi\u1ec7c theo d\u00f5i v\u00e0 t\u1ed1i \u01b0u&hellip;&nbsp;<a href=\"https:\/\/rentracks.com.vn\/en\/huong-dan-su-dung-conversion-api-tai-dashboard-rentracks\/\" class=\"\" rel=\"bookmark\">Read More &raquo;<span class=\"screen-reader-text\">H\u01af\u1edaNG D\u1eaaN S\u1eec D\u1ee4NG CONVERSION API T\u1ea0I DASHBOARD RENTRACKS<\/span><\/a><\/p>\n","protected":false},"author":1,"featured_media":0,"parent":0,"menu_order":0,"comment_status":"closed","ping_status":"closed","template":"page-templates\/template-pagebuilder-full-width.php","meta":{"_themeisle_gutenberg_block_has_review":false,"footnotes":""},"class_list":["post-11929","page","type-page","status-publish","hentry"],"_links":{"self":[{"href":"https:\/\/rentracks.com.vn\/en\/wp-json\/wp\/v2\/pages\/11929"}],"collection":[{"href":"https:\/\/rentracks.com.vn\/en\/wp-json\/wp\/v2\/pages"}],"about":[{"href":"https:\/\/rentracks.com.vn\/en\/wp-json\/wp\/v2\/types\/page"}],"author":[{"embeddable":true,"href":"https:\/\/rentracks.com.vn\/en\/wp-json\/wp\/v2\/users\/1"}],"replies":[{"embeddable":true,"href":"https:\/\/rentracks.com.vn\/en\/wp-json\/wp\/v2\/comments?post=11929"}],"version-history":[{"count":3,"href":"https:\/\/rentracks.com.vn\/en\/wp-json\/wp\/v2\/pages\/11929\/revisions"}],"predecessor-version":[{"id":12217,"href":"https:\/\/rentracks.com.vn\/en\/wp-json\/wp\/v2\/pages\/11929\/revisions\/12217"}],"wp:attachment":[{"href":"https:\/\/rentracks.com.vn\/en\/wp-json\/wp\/v2\/media?parent=11929"}],"curies":[{"name":"wp","href":"https:\/\/api.w.org\/{rel}","templated":true}]}}