{"id":1109,"date":"2020-06-23T23:20:23","date_gmt":"2020-06-23T16:20:23","guid":{"rendered":"https:\/\/rentracks.com.vn\/?page_id=1109"},"modified":"2025-02-21T13:35:47","modified_gmt":"2025-02-21T06:35:47","slug":"lich-su-thanh-toan","status":"publish","type":"page","link":"https:\/\/rentracks.com.vn\/en\/lich-su-thanh-toan\/","title":{"rendered":"L\u1ecbch s\u1eed thanh to\u00e1n"},"content":{"rendered":"\t\t<div data-elementor-type=\"wp-page\" data-elementor-id=\"1109\" class=\"elementor elementor-1109\" data-elementor-post-type=\"page\">\n\t\t\t\t\t\t\t\t\t<section class=\"elementor-section elementor-top-section elementor-element elementor-element-770eba55 elementor-section-boxed elementor-section-height-default elementor-section-height-default\" data-id=\"770eba55\" data-element_type=\"section\" id=\"scroll-top\">\n\t\t\t\t\t\t<div class=\"elementor-container elementor-column-gap-default\">\n\t\t\t\t\t<div class=\"elementor-column elementor-col-50 elementor-top-column elementor-element elementor-element-340761a0\" data-id=\"340761a0\" data-element_type=\"column\">\n\t\t\t<div class=\"elementor-widget-wrap\">\n\t\t\t\t\t\t\t\t\t<\/div>\n\t\t<\/div>\n\t\t\t\t<div class=\"elementor-column elementor-col-50 elementor-top-column elementor-element elementor-element-6de13654\" data-id=\"6de13654\" data-element_type=\"column\">\n\t\t\t<div class=\"elementor-widget-wrap elementor-element-populated\">\n\t\t\t\t\t\t\t\t<div class=\"elementor-element elementor-element-1e25f361 elementor-widget elementor-widget-heading\" data-id=\"1e25f361\" data-element_type=\"widget\" data-widget_type=\"heading.default\">\n\t\t\t\t<div class=\"elementor-widget-container\">\n\t\t\t<h2 class=\"elementor-heading-title elementor-size-default\">L\u1ecaCH S\u1eec THANH TO\u00c1N<\/h2>\t\t<\/div>\n\t\t\t\t<\/div>\n\t\t\t\t<div class=\"elementor-element elementor-element-774424d0 elementor-widget elementor-widget-heading\" data-id=\"774424d0\" data-element_type=\"widget\" data-widget_type=\"heading.default\">\n\t\t\t\t<div class=\"elementor-widget-container\">\n\t\t\t<h3 class=\"elementor-heading-title elementor-size-default\">(Nh\u00e0 ph\u00e2n ph\u1ed1i \/ Publisher)<\/h3>\t\t<\/div>\n\t\t\t\t<\/div>\n\t\t\t\t\t<\/div>\n\t\t<\/div>\n\t\t\t\t\t\t\t<\/div>\n\t\t<\/section>\n\t\t\t\t<section class=\"elementor-section elementor-top-section elementor-element elementor-element-3650a643 elementor-section-boxed elementor-section-height-default elementor-section-height-default\" data-id=\"3650a643\" data-element_type=\"section\">\n\t\t\t\t\t\t<div class=\"elementor-container elementor-column-gap-default\">\n\t\t\t\t\t<div class=\"elementor-column elementor-col-50 elementor-top-column elementor-element elementor-element-6f5067f9 sticky-parent\" data-id=\"6f5067f9\" data-element_type=\"column\">\n\t\t\t<div class=\"elementor-widget-wrap elementor-element-populated\">\n\t\t\t\t\t\t\t\t<section class=\"elementor-section elementor-inner-section elementor-element elementor-element-8bc7665 sticky-column elementor-section-boxed elementor-section-height-default elementor-section-height-default\" data-id=\"8bc7665\" data-element_type=\"section\" data-settings=\"{&quot;background_background&quot;:&quot;classic&quot;}\">\n\t\t\t\t\t\t<div class=\"elementor-container elementor-column-gap-no\">\n\t\t\t\t\t<div class=\"elementor-column elementor-col-100 elementor-inner-column elementor-element elementor-element-83db161\" data-id=\"83db161\" data-element_type=\"column\" data-settings=\"{&quot;background_background&quot;:&quot;classic&quot;}\">\n\t\t\t<div class=\"elementor-widget-wrap elementor-element-populated\">\n\t\t\t\t\t\t\t\t<div class=\"elementor-element elementor-element-2263b05 elementor-widget elementor-widget-heading\" data-id=\"2263b05\" data-element_type=\"widget\" data-widget_type=\"heading.default\">\n\t\t\t\t<div class=\"elementor-widget-container\">\n\t\t\t<div class=\"elementor-heading-title elementor-size-small\"><a href=\"\/huong-dan-thiet-lap-tai-khoan-nha-phan-phoi-publisher\/\">Thi\u1ebft l\u1eadp t\u00e0i kho\u1ea3n<\/a><\/div>\t\t<\/div>\n\t\t\t\t<\/div>\n\t\t\t\t<div class=\"elementor-element elementor-element-231ac02 elementor-widget elementor-widget-heading\" data-id=\"231ac02\" data-element_type=\"widget\" data-widget_type=\"heading.default\">\n\t\t\t\t<div class=\"elementor-widget-container\">\n\t\t\t<div class=\"elementor-heading-title elementor-size-small\"><a href=\"\/huong-dan-trang-chu-dashboard\/\">Trang ch\u1ee7 - Dashboard<\/a><\/div>\t\t<\/div>\n\t\t\t\t<\/div>\n\t\t\t\t<div class=\"elementor-element elementor-element-f802ef7 elementor-widget elementor-widget-heading\" data-id=\"f802ef7\" data-element_type=\"widget\" data-widget_type=\"heading.default\">\n\t\t\t\t<div class=\"elementor-widget-container\">\n\t\t\t<div class=\"elementor-heading-title elementor-size-small\"><a href=\"\/trien-khai-chien-dich\/\">H\u01b0\u1edbng d\u1eabn tri\u1ec3n khai<\/a><\/div>\t\t<\/div>\n\t\t\t\t<\/div>\n\t\t\t\t<div class=\"elementor-element elementor-element-dcd0e60 elementor-widget-divider--view-line elementor-widget elementor-widget-divider\" data-id=\"dcd0e60\" data-element_type=\"widget\" data-widget_type=\"divider.default\">\n\t\t\t\t<div class=\"elementor-widget-container\">\n\t\t\t\t\t<div class=\"elementor-divider\">\n\t\t\t<span class=\"elementor-divider-separator\">\n\t\t\t\t\t\t<\/span>\n\t\t<\/div>\n\t\t\t\t<\/div>\n\t\t\t\t<\/div>\n\t\t\t\t<div class=\"elementor-element elementor-element-8fcb955 elementor-widget elementor-widget-heading\" data-id=\"8fcb955\" data-element_type=\"widget\" data-widget_type=\"heading.default\">\n\t\t\t\t<div class=\"elementor-widget-container\">\n\t\t\t<div class=\"elementor-heading-title elementor-size-small\"><a href=\"\/trien-khai-chien-dich\/\">\u0110\u0103ng k\u00fd tri\u1ec3n khai<\/a><\/div>\t\t<\/div>\n\t\t\t\t<\/div>\n\t\t\t\t<div class=\"elementor-element elementor-element-1ad4e09 elementor-widget elementor-widget-heading\" data-id=\"1ad4e09\" data-element_type=\"widget\" data-widget_type=\"heading.default\">\n\t\t\t\t<div class=\"elementor-widget-container\">\n\t\t\t<div class=\"elementor-heading-title elementor-size-small\"><a href=\"\/huong-dan-tao-affiliate-link\/\">T\u1ea1o affiliate link<\/a><\/div>\t\t<\/div>\n\t\t\t\t<\/div>\n\t\t\t\t<div class=\"elementor-element elementor-element-e1501df elementor-widget elementor-widget-heading\" data-id=\"e1501df\" data-element_type=\"widget\" data-widget_type=\"heading.default\">\n\t\t\t\t<div class=\"elementor-widget-container\">\n\t\t\t<div class=\"elementor-heading-title elementor-size-small\"><a href=\"\/huong-dan-su-dung-conversion-api-tai-dashboard-rentracks\/\">Conversion API<\/a><\/div>\t\t<\/div>\n\t\t\t\t<\/div>\n\t\t\t\t<div class=\"elementor-element elementor-element-44a29ba elementor-widget elementor-widget-heading\" data-id=\"44a29ba\" data-element_type=\"widget\" data-widget_type=\"heading.default\">\n\t\t\t\t<div class=\"elementor-widget-container\">\n\t\t\t<div class=\"elementor-heading-title elementor-size-small\"><a href=\"\/bao-cao-toi-uu\/\">B\u00e1o c\u00e1o & T\u1ed1i \u01b0u<\/a><\/div>\t\t<\/div>\n\t\t\t\t<\/div>\n\t\t\t\t<div class=\"elementor-element elementor-element-2710c8a elementor-widget elementor-widget-heading\" data-id=\"2710c8a\" data-element_type=\"widget\" data-widget_type=\"heading.default\">\n\t\t\t\t<div class=\"elementor-widget-container\">\n\t\t\t<div class=\"elementor-heading-title elementor-size-small\"><a href=\"\/lich-su-thanh-toan\/\">L\u1ecbch s\u1eed thanh to\u00e1n<\/a><\/div>\t\t<\/div>\n\t\t\t\t<\/div>\n\t\t\t\t<div class=\"elementor-element elementor-element-1aeb72f elementor-widget elementor-widget-heading\" data-id=\"1aeb72f\" data-element_type=\"widget\" data-widget_type=\"heading.default\">\n\t\t\t\t<div class=\"elementor-widget-container\">\n\t\t\t<div class=\"elementor-heading-title elementor-size-small\"><a href=\"\/rentracks-faqs\/\">FAQs<\/a><\/div>\t\t<\/div>\n\t\t\t\t<\/div>\n\t\t\t\t\t<\/div>\n\t\t<\/div>\n\t\t\t\t\t\t\t<\/div>\n\t\t<\/section>\n\t\t\t\t\t<\/div>\n\t\t<\/div>\n\t\t\t\t<div class=\"elementor-column elementor-col-50 elementor-top-column elementor-element elementor-element-78f63924\" data-id=\"78f63924\" data-element_type=\"column\" data-settings=\"{&quot;background_background&quot;:&quot;classic&quot;}\">\n\t\t\t<div class=\"elementor-widget-wrap elementor-element-populated\">\n\t\t\t\t\t\t\t\t<div class=\"elementor-element elementor-element-5cb573f6 elementor-widget elementor-widget-heading\" data-id=\"5cb573f6\" data-element_type=\"widget\" data-widget_type=\"heading.default\">\n\t\t\t\t<div class=\"elementor-widget-container\">\n\t\t\t<h2 class=\"elementor-heading-title elementor-size-default\">L\u1ecbch s\u1eed thanh to\u00e1n<\/h2>\t\t<\/div>\n\t\t\t\t<\/div>\n\t\t\t\t<div class=\"elementor-element elementor-element-55b6d626 elementor-widget elementor-widget-spacer\" data-id=\"55b6d626\" data-element_type=\"widget\" data-widget_type=\"spacer.default\">\n\t\t\t\t<div class=\"elementor-widget-container\">\n\t\t\t\t\t<div class=\"elementor-spacer\">\n\t\t\t<div class=\"elementor-spacer-inner\"><\/div>\n\t\t<\/div>\n\t\t\t\t<\/div>\n\t\t\t\t<\/div>\n\t\t\t\t<div class=\"elementor-element elementor-element-71e68d74 elementor-widget elementor-widget-text-editor\" data-id=\"71e68d74\" data-element_type=\"widget\" data-widget_type=\"text-editor.default\">\n\t\t\t\t<div class=\"elementor-widget-container\">\n\t\t\t\t\t\t\t\t\t\t\t\t\t<\/div>\n\t\t\t\t<\/div>\n\t\t\t\t<div class=\"elementor-element elementor-element-27c3be3f elementor-widget elementor-widget-spacer\" data-id=\"27c3be3f\" data-element_type=\"widget\" data-widget_type=\"spacer.default\">\n\t\t\t\t<div class=\"elementor-widget-container\">\n\t\t\t\t\t<div class=\"elementor-spacer\">\n\t\t\t<div class=\"elementor-spacer-inner\"><\/div>\n\t\t<\/div>\n\t\t\t\t<\/div>\n\t\t\t\t<\/div>\n\t\t\t\t<div class=\"elementor-element elementor-element-7859539e elementor-widget elementor-widget-text-editor\" data-id=\"7859539e\" data-element_type=\"widget\" data-widget_type=\"text-editor.default\">\n\t\t\t\t<div class=\"elementor-widget-container\">\n\t\t\t\t\t\t\t<p><span style=\"font-weight: 400;\">B\u01b0\u1edbc 1: T\u1ea1i m\u1ee5c <\/span><b>Th\u1ed1ng k\u00ea l\u01b0\u1ee3ng truy c\u1eadp<\/b><span style=\"font-weight: 400;\"> tr\u00ean thanh menu ch\u00ednh, b\u1ea5m ch\u1ecdn <\/span><b>L\u1ecbch s\u1eed thanh to\u00e1n<\/b><\/p><p><a href=\"https:\/\/rentracks.com.vn\/wp-content\/uploads\/2021\/10\/27.png\"><img fetchpriority=\"high\" decoding=\"async\" class=\"aligncenter size-full wp-image-4797\" src=\"https:\/\/rentracks.com.vn\/wp-content\/uploads\/2021\/10\/27.png\" alt=\"\" width=\"1920\" height=\"940\" srcset=\"https:\/\/rentracks.com.vn\/wp-content\/uploads\/2021\/10\/27.png 1920w, https:\/\/rentracks.com.vn\/wp-content\/uploads\/2021\/10\/27-300x147.png 300w, https:\/\/rentracks.com.vn\/wp-content\/uploads\/2021\/10\/27-1024x501.png 1024w, https:\/\/rentracks.com.vn\/wp-content\/uploads\/2021\/10\/27-768x376.png 768w, https:\/\/rentracks.com.vn\/wp-content\/uploads\/2021\/10\/27-1536x752.png 1536w\" sizes=\"(max-width: 1920px) 100vw, 1920px\" \/><\/a><\/p><p><span style=\"font-weight: 400;\">B\u01b0\u1edbc 2: Ki\u1ec3m tra c\u00e1c th\u00f4ng tin trong b\u1ea3ng l\u1ecbch s\u1eed thanh to\u00e1n<\/span><\/p><p><a href=\"https:\/\/rentracks.com.vn\/wp-content\/uploads\/2021\/10\/28.png\"><img decoding=\"async\" class=\"aligncenter size-full wp-image-4799\" src=\"https:\/\/rentracks.com.vn\/wp-content\/uploads\/2021\/10\/28.png\" alt=\"\" width=\"1920\" height=\"942\" srcset=\"https:\/\/rentracks.com.vn\/wp-content\/uploads\/2021\/10\/28.png 1920w, https:\/\/rentracks.com.vn\/wp-content\/uploads\/2021\/10\/28-300x147.png 300w, https:\/\/rentracks.com.vn\/wp-content\/uploads\/2021\/10\/28-1024x502.png 1024w, https:\/\/rentracks.com.vn\/wp-content\/uploads\/2021\/10\/28-768x377.png 768w, https:\/\/rentracks.com.vn\/wp-content\/uploads\/2021\/10\/28-1536x754.png 1536w\" sizes=\"(max-width: 1920px) 100vw, 1920px\" \/><\/a><\/p><p><span style=\"font-weight: 400;\">S\u1ed1 ti\u1ec1n hoa h\u1ed3ng m\u00e0 b\u1ea1n \u0111\u01b0\u1ee3c nh\u1eadn s\u1ebd ph\u00e2n lo\u1ea1i theo t\u1eebng th\u00e1ng. B\u1ea3ng l\u1ecbch s\u1eed thanh to\u00e1n bao g\u1ed3m c\u00e1c n\u1ed9i dung:\u00a0<\/span><\/p><p><span style=\"font-weight: 400;\">&#8211; Th\u00e1ng: th\u1eddi \u0111i\u1ec3m tham chi\u1ebfu (t\u00ednh theo th\u00e1ng)<\/span><\/p><p><span style=\"font-weight: 400;\">&#8211; Hoa h\u1ed3ng \u0111\u00e3 duy\u1ec7t: l\u00e0 t\u1ed5ng hoa h\u1ed3ng \u0111\u01b0\u1ee3c duy\u1ec7t trong th\u00e1ng.<\/span><\/p><p><span style=\"font-weight: 400;\">&#8211; T\u1ed5ng thanh to\u00e1n c\u1ed9ng d\u1ed3n: g\u1ed3m <\/span><b>Hoa h\u1ed3ng \u0111\u01b0\u1ee3c duy\u1ec7t<\/b><span style=\"font-weight: 400;\"> c\u1ee7a th\u00e1ng tham chi\u1ebfu c\u1ed9ng <\/span><b>T\u1ed5ng hoa h\u1ed3ng thanh to\u00e1n c\u1ed9ng d\u1ed3n<\/b><span style=\"font-weight: 400;\"> c\u1ee7a th\u00e1ng tr\u01b0\u1edbc n\u1ebfu <\/span><b>T\u1ed5ng hoa h\u1ed3ng thanh to\u00e1n c\u1ed9ng d\u1ed3n<\/b><span style=\"font-weight: 400;\"> c\u1ee7a th\u00e1ng tr\u01b0\u1edbc nh\u1ecf h\u01a1n 110.000 \u0111\u1ed3ng.<\/span><\/p><p><span style=\"font-weight: 400;\">&#8211; Ng\u00e0y thanh to\u00e1n d\u1ef1 ki\u1ebfn: H\u1ea1n ch\u00f3t Rentracks thanh to\u00e1n hoa h\u1ed3ng cho Publisher. Th\u00f4ng th\u01b0\u1eddng Publisher s\u1ebd nh\u1eadn hoa h\u1ed3ng v\u00e0o ng\u00e0y 15 h\u00e0ng th\u00e1ng \u0111\u1ed1i v\u1edbi nh\u00e0 cung c\u1ea5p th\u1ef1c hi\u1ec7n \u0111\u1ed1i so\u00e1t theo th\u00e1ng v\u00e0 v\u00e0o ng\u00e0y th\u1ee9 6 h\u00e0ng tu\u1ea7n \u0111\u1ed1i v\u1edbi nh\u00e0 cung \u1ee9ng th\u1ef1c hi\u1ec7n \u0111\u1ed1i so\u00e1t theo tu\u1ea7n.\u00a0<\/span><\/p><p><span style=\"font-weight: 400;\">&#8211; Hoa h\u1ed3ng thanh to\u00e1n: L\u00e0 t\u1ed5ng hoa h\u1ed3ng Publisher s\u1ebd \u0111\u01b0\u1ee3c nh\u1eadn trong k\u1ef3 thanh to\u00e1n \u0111ang tham chi\u1ebfu. Publisher ch\u1ec9 \u0111\u01b0\u1ee3c nh\u1eadn hoa h\u1ed3ng n\u1ebfu t\u1ed5ng thanh to\u00e1n c\u1ed9ng d\u1ed3n t\u1eeb 110.000 \u0111\u1ed3ng. <\/span><\/p>\t\t\t\t\t\t<\/div>\n\t\t\t\t<\/div>\n\t\t\t\t\t<\/div>\n\t\t<\/div>\n\t\t\t\t\t\t\t<\/div>\n\t\t<\/section>\n\t\t\t\t\t\t\t<\/div>\n\t\t","protected":false},"excerpt":{"rendered":"<p>L\u1ecaCH S\u1eec THANH TO\u00c1N (Nh\u00e0 ph\u00e2n ph\u1ed1i \/ Publisher) Thi\u1ebft l\u1eadp t\u00e0i kho\u1ea3n Trang ch\u1ee7 &#8211; Dashboard H\u01b0\u1edbng d\u1eabn tri\u1ec3n khai \u0110\u0103ng k\u00fd tri\u1ec3n khai&hellip;&nbsp;<a href=\"https:\/\/rentracks.com.vn\/en\/lich-su-thanh-toan\/\" class=\"\" rel=\"bookmark\">Read More &raquo;<span class=\"screen-reader-text\">L\u1ecbch s\u1eed thanh to\u00e1n<\/span><\/a><\/p>\n","protected":false},"author":1,"featured_media":4799,"parent":0,"menu_order":0,"comment_status":"closed","ping_status":"closed","template":"","meta":{"_themeisle_gutenberg_block_has_review":false,"footnotes":""},"class_list":["post-1109","page","type-page","status-publish","has-post-thumbnail","hentry"],"_links":{"self":[{"href":"https:\/\/rentracks.com.vn\/en\/wp-json\/wp\/v2\/pages\/1109"}],"collection":[{"href":"https:\/\/rentracks.com.vn\/en\/wp-json\/wp\/v2\/pages"}],"about":[{"href":"https:\/\/rentracks.com.vn\/en\/wp-json\/wp\/v2\/types\/page"}],"author":[{"embeddable":true,"href":"https:\/\/rentracks.com.vn\/en\/wp-json\/wp\/v2\/users\/1"}],"replies":[{"embeddable":true,"href":"https:\/\/rentracks.com.vn\/en\/wp-json\/wp\/v2\/comments?post=1109"}],"version-history":[{"count":3,"href":"https:\/\/rentracks.com.vn\/en\/wp-json\/wp\/v2\/pages\/1109\/revisions"}],"predecessor-version":[{"id":12249,"href":"https:\/\/rentracks.com.vn\/en\/wp-json\/wp\/v2\/pages\/1109\/revisions\/12249"}],"wp:featuredmedia":[{"embeddable":true,"href":"https:\/\/rentracks.com.vn\/en\/wp-json\/wp\/v2\/media\/4799"}],"wp:attachment":[{"href":"https:\/\/rentracks.com.vn\/en\/wp-json\/wp\/v2\/media?parent=1109"}],"curies":[{"name":"wp","href":"https:\/\/api.w.org\/{rel}","templated":true}]}}