{"id":1064,"date":"2020-06-23T22:47:53","date_gmt":"2020-06-23T15:47:53","guid":{"rendered":"https:\/\/rentracks.com.vn\/?page_id=1064"},"modified":"2025-02-21T14:11:25","modified_gmt":"2025-02-21T07:11:25","slug":"huong-dan-tao-affiliate-link-nhanh-chong-don-gian","status":"publish","type":"page","link":"https:\/\/rentracks.com.vn\/en\/huong-dan-tao-affiliate-link-nhanh-chong-don-gian\/","title":{"rendered":"H\u01b0\u1edbng d\u1eabn t\u1ea1o Affiliate link"},"content":{"rendered":"\t\t<div data-elementor-type=\"wp-page\" data-elementor-id=\"1064\" class=\"elementor elementor-1064\" data-elementor-post-type=\"page\">\n\t\t\t\t\t\t\t\t\t<section class=\"elementor-section elementor-top-section elementor-element elementor-element-a882f3f elementor-section-boxed elementor-section-height-default elementor-section-height-default\" data-id=\"a882f3f\" data-element_type=\"section\" id=\"scroll-top\">\n\t\t\t\t\t\t<div class=\"elementor-container elementor-column-gap-default\">\n\t\t\t\t\t<div class=\"elementor-column elementor-col-50 elementor-top-column elementor-element elementor-element-51abdc7e\" data-id=\"51abdc7e\" data-element_type=\"column\">\n\t\t\t<div class=\"elementor-widget-wrap\">\n\t\t\t\t\t\t\t\t\t<\/div>\n\t\t<\/div>\n\t\t\t\t<div class=\"elementor-column elementor-col-50 elementor-top-column elementor-element elementor-element-6411911b\" data-id=\"6411911b\" data-element_type=\"column\">\n\t\t\t<div class=\"elementor-widget-wrap elementor-element-populated\">\n\t\t\t\t\t\t\t\t<div class=\"elementor-element elementor-element-f543be3 elementor-widget elementor-widget-heading\" data-id=\"f543be3\" data-element_type=\"widget\" data-widget_type=\"heading.default\">\n\t\t\t\t<div class=\"elementor-widget-container\">\n\t\t\t<h2 class=\"elementor-heading-title elementor-size-default\">H\u01af\u1edaNG D\u1eaaN TRI\u1ec2N KHAI<\/h2>\t\t<\/div>\n\t\t\t\t<\/div>\n\t\t\t\t<div class=\"elementor-element elementor-element-2d13f8cd elementor-widget elementor-widget-heading\" data-id=\"2d13f8cd\" data-element_type=\"widget\" data-widget_type=\"heading.default\">\n\t\t\t\t<div class=\"elementor-widget-container\">\n\t\t\t<h3 class=\"elementor-heading-title elementor-size-default\">(Nh\u00e0 ph\u00e2n ph\u1ed1i \/ Publisher)<\/h3>\t\t<\/div>\n\t\t\t\t<\/div>\n\t\t\t\t\t<\/div>\n\t\t<\/div>\n\t\t\t\t\t\t\t<\/div>\n\t\t<\/section>\n\t\t\t\t<section class=\"elementor-section elementor-top-section elementor-element elementor-element-1b424e74 elementor-section-boxed elementor-section-height-default elementor-section-height-default\" data-id=\"1b424e74\" data-element_type=\"section\">\n\t\t\t\t\t\t<div class=\"elementor-container elementor-column-gap-default\">\n\t\t\t\t\t<div class=\"elementor-column elementor-col-50 elementor-top-column elementor-element elementor-element-6d259b3d sticky-parent\" data-id=\"6d259b3d\" data-element_type=\"column\">\n\t\t\t<div class=\"elementor-widget-wrap elementor-element-populated\">\n\t\t\t\t\t\t\t\t<div class=\"elementor-element elementor-element-1145786 elementor-widget elementor-widget-shortcode\" data-id=\"1145786\" data-element_type=\"widget\" data-widget_type=\"shortcode.default\">\n\t\t\t\t<div class=\"elementor-widget-container\">\n\t\t\t\t\t<div class=\"elementor-shortcode\">\t\t<div data-elementor-type=\"section\" data-elementor-id=\"12269\" class=\"elementor elementor-12269\" data-elementor-post-type=\"elementor_library\">\n\t\t\t\t\t\t\t\t<section class=\"elementor-section elementor-inner-section elementor-element elementor-element-d201bac sticky-column elementor-section-boxed elementor-section-height-default elementor-section-height-default\" data-id=\"d201bac\" data-element_type=\"section\" data-settings=\"{&quot;background_background&quot;:&quot;classic&quot;}\">\n\t\t\t\t\t\t<div class=\"elementor-container elementor-column-gap-no\">\n\t\t\t\t\t<div class=\"elementor-column elementor-col-100 elementor-inner-column elementor-element elementor-element-2037d45\" data-id=\"2037d45\" data-element_type=\"column\" data-settings=\"{&quot;background_background&quot;:&quot;classic&quot;}\">\n\t\t\t<div class=\"elementor-widget-wrap elementor-element-populated\">\n\t\t\t\t\t\t\t\t<div class=\"elementor-element elementor-element-e65b2a2 elementor-widget elementor-widget-heading\" data-id=\"e65b2a2\" data-element_type=\"widget\" data-widget_type=\"heading.default\">\n\t\t\t\t<div class=\"elementor-widget-container\">\n\t\t\t<div class=\"elementor-heading-title elementor-size-small\"><a href=\"https:\/\/rentracks.com.vn\/huong-dan-thiet-lap-tai-khoan-nha-phan-phoi-publisher\/\">Thi\u1ebft l\u1eadp t\u00e0i kho\u1ea3n<\/a><\/div>\t\t<\/div>\n\t\t\t\t<\/div>\n\t\t\t\t<div class=\"elementor-element elementor-element-c46be80 elementor-widget elementor-widget-heading\" data-id=\"c46be80\" data-element_type=\"widget\" data-widget_type=\"heading.default\">\n\t\t\t\t<div class=\"elementor-widget-container\">\n\t\t\t<div class=\"elementor-heading-title elementor-size-small\"><a href=\"\/huong-dan-trang-chu-dashboard\/\">Trang ch\u1ee7 - Dashboard<\/a><\/div>\t\t<\/div>\n\t\t\t\t<\/div>\n\t\t\t\t<div class=\"elementor-element elementor-element-f8b967b elementor-widget-divider--view-line elementor-widget elementor-widget-divider\" data-id=\"f8b967b\" data-element_type=\"widget\" data-widget_type=\"divider.default\">\n\t\t\t\t<div class=\"elementor-widget-container\">\n\t\t\t\t\t<div class=\"elementor-divider\">\n\t\t\t<span class=\"elementor-divider-separator\">\n\t\t\t\t\t\t<\/span>\n\t\t<\/div>\n\t\t\t\t<\/div>\n\t\t\t\t<\/div>\n\t\t\t\t<div class=\"elementor-element elementor-element-9933454 elementor-widget elementor-widget-heading\" data-id=\"9933454\" data-element_type=\"widget\" data-widget_type=\"heading.default\">\n\t\t\t\t<div class=\"elementor-widget-container\">\n\t\t\t<div class=\"elementor-heading-title elementor-size-small\"><a href=\"\/trien-khai-chien-dich\/\">H\u01b0\u1edbng d\u1eabn tri\u1ec3n khai<\/a><\/div>\t\t<\/div>\n\t\t\t\t<\/div>\n\t\t\t\t<div class=\"elementor-element elementor-element-87d95dc elementor-widget-divider--view-line elementor-widget elementor-widget-divider\" data-id=\"87d95dc\" data-element_type=\"widget\" data-widget_type=\"divider.default\">\n\t\t\t\t<div class=\"elementor-widget-container\">\n\t\t\t\t\t<div class=\"elementor-divider\">\n\t\t\t<span class=\"elementor-divider-separator\">\n\t\t\t\t\t\t<\/span>\n\t\t<\/div>\n\t\t\t\t<\/div>\n\t\t\t\t<\/div>\n\t\t\t\t<div class=\"elementor-element elementor-element-e6b893f elementor-widget elementor-widget-heading\" data-id=\"e6b893f\" data-element_type=\"widget\" data-widget_type=\"heading.default\">\n\t\t\t\t<div class=\"elementor-widget-container\">\n\t\t\t<div class=\"elementor-heading-title elementor-size-small\"><a href=\"\/trien-khai-chien-dich\/\">\u0110\u0103ng k\u00fd tri\u1ec3n khai<\/a><\/div>\t\t<\/div>\n\t\t\t\t<\/div>\n\t\t\t\t<div class=\"elementor-element elementor-element-5798ca6 elementor-widget elementor-widget-heading\" data-id=\"5798ca6\" data-element_type=\"widget\" data-widget_type=\"heading.default\">\n\t\t\t\t<div class=\"elementor-widget-container\">\n\t\t\t<div class=\"elementor-heading-title elementor-size-small\"><a href=\"\/huong-dan-tao-affiliate-link\/\">T\u1ea1o affiliate link<\/a><\/div>\t\t<\/div>\n\t\t\t\t<\/div>\n\t\t\t\t<div class=\"elementor-element elementor-element-f052ae8 elementor-widget elementor-widget-heading\" data-id=\"f052ae8\" data-element_type=\"widget\" data-widget_type=\"heading.default\">\n\t\t\t\t<div class=\"elementor-widget-container\">\n\t\t\t<div class=\"elementor-heading-title elementor-size-small\"><a href=\"\/huong-dan-su-dung-conversion-api-tai-dashboard-rentracks\/\">Conversion API<\/a><\/div>\t\t<\/div>\n\t\t\t\t<\/div>\n\t\t\t\t<div class=\"elementor-element elementor-element-b692b42 elementor-widget elementor-widget-heading\" data-id=\"b692b42\" data-element_type=\"widget\" data-widget_type=\"heading.default\">\n\t\t\t\t<div class=\"elementor-widget-container\">\n\t\t\t<div class=\"elementor-heading-title elementor-size-small\"><a href=\"\/bao-cao-toi-uu\/\">B\u00e1o c\u00e1o & T\u1ed1i \u01b0u<\/a><\/div>\t\t<\/div>\n\t\t\t\t<\/div>\n\t\t\t\t<div class=\"elementor-element elementor-element-08e3b89 elementor-widget elementor-widget-heading\" data-id=\"08e3b89\" data-element_type=\"widget\" data-widget_type=\"heading.default\">\n\t\t\t\t<div class=\"elementor-widget-container\">\n\t\t\t<div class=\"elementor-heading-title elementor-size-small\"><a href=\"\/lich-su-thanh-toan\/\">L\u1ecbch s\u1eed thanh to\u00e1n<\/a><\/div>\t\t<\/div>\n\t\t\t\t<\/div>\n\t\t\t\t<div class=\"elementor-element elementor-element-4be287e elementor-widget elementor-widget-heading\" data-id=\"4be287e\" data-element_type=\"widget\" data-widget_type=\"heading.default\">\n\t\t\t\t<div class=\"elementor-widget-container\">\n\t\t\t<div class=\"elementor-heading-title elementor-size-small\"><a href=\"\/rentracks-faqs\/\">FAQs<\/a><\/div>\t\t<\/div>\n\t\t\t\t<\/div>\n\t\t\t\t\t<\/div>\n\t\t<\/div>\n\t\t\t\t\t\t\t<\/div>\n\t\t<\/section>\n\t\t\t\t\t\t<\/div>\n\t\t<\/div>\n\t\t\t\t<\/div>\n\t\t\t\t<\/div>\n\t\t\t\t\t<\/div>\n\t\t<\/div>\n\t\t\t\t<div class=\"elementor-column elementor-col-50 elementor-top-column elementor-element elementor-element-7e437daa\" data-id=\"7e437daa\" data-element_type=\"column\" data-settings=\"{&quot;background_background&quot;:&quot;classic&quot;}\">\n\t\t\t<div class=\"elementor-widget-wrap elementor-element-populated\">\n\t\t\t\t\t\t\t\t<div class=\"elementor-element elementor-element-60b1d6ff elementor-widget elementor-widget-heading\" data-id=\"60b1d6ff\" data-element_type=\"widget\" data-widget_type=\"heading.default\">\n\t\t\t\t<div class=\"elementor-widget-container\">\n\t\t\t<h2 class=\"elementor-heading-title elementor-size-default\">H\u01b0\u1edbng d\u1eabn t\u1ea1o Affiliate Link<\/h2>\t\t<\/div>\n\t\t\t\t<\/div>\n\t\t\t\t<div class=\"elementor-element elementor-element-5831541 elementor-widget elementor-widget-spacer\" data-id=\"5831541\" data-element_type=\"widget\" data-widget_type=\"spacer.default\">\n\t\t\t\t<div class=\"elementor-widget-container\">\n\t\t\t\t\t<div class=\"elementor-spacer\">\n\t\t\t<div class=\"elementor-spacer-inner\"><\/div>\n\t\t<\/div>\n\t\t\t\t<\/div>\n\t\t\t\t<\/div>\n\t\t\t\t<div class=\"elementor-element elementor-element-70ef7fd1 elementor-widget elementor-widget-text-editor\" data-id=\"70ef7fd1\" data-element_type=\"widget\" data-widget_type=\"text-editor.default\">\n\t\t\t\t<div class=\"elementor-widget-container\">\n\t\t\t\t\t\t\t\t\t\t\t\t\t<\/div>\n\t\t\t\t<\/div>\n\t\t\t\t<div class=\"elementor-element elementor-element-110f5a6d elementor-widget elementor-widget-text-editor\" data-id=\"110f5a6d\" data-element_type=\"widget\" data-widget_type=\"text-editor.default\">\n\t\t\t\t<div class=\"elementor-widget-container\">\n\t\t\t\t\t\t\t<p>Publisher c\u00f3 th\u1ec3 s\u1eed d\u1ee5ng 2 lo\u1ea1i link ti\u1ebfp th\u1ecb li\u00ean k\u1ebft (Affiliate link) \u0111\u1ec3 tri\u1ec3n khai chi\u1ebfn d\u1ecbch ti\u1ebfp th\u00ec li\u00ean k\u1ebft c\u1ee7a Rentracks: Link code v\u00e0 Deeplink<\/p><ul><li><strong>Link code:<\/strong> l\u00e0 link ti\u1ebfp th\u1ecb li\u00ean k\u1ebft \u0111\u00e3 \u0111\u01b0\u1ee3c t\u1ea1o s\u1eb5n b\u1edfi Rentracks \u0111\u00e3 bao g\u1ed3m m\u00e3 tracking c\u1ee7a publisher, n\u1eb1m \u1edf m\u1ee5c &#8220;Danh s\u00e1ch chi\u1ebfn d\u1ecbch&#8221;, Publisher c\u00f3 th\u1ec3 ch\u1ecdn link code v\u00e0 tri\u1ec3n khai chi\u1ebfn d\u1ecbch nhanh ch\u00f3ng.<\/li><li><strong>Deeplink:<\/strong> l\u00e0 link ti\u1ebfp th\u1ecb li\u00ean k\u1ebft \u0111\u01b0\u1ee3c t\u1ea1o b\u1edfi Publisher bao g\u1ed3m m\u00e3 tracking c\u1ee7a Publisher v\u00e0 link trang \u0111\u00edch do publisher c\u1eadp nh\u1eadt. Publisher c\u00f3 th\u1ec3 l\u1ea5y link trang s\u1ea3n ph\u1ea9m, ch\u01b0\u01a1ng tr\u00ecnh \u01b0u \u0111\u00e3i&#8230; c\u1ee7a nh\u00e0 cung c\u1ea5p \u0111\u1ec3 t\u1ea1o Deeplink nh\u1eb1m \u0111i\u1ec1u h\u01b0\u1edbng ng\u01b0\u1eddi d\u00f9ng \u0111\u1ebfn \u0111\u00fang trang \u0111\u00edch m\u00e0 publisher mong mu\u1ed1n.\u00a0<\/li><\/ul><p>*** L\u01b0u \u00fd: Publisher c\u1ea7n ph\u1ea3i \u0111\u0103ng k\u00fd v\u00e0 \u0111\u01b0\u1ee3c duy\u1ec7t tri\u1ec3n khai chi\u1ebfn d\u1ecbch tr\u01b0\u1edbc khi th\u1ef1c hi\u1ec7n l\u1ea5y affiliate link.<\/p><h1>1. H\u01af\u1edaNG D\u1eaaN L\u1ea4Y LINK CODE<\/h1><p><b>B\u01b0\u1edbc 1: <\/b><span style=\"font-weight: 400;\">Truy c\u1eadp v\u00e0o m\u1ee5c <\/span><b>T\u1ea5t c\u1ea3 c\u00e1c nh\u00e0 cung c\u1ea5p <\/b><span style=\"font-weight: 400;\">tr\u00ean thanh menu ch\u00ednh v\u00e0 ch\u1ecdn nh\u00e0 cung c\u1ea5p m\u00e0 b\u1ea1n mu\u1ed1n tham gia ch\u1ea1y chi\u1ebfn d\u1ecbch.<\/span><\/p><p><b>B\u01b0\u1edbc 2: <\/b><span style=\"font-weight: 400;\">T\u1ea1i ph\u1ea7n th\u00f4ng tin chi\u1ebfn d\u1ecbch, b\u1ea1n s\u1ebd th\u1ea5y \u0111\u01b0\u1ee3c <\/span><b>Danh s\u00e1ch chi\u1ebfn d\u1ecbch<\/b><span style=\"font-weight: 400;\"> c\u1ee7a nh\u00e0 cung c\u1ea5p.<\/span><\/p><p><a href=\"https:\/\/rentracks.com.vn\/wp-content\/uploads\/2021\/10\/18.png\"><img fetchpriority=\"high\" decoding=\"async\" class=\"aligncenter size-full wp-image-4769\" src=\"https:\/\/rentracks.com.vn\/wp-content\/uploads\/2021\/10\/18.png\" alt=\"\" width=\"1920\" height=\"943\" srcset=\"https:\/\/rentracks.com.vn\/wp-content\/uploads\/2021\/10\/18.png 1920w, https:\/\/rentracks.com.vn\/wp-content\/uploads\/2021\/10\/18-300x147.png 300w, https:\/\/rentracks.com.vn\/wp-content\/uploads\/2021\/10\/18-1024x503.png 1024w, https:\/\/rentracks.com.vn\/wp-content\/uploads\/2021\/10\/18-768x377.png 768w, https:\/\/rentracks.com.vn\/wp-content\/uploads\/2021\/10\/18-1536x754.png 1536w\" sizes=\"(max-width: 1920px) 100vw, 1920px\" \/><\/a><\/p><p><b>B\u01b0\u1edbc 3:<\/b><span style=\"font-weight: 400;\"> Ch\u1ecdn chi\u1ebfn d\u1ecbch m\u00e0 b\u1ea1n mu\u1ed1n qu\u1ea3ng c\u00e1o v\u00e0 b\u1ea5m v\u00e0o \u00f4 <\/span><b>Ch\u1ecdn link code <\/b><span style=\"font-weight: 400;\">\u0111\u1ec3 sao ch\u00e9p link code. <\/span><\/p><p><a href=\"https:\/\/rentracks.com.vn\/wp-content\/uploads\/2021\/10\/19.png\"><img decoding=\"async\" class=\"aligncenter size-full wp-image-4771\" src=\"https:\/\/rentracks.com.vn\/wp-content\/uploads\/2021\/10\/19.png\" alt=\"\" width=\"1920\" height=\"939\" srcset=\"https:\/\/rentracks.com.vn\/wp-content\/uploads\/2021\/10\/19.png 1920w, https:\/\/rentracks.com.vn\/wp-content\/uploads\/2021\/10\/19-300x147.png 300w, https:\/\/rentracks.com.vn\/wp-content\/uploads\/2021\/10\/19-1024x501.png 1024w, https:\/\/rentracks.com.vn\/wp-content\/uploads\/2021\/10\/19-768x376.png 768w, https:\/\/rentracks.com.vn\/wp-content\/uploads\/2021\/10\/19-1536x751.png 1536w\" sizes=\"(max-width: 1920px) 100vw, 1920px\" \/><\/a><\/p><p><b>B\u01b0\u1edbc 4:<\/b><span style=\"font-weight: 400;\"> S\u1eed d\u1ee5ng link code v\u1eeba l\u1ea5y \u0111\u01b0\u1ee3c \u0111\u1ec3 qu\u1ea3ng c\u00e1o cho nh\u00e0 cung c\u1ea5p. B\u1ea1n c\u00f3 th\u1ec3 d\u00f9ng th\u00eam c\u00e1c ph\u1ea7n m\u1ec1m r\u00fat g\u1ecdn link tr\u01b0\u1edbc \u0111\u1ec3 thu\u1eadn ti\u1ec7n h\u01a1n khi s\u1eed d\u1ee5ng v\u00ed d\u1ee5: Bitly, Tinyurl, Buff.ly&#8230;\u00a0<\/span><\/p><h1>2. H\u01af\u1edaNG D\u1eaaN T\u1ea0O DEEPLINK<\/h1><p><b>Deeplink <\/b><span style=\"font-weight: 400;\">gi\u00fap publisher \u0111i\u1ec1u h\u01b0\u1edbng kh\u00e1ch h\u00e0ng \u0111\u1ebfn trang \u0111\u00edch theo \u00fd \u0111\u1ecbnh c\u1ee7a publisher nh\u1eb1m t\u1ed1i \u01b0u t\u1ef7 l\u1ec7 chuy\u1ec3n \u0111\u1ed5i. Th\u00f4ng qua t\u00ednh n\u0103ng Deeplink, publisher c\u00f3 th\u1ec3 d\u1eabn ng\u01b0\u1eddi d\u00f9ng \u0111\u1ebfn trang s\u1ea3n ph\u1ea9m, d\u1ecbch v\u1ee5 hay ch\u01b0\u01a1ng tr\u00ecnh \u01b0u \u0111\u00e3i c\u1ee7a nh\u00e0 cung c\u1ea5p.\u00a0<\/span><\/p><p><span style=\"font-weight: 400;\">C\u00e1c b\u01b0\u1edbc t\u1ea1o deeplink:\u00a0<\/span><\/p><p><b>B\u01b0\u1edbc 1: <\/b><span style=\"font-weight: 400;\">T\u1ea1i m\u1ee5c<\/span><b> T\u1ea5t c\u1ea3 nh\u00e0 cung c\u1ea5p<\/b><span style=\"font-weight: 400;\">, b\u1ea5m ch\u1ecdn nh\u00e0 cung c\u1ea5p m\u00e0 b\u1ea1n mu\u1ed1n<\/span><\/p><p><b>B\u01b0\u1edbc 2:<\/b><span style=\"font-weight: 400;\"> Giao di\u1ec7n hi\u1ec7n ra nh\u01b0 h\u00ecnh b\u00ean d\u01b0\u1edbi. B\u1ea5m ch\u1ecdn <\/span><b>Deeplink<\/b><\/p><p><a href=\"https:\/\/rentracks.com.vn\/wp-content\/uploads\/2021\/10\/20.png\"><img decoding=\"async\" class=\"aligncenter size-full wp-image-4776\" src=\"https:\/\/rentracks.com.vn\/wp-content\/uploads\/2021\/10\/20.png\" alt=\"\" width=\"1920\" height=\"943\" srcset=\"https:\/\/rentracks.com.vn\/wp-content\/uploads\/2021\/10\/20.png 1920w, https:\/\/rentracks.com.vn\/wp-content\/uploads\/2021\/10\/20-300x147.png 300w, https:\/\/rentracks.com.vn\/wp-content\/uploads\/2021\/10\/20-1024x503.png 1024w, https:\/\/rentracks.com.vn\/wp-content\/uploads\/2021\/10\/20-768x377.png 768w, https:\/\/rentracks.com.vn\/wp-content\/uploads\/2021\/10\/20-1536x754.png 1536w\" sizes=\"(max-width: 1920px) 100vw, 1920px\" \/><\/a><\/p><p><b>B\u01b0\u1edbc 3:<\/b><span style=\"font-weight: 400;\">\u00a0 L\u1ea5y link m\u1ed9t trang \u0111\u00edch b\u1ea5t k\u1ef3 c\u1ee7a nh\u00e0 cung c\u1ea5p, sau \u0111\u00f3 d\u00e1n v\u00e0o \u00f4 <\/span><b>Link s\u1ea3n ph\u1ea9m<\/b><span style=\"font-weight: 400;\"> v\u00e0 b\u1ea5m <\/span><b>T\u1ea1o.\u00a0<\/b><\/p><p><span style=\"font-weight: 400;\">\u0110\u1eb7c bi\u1ec7t \u0111\u1ed1i v\u1edbi nh\u00e0 cung \u1ee9ng Lazada v\u00e0 Shopee, publisher c\u00f3 th\u1ec3 b\u1ea5m \u00f4<\/span><b> \u201cT\u00ecm ki\u1ebfm s\u1ea3n ph\u1ea9m&#8221; <\/b><span style=\"font-weight: 400;\">\u0111\u1ec3 t\u00ecm ki\u1ebfm c\u00e1c s\u1ea3n ph\u1ea9m \u0111ang \u00e1p d\u1ee5ng hoa h\u1ed3ng th\u01b0\u1edfng (n\u1ebfu c\u00f3) \u0111\u1ec3 t\u1ea1o deeplink nh\u1eb1m t\u1ed1i \u0111a m\u1ee9c hoa h\u1ed3ng.<\/span><\/p><p><a href=\"https:\/\/rentracks.com.vn\/wp-content\/uploads\/2021\/10\/22-1.png\"><img loading=\"lazy\" decoding=\"async\" class=\"aligncenter size-full wp-image-5155\" src=\"https:\/\/rentracks.com.vn\/wp-content\/uploads\/2021\/10\/22-1.png\" alt=\"\" width=\"1920\" height=\"938\" srcset=\"https:\/\/rentracks.com.vn\/wp-content\/uploads\/2021\/10\/22-1.png 1920w, https:\/\/rentracks.com.vn\/wp-content\/uploads\/2021\/10\/22-1-300x147.png 300w, https:\/\/rentracks.com.vn\/wp-content\/uploads\/2021\/10\/22-1-1024x500.png 1024w, https:\/\/rentracks.com.vn\/wp-content\/uploads\/2021\/10\/22-1-768x375.png 768w, https:\/\/rentracks.com.vn\/wp-content\/uploads\/2021\/10\/22-1-1536x750.png 1536w\" sizes=\"(max-width: 1920px) 100vw, 1920px\" \/><\/a><\/p><p><span style=\"font-weight: 400;\">B\u01b0\u1edbc 4: Sau khi t\u1ea1o link th\u00e0nh c\u00f4ng, ch\u1ecdn n\u00fat <\/span><b>Copy <\/b><span style=\"font-weight: 400;\">\u0111\u1ec3 l\u1ea5y deeplink v\u00e0 ti\u1ebfn h\u00e0nh qu\u1ea3ng c\u00e1o link. S\u1eed d\u1ee5ng c\u00f4ng c\u1ee5 r\u00fat g\u1ecdn link nh\u01b0<\/span> <span style=\"font-weight: 400;\">Bitly, Tinyurl, Buff.ly\u2026 \u0111\u1ec3 r\u00fat g\u1ecdn deeplink&#8230;<\/span><\/p><p><a href=\"https:\/\/rentracks.com.vn\/wp-content\/uploads\/2021\/10\/21.png\"><img loading=\"lazy\" decoding=\"async\" class=\"aligncenter size-full wp-image-4778\" src=\"https:\/\/rentracks.com.vn\/wp-content\/uploads\/2021\/10\/21.png\" alt=\"\" width=\"1920\" height=\"940\" srcset=\"https:\/\/rentracks.com.vn\/wp-content\/uploads\/2021\/10\/21.png 1920w, https:\/\/rentracks.com.vn\/wp-content\/uploads\/2021\/10\/21-300x147.png 300w, https:\/\/rentracks.com.vn\/wp-content\/uploads\/2021\/10\/21-1024x501.png 1024w, https:\/\/rentracks.com.vn\/wp-content\/uploads\/2021\/10\/21-768x376.png 768w, https:\/\/rentracks.com.vn\/wp-content\/uploads\/2021\/10\/21-1536x752.png 1536w\" sizes=\"(max-width: 1920px) 100vw, 1920px\" \/><\/a><\/p><p><span style=\"font-weight: 400;\">L\u01b0u \u00fd: Kh\u00f4ng s\u1eed d\u1ee5ng t\u00ednh n\u0103ng t\u1ea1o Deeplink \u0111\u1ed1i v\u1edbi c\u00e1c chi\u1ebfn d\u1ecbch t\u1ea3i \u1ee9ng d\u1ee5ng.\u00a0<\/span><\/p>\t\t\t\t\t\t<\/div>\n\t\t\t\t<\/div>\n\t\t\t\t\t<\/div>\n\t\t<\/div>\n\t\t\t\t\t\t\t<\/div>\n\t\t<\/section>\n\t\t\t\t\t\t\t<\/div>\n\t\t","protected":false},"excerpt":{"rendered":"<p>H\u01af\u1edaNG D\u1eaaN TRI\u1ec2N KHAI (Nh\u00e0 ph\u00e2n ph\u1ed1i \/ Publisher) H\u01b0\u1edbng d\u1eabn t\u1ea1o Affiliate Link Publisher c\u00f3 th\u1ec3 s\u1eed d\u1ee5ng 2 lo\u1ea1i link ti\u1ebfp th\u1ecb li\u00ean&hellip;&nbsp;<a href=\"https:\/\/rentracks.com.vn\/en\/huong-dan-tao-affiliate-link-nhanh-chong-don-gian\/\" class=\"\" rel=\"bookmark\">Read More &raquo;<span class=\"screen-reader-text\">H\u01b0\u1edbng d\u1eabn t\u1ea1o Affiliate link<\/span><\/a><\/p>\n","protected":false},"author":1,"featured_media":7980,"parent":0,"menu_order":0,"comment_status":"closed","ping_status":"closed","template":"","meta":{"_themeisle_gutenberg_block_has_review":false,"footnotes":""},"class_list":["post-1064","page","type-page","status-publish","has-post-thumbnail","hentry"],"_links":{"self":[{"href":"https:\/\/rentracks.com.vn\/en\/wp-json\/wp\/v2\/pages\/1064"}],"collection":[{"href":"https:\/\/rentracks.com.vn\/en\/wp-json\/wp\/v2\/pages"}],"about":[{"href":"https:\/\/rentracks.com.vn\/en\/wp-json\/wp\/v2\/types\/page"}],"author":[{"embeddable":true,"href":"https:\/\/rentracks.com.vn\/en\/wp-json\/wp\/v2\/users\/1"}],"replies":[{"embeddable":true,"href":"https:\/\/rentracks.com.vn\/en\/wp-json\/wp\/v2\/comments?post=1064"}],"version-history":[{"count":3,"href":"https:\/\/rentracks.com.vn\/en\/wp-json\/wp\/v2\/pages\/1064\/revisions"}],"predecessor-version":[{"id":12283,"href":"https:\/\/rentracks.com.vn\/en\/wp-json\/wp\/v2\/pages\/1064\/revisions\/12283"}],"wp:featuredmedia":[{"embeddable":true,"href":"https:\/\/rentracks.com.vn\/en\/wp-json\/wp\/v2\/media\/7980"}],"wp:attachment":[{"href":"https:\/\/rentracks.com.vn\/en\/wp-json\/wp\/v2\/media?parent=1064"}],"curies":[{"name":"wp","href":"https:\/\/api.w.org\/{rel}","templated":true}]}}